{"id":2668,"date":"2025-04-11T15:36:09","date_gmt":"2025-04-11T07:36:09","guid":{"rendered":"https:\/\/www.chinanhd.com\/?post_type=product&#038;p=2668"},"modified":"2025-12-18T16:44:17","modified_gmt":"2025-12-18T08:44:17","slug":"filtertuch","status":"publish","type":"product","link":"https:\/\/www.chinanhd.com\/de\/product\/filtertuch\/","title":{"rendered":"Filtertuch"},"content":{"rendered":"<p>Jiangsu Lvde New Materials Co., Ltd, eine hundertprozentige Tochtergesellschaft der Jiangsu New Hongda Group, ist ein Unternehmen, das Forschung und Entwicklung, Design, Produktion und Vertrieb von Hightech-Filtrationsmaterialien integriert. Lvde legt stets Wert auf die Investition in fortschrittliche Produktionsanlagen und f\u00fchrt eine Produktionsst\u00e4tte ein, die den h\u00f6chsten Standards der Branche entspricht, um die gesamte Produktions- und Betriebseffizienz sowie die Produktqualit\u00e4t kontinuierlich zu verbessern. Im Jahr 2023 wurde Lvde von der China Machinery Industry Association (CMIA) eingeladen, an der \u00dcberarbeitung des Standards f\u00fcr \"Plattenfilterpressen und Platten- und Rahmenfilterpressen - Gewebte Filtert\u00fccher\" mitzuwirken und wurde zur leitenden Einheit.<\/p>\n<p>&nbsp;<\/p>\n<p><span style=\"font-size: 14pt;\"><strong>Anwendungen:<\/strong><\/span><\/p>\n<p>LVDE -Produkte sind ideale Materialien f\u00fcr den Prozess der Filtration und Pressefiltration, die in einer Vielzahl von Branchen verwendet werden, darunter Erz -Wohltat, Kohlew\u00e4sche, Chemikalie, Pharma, Lebensmittel und andere Branchen.<\/p>\n<p>&nbsp;<\/p>\n<p><span style=\"font-size: 14pt;\"><strong>Wettbewerbsvorteil:<\/strong><\/span><\/p>\n<p>Lvde kombiniert seine Produktionstechnologie mit der Erfahrung von NHD bei der Herstellung von Filtern und den tats\u00e4chlichen Bed\u00fcrfnissen der Anwender. Die T\u00fccher eignen sich f\u00fcr kontinuierliche Maschinen und zeichnen sich durch einfache Reinigung, gute Dimensionsstabilit\u00e4t, hohe Produktionseffizienz und lange Lebensdauer aus. Insbesondere die von Lvde hergestellten vertikalen Filterpressent\u00fccher zeichnen sich durch kompakte Gewebeorganisation, flache Oberfl\u00e4che, schnellen Kuchenaustrag, geringe Verstopfungsm\u00f6glichkeit, hohe Festigkeit, hohe Stabilit\u00e4t, starke Regenerationsf\u00e4higkeit des Filtertuchs usw. aus. Der Gebrauchseffekt kann mit importierten Filtert\u00fcchern vergleichbar sein.<\/p>","protected":false},"excerpt":{"rendered":"<p>Jiangsu Lvde New Materials Co., Ltd, a wholly-owned subsidiary of Jiangsu New Hongda Group, is an enterprise integrating R&amp;D, design, production and sales of high-tech filtration materials. Lvde always attaches importance to the investment of advanced production equipment and introduces the production facility that meets the highest standards in the industry, in order to continuously [&hellip;]<\/p>\n","protected":false},"featured_media":3016,"comment_status":"open","ping_status":"closed","template":"","meta":[],"product_brand":[],"product_cat":[33],"product_tag":[],"class_list":{"0":"post-2668","1":"product","2":"type-product","3":"status-publish","4":"has-post-thumbnail","6":"product_cat-filter-cloth-series","8":"first","9":"instock","10":"shipping-taxable","11":"product-type-simple"},"_links":{"self":[{"href":"https:\/\/www.chinanhd.com\/de\/wp-json\/wp\/v2\/product\/2668","targetHints":{"allow":["GET"]}}],"collection":[{"href":"https:\/\/www.chinanhd.com\/de\/wp-json\/wp\/v2\/product"}],"about":[{"href":"https:\/\/www.chinanhd.com\/de\/wp-json\/wp\/v2\/types\/product"}],"replies":[{"embeddable":true,"href":"https:\/\/www.chinanhd.com\/de\/wp-json\/wp\/v2\/comments?post=2668"}],"wp:featuredmedia":[{"embeddable":true,"href":"https:\/\/www.chinanhd.com\/de\/wp-json\/wp\/v2\/media\/3016"}],"wp:attachment":[{"href":"https:\/\/www.chinanhd.com\/de\/wp-json\/wp\/v2\/media?parent=2668"}],"wp:term":[{"taxonomy":"product_brand","embeddable":true,"href":"https:\/\/www.chinanhd.com\/de\/wp-json\/wp\/v2\/product_brand?post=2668"},{"taxonomy":"product_cat","embeddable":true,"href":"https:\/\/www.chinanhd.com\/de\/wp-json\/wp\/v2\/product_cat?post=2668"},{"taxonomy":"product_tag","embeddable":true,"href":"https:\/\/www.chinanhd.com\/de\/wp-json\/wp\/v2\/product_tag?post=2668"}],"curies":[{"name":"WP","href":"https:\/\/api.w.org\/{rel}","templated":true}]}}