{"id":2678,"date":"2025-04-11T15:40:19","date_gmt":"2025-04-11T07:40:19","guid":{"rendered":"https:\/\/www.chinanhd.com\/?post_type=product&#038;p=2678"},"modified":"2025-12-18T16:44:17","modified_gmt":"2025-12-18T08:44:17","slug":"eindicker-zum-absetzen-und-trennen","status":"publish","type":"product","link":"https:\/\/www.chinanhd.com\/de\/product\/eindicker-zum-absetzen-und-trennen\/","title":{"rendered":"Verdickungsmittel"},"content":{"rendered":"<p>Ein Verdicker ist die Schwerkraftsedimentationsger\u00e4te, um die fl\u00fcssige Mischung aus homogener Phase zu trennen.<\/p>\n<p>&nbsp;<\/p>\n<p><span style=\"font-size: 14pt;\"><strong>Anwendungen:<\/strong><\/span><\/p>\n<p>NHD-Verdicker finden umfangreiche Anwendungen in mehreren Branchen, einschlie\u00dflich Phosphorchemikalien, Nichteisenmetallurgie, Aluminiumoxidproduktion, Metallverarbeitung, Kohlebereitung, Papierherstellung, Abwasserbehandlung und Kraftwerksentschwefelung usw.<\/p>\n<p><strong>\u00a0<\/strong><\/p>\n<p><span style=\"font-size: 14pt;\"><strong>Wettbewerbsvorteil:<\/strong><\/span><\/p>\n<p><strong>Exzellenzleistung:<\/strong><\/p>\n<p>Die Kapazit\u00e4t des Tiefkonenverdickers der NHD-Serie ist das 15-fache eines g\u00e4ngigen Verdickers, w\u00e4hrend seine Unterstr\u00f6mungsdruckf\u00e4higkeit fast das 10-fache h\u00f6her ist. Seine rationale strukturelle Konstruktion minimiert die Zerst\u00f6rung von flokkulierten Massen w\u00e4hrend der Verd\u00fcnnung und F\u00fctterung.<\/p>\n<p>&nbsp;<\/p>\n<p><strong>Super Ausgangsdrehmoment:<\/strong><\/p>\n<p>Drive ist ein wichtiger Teil f\u00fcr alle Arten von Verdickungsmitteln.<\/p>\n<p>&nbsp;<\/p>\n<p><strong>Erweitertes \u00dcberwachungssystem:<\/strong><\/p>\n<p>NHD-serieller Verdickungsmittel zusammen mit DCs kann das Material in der Omni-Richtung \u00fcberwachen, die verwandte Ger\u00e4te und Prozessdaten integriert, um automatisch zu steuern.<\/p>","protected":false},"excerpt":{"rendered":"<p>Thickener is gravity sedimentation\u00a0equipment to separate liquid-solid mixture of homogeneous phase. It is extensively used in industries, such as thickener applied in mineral processing plant, separating fine mineral from water, thickener applied in chloride- alkali plant to separate salt mud, thickener applied in waste water processing plant, and wet process phosphorus aced etc. The thickener [&hellip;]<\/p>\n","protected":false},"featured_media":2679,"comment_status":"open","ping_status":"closed","template":"","meta":[],"product_brand":[],"product_cat":[28],"product_tag":[],"class_list":{"0":"post-2678","1":"product","2":"type-product","3":"status-publish","4":"has-post-thumbnail","6":"product_cat-agitatorthickener-series","8":"first","9":"instock","10":"shipping-taxable","11":"product-type-simple"},"_links":{"self":[{"href":"https:\/\/www.chinanhd.com\/de\/wp-json\/wp\/v2\/product\/2678","targetHints":{"allow":["GET"]}}],"collection":[{"href":"https:\/\/www.chinanhd.com\/de\/wp-json\/wp\/v2\/product"}],"about":[{"href":"https:\/\/www.chinanhd.com\/de\/wp-json\/wp\/v2\/types\/product"}],"replies":[{"embeddable":true,"href":"https:\/\/www.chinanhd.com\/de\/wp-json\/wp\/v2\/comments?post=2678"}],"wp:featuredmedia":[{"embeddable":true,"href":"https:\/\/www.chinanhd.com\/de\/wp-json\/wp\/v2\/media\/2679"}],"wp:attachment":[{"href":"https:\/\/www.chinanhd.com\/de\/wp-json\/wp\/v2\/media?parent=2678"}],"wp:term":[{"taxonomy":"product_brand","embeddable":true,"href":"https:\/\/www.chinanhd.com\/de\/wp-json\/wp\/v2\/product_brand?post=2678"},{"taxonomy":"product_cat","embeddable":true,"href":"https:\/\/www.chinanhd.com\/de\/wp-json\/wp\/v2\/product_cat?post=2678"},{"taxonomy":"product_tag","embeddable":true,"href":"https:\/\/www.chinanhd.com\/de\/wp-json\/wp\/v2\/product_tag?post=2678"}],"curies":[{"name":"WP","href":"https:\/\/api.w.org\/{rel}","templated":true}]}}