{"id":2685,"date":"2025-04-11T15:52:14","date_gmt":"2025-04-11T07:52:14","guid":{"rendered":"https:\/\/www.chinanhd.com\/?post_type=product&#038;p=2685"},"modified":"2025-12-18T16:44:17","modified_gmt":"2025-12-18T08:44:17","slug":"automatik-laubfilter","status":"publish","type":"product","link":"https:\/\/www.chinanhd.com\/de\/product\/automatik-laubfilter\/","title":{"rendered":"Automatischer Blattfilter"},"content":{"rendered":"<p>Der NHD-Blattfilter besteht haupts\u00e4chlich aus einem Beh\u00e4lter, einem Kopf, einem Filterelement, einem Fl\u00fcssigkeitssammelrohr, einem Hochbeh\u00e4lter, einem Druckentlastungstopf und einer hydraulischen Schnell\u00f6ffnungsvorrichtung usw. Das Filterelement besteht aus Kunststoffgittern, die mit einem Lochblech aus Edelstahl ummantelt sind, und ist mit einem Fl\u00fcssigkeitsauffangrohr ausgestattet.<\/p>\n<p>W\u00e4hrend der Filtration wird die Aufschl\u00e4mmung in das Gef\u00e4\u00df gepumpt, wobei der feste in grobe Aufschl\u00e4mmung auf der Oberfl\u00e4che des Stoffes getrennt ist und Kuchen bildet.<\/p>\n<p>&nbsp;<\/p>\n<p><span style=\"font-size: 14pt;\"><strong>Anwendungen:<\/strong><\/span><\/p>\n<p>Der Blattfilter kann in Industrien von Chemikalie, Erd\u00f6l, Farbe, Nahrung und Pharmazeutika usw. weit verbreitet sein.<\/p>\n<p>&nbsp;<\/p>\n<p><span style=\"font-size: 14pt;\"><strong>Wettbewerbsvorteil:<\/strong><\/span><\/p>\n<ul>\n<li>Automatische Laufen, niedrige Arbeitskraft, einfache Betrieb;<\/li>\n<li>Laufen in vollem Gehege, langes Stoffleben, ohne Leckage und Umweltverschmutzung:<\/li>\n<li>Hocheffiziente Selbstverpackung, R\u00fccksp\u00fclkuchenentladung, Stoffwiederherstellung ohne Wasserverbrauch und Verringerung der Verdunstungsbelastung effektiv;<\/li>\n<li>SPS mit Touchscreen, zuverl\u00e4ssiger Steuerung;<\/li>\n<li>Eindeutiger Dreifachdruck\u00fcberlastung im Filter, um absolut sicher zu gew\u00e4hrleisten.<\/li>\n<li>Hydraulisch schnell offenes Ger\u00e4t: leicht zu \u00f6ffnener Kopf;<\/li>\n<li>Hochkonzentrationsschlamm: Der Filterkuchen setzt sich am Boden des Gef\u00e4\u00dfes nach dem Stoff und wird im n\u00e4chsten Zyklus mit langer Absetzzeit entlassen:<\/li>\n<li>Isolationsventile sind ausgestattet, um einzelne Elemente sofort zu isolieren, wenn abnormal auftritt; zuverl\u00e4ssige spezielle pneumatische Klappen mit guter dynamischer und langer Lebensdauer:<\/li>\n<li>Die Verwendung von Polymerfilterelementen verbessert die Filtrationspr\u00e4zision<\/li>\n<\/ul>","protected":false},"excerpt":{"rendered":"<p>NHD leaf filter mainly consists of vessel, head, filter element, liquid collecting manifold, high level tank, pressure relief pot and hydraulic fast open device etc. The filter element is made of plastic grids wrapped by stainless steel perforated plate, which is installed with collecting liquid tube. During filtration, slurry is pumped into vessel, suspending \u00a0solid [&hellip;]<\/p>\n","protected":false},"featured_media":2687,"comment_status":"open","ping_status":"closed","template":"","meta":[],"product_brand":[],"product_cat":[15],"product_tag":[],"class_list":{"0":"post-2685","1":"product","2":"type-product","3":"status-publish","4":"has-post-thumbnail","6":"product_cat-filter-series","8":"first","9":"instock","10":"shipping-taxable","11":"product-type-simple"},"_links":{"self":[{"href":"https:\/\/www.chinanhd.com\/de\/wp-json\/wp\/v2\/product\/2685","targetHints":{"allow":["GET"]}}],"collection":[{"href":"https:\/\/www.chinanhd.com\/de\/wp-json\/wp\/v2\/product"}],"about":[{"href":"https:\/\/www.chinanhd.com\/de\/wp-json\/wp\/v2\/types\/product"}],"replies":[{"embeddable":true,"href":"https:\/\/www.chinanhd.com\/de\/wp-json\/wp\/v2\/comments?post=2685"}],"wp:featuredmedia":[{"embeddable":true,"href":"https:\/\/www.chinanhd.com\/de\/wp-json\/wp\/v2\/media\/2687"}],"wp:attachment":[{"href":"https:\/\/www.chinanhd.com\/de\/wp-json\/wp\/v2\/media?parent=2685"}],"wp:term":[{"taxonomy":"product_brand","embeddable":true,"href":"https:\/\/www.chinanhd.com\/de\/wp-json\/wp\/v2\/product_brand?post=2685"},{"taxonomy":"product_cat","embeddable":true,"href":"https:\/\/www.chinanhd.com\/de\/wp-json\/wp\/v2\/product_cat?post=2685"},{"taxonomy":"product_tag","embeddable":true,"href":"https:\/\/www.chinanhd.com\/de\/wp-json\/wp\/v2\/product_tag?post=2685"}],"curies":[{"name":"WP","href":"https:\/\/api.w.org\/{rel}","templated":true}]}}