{"id":2850,"date":"2025-04-29T15:34:48","date_gmt":"2025-04-29T07:34:48","guid":{"rendered":"https:\/\/www.chinanhd.com\/?post_type=product&#038;p=2850"},"modified":"2025-12-18T16:44:17","modified_gmt":"2025-12-18T08:44:17","slug":"becoflex-rotationsburstenschrubber","status":"publish","type":"product","link":"https:\/\/www.chinanhd.com\/de\/product\/becoflex-rotationsburstenschrubber\/","title":{"rendered":"BECOFLEX Rotationsb\u00fcrsten-Scrubber"},"content":{"rendered":"<p>Das Funktionsprinzip des BECOFLEX Rotationsb\u00fcrstenw\u00e4schers ist eine benetzte Faserb\u00fcrste, die sich in einem speziellen Spiralventilatorgeh\u00e4use mit hoher Geschwindigkeit dreht und so einen extrem dynamischen Gaskontakt erzeugt. Die Partikel im verschmutzten Abgasstrom werden durch den von der rotierenden B\u00fcrste erzeugten Sog in das Ger\u00e4t gesaugt, prallen mit hoher Geschwindigkeit auf die sich drehenden B\u00fcrstenfasern und werden gr\u00fcndlich benetzt. In der Folge werden die Partikel durch die Zentrifugalkraft abgewaschen und prallen auf die befeuchtete Innenfl\u00e4che der Spirale. Der so entstandene Schlamm wird dann entlang des Bodens des Austrittskanals zum Abscheidegef\u00e4\u00df bef\u00f6rdert, wo er durch die Schwerkraft auf den Boden f\u00e4llt und entnommen oder zur\u00fcckgef\u00fchrt wird. Das gereinigte (nasse) Gas str\u00f6mt unterdessen aus dem Kanal nach oben in das Ausr\u00fcckgef\u00e4\u00df und zum oberen Gasausgang.<\/p>\n<p>In der Regel wird ein \"Becofil\"-Demister eingebaut, um mitgerissene Fl\u00fcssigkeitstr\u00f6pfchen zu entfernen.<\/p>\n<p>&nbsp;<\/p>\n<p><strong>Anwendungen:<\/strong><\/p>\n<p>Zur Entfernung von Feststoffen (grob oder fein), zur Beseitigung von Fl\u00fcssigkeitspartikeln (Aerosole oder Tr\u00f6pfchen) oder zur Reinigung von sch\u00e4dlichen Gasen, die in industriellen Gasstr\u00f6men vorhanden sind.<\/p>\n<p>&nbsp;<\/p>\n<p><strong>Wettbewerbsvorteil:<\/strong><\/p>\n<ul>\n<li>Der BECOFLEX Rotationsb\u00fcrstenw\u00e4scher ist ein selbstreinigender Nassgasw\u00e4scher, bei dem Gas oder Luft auf rotierende B\u00fcrsten trifft und nur eine geringe Menge Fl\u00fcssigkeit verspr\u00fcht wird. Diese dynamische Rotation gew\u00e4hrleistet einen ausgezeichneten Kontakt zwischen Gas und Fl\u00fcssigkeit, und die Struktur der Anlage ist sehr kompakt.<\/li>\n<li>Im Vergleich zu herk\u00f6mmlichen F\u00fcllk\u00f6rpert\u00fcrmen oder Nasszyklonabscheidern ben\u00f6tigt er weniger Reinigungsfl\u00fcssigkeit zur Entfernung von Feststoffpartikeln.<\/li>\n<li>F\u00fcr die Gasw\u00e4sche k\u00f6nnen Wasser oder chemische L\u00f6sungen verwendet werden, um die Geruchsemissionen zu kontrollieren.<\/li>\n<li>Die anschlie\u00dfende zweite Stufe kann mit Packungen oder anderen Vorrichtungen zur Entnebelung oder Gasabsorption ausgestattet werden (die B\u00fcrsten der ersten Stufe haben die Gefahr von Feststoffverstopfungen bereits beseitigt).<\/li>\n<li>Er verf\u00fcgt \u00fcber eine eigene Gebl\u00e4sefunktion, da der von den B\u00fcrsten erzeugte Sog viel gr\u00f6\u00dfer ist als sein eigener Druckverlust. Dies bedeutet, dass die Kunden keine zus\u00e4tzlichen Ventilatoren kaufen m\u00fcssen und dass er leicht in die bestehenden Prozesslinien des Kunden integriert werden kann, was die \u00c4nderung der Gasreinigung sehr bequem macht.<\/li>\n<li>Er kann vor den Demistern als Vorfilter installiert werden, um feste Partikel zu entfernen und die Demister zu sch\u00fctzen.<\/li>\n<\/ul>","protected":false},"excerpt":{"rendered":"<p>Der BECOFLEX Rotationsb\u00fcrstenw\u00e4scher ist ein universelles, integriertes W\u00e4schersystem zur Entfernung von Feststoffen (grob oder fein), zur Beseitigung von fl\u00fcssigen Partikeln (Aerosole oder Tr\u00f6pfchen) oder zur Reinigung von sch\u00e4dlichen Gasen, die in industriellen Gasstr\u00f6men vorhanden sind.<\/p>","protected":false},"featured_media":2851,"comment_status":"open","ping_status":"closed","template":"","meta":[],"product_brand":[],"product_cat":[31],"product_tag":[],"class_list":{"0":"post-2850","1":"product","2":"type-product","3":"status-publish","4":"has-post-thumbnail","6":"product_cat-desulfurization-equipment-series","8":"first","9":"instock","10":"shipping-taxable","11":"product-type-simple"},"_links":{"self":[{"href":"https:\/\/www.chinanhd.com\/de\/wp-json\/wp\/v2\/product\/2850","targetHints":{"allow":["GET"]}}],"collection":[{"href":"https:\/\/www.chinanhd.com\/de\/wp-json\/wp\/v2\/product"}],"about":[{"href":"https:\/\/www.chinanhd.com\/de\/wp-json\/wp\/v2\/types\/product"}],"replies":[{"embeddable":true,"href":"https:\/\/www.chinanhd.com\/de\/wp-json\/wp\/v2\/comments?post=2850"}],"wp:featuredmedia":[{"embeddable":true,"href":"https:\/\/www.chinanhd.com\/de\/wp-json\/wp\/v2\/media\/2851"}],"wp:attachment":[{"href":"https:\/\/www.chinanhd.com\/de\/wp-json\/wp\/v2\/media?parent=2850"}],"wp:term":[{"taxonomy":"product_brand","embeddable":true,"href":"https:\/\/www.chinanhd.com\/de\/wp-json\/wp\/v2\/product_brand?post=2850"},{"taxonomy":"product_cat","embeddable":true,"href":"https:\/\/www.chinanhd.com\/de\/wp-json\/wp\/v2\/product_cat?post=2850"},{"taxonomy":"product_tag","embeddable":true,"href":"https:\/\/www.chinanhd.com\/de\/wp-json\/wp\/v2\/product_tag?post=2850"}],"curies":[{"name":"WP","href":"https:\/\/api.w.org\/{rel}","templated":true}]}}