{"id":2864,"date":"2025-04-29T15:56:18","date_gmt":"2025-04-29T07:56:18","guid":{"rendered":"https:\/\/www.chinanhd.com\/?post_type=product&#038;p=2864"},"modified":"2025-12-18T16:44:17","modified_gmt":"2025-12-18T08:44:17","slug":"carbon-fibre-candle-filter","status":"publish","type":"product","link":"https:\/\/www.chinanhd.com\/de\/product\/carbon-fibre-candle-filter\/","title":{"rendered":"Carbon Fiber Kerzenfilter"},"content":{"rendered":"<p>In den Schwefels\u00e4ureanlagen der H\u00fctten werden in den Absorptionst\u00fcrmen meist Glasfaserkerzenfilter eingesetzt. Allerdings sind die Erzqualit\u00e4t und die Chemikalien in der Regel von H\u00fctte zu H\u00fctte unterschiedlich. Bei einigen Schmelzh\u00fctten enth\u00e4lt das Abgas aufgrund des Erzes viel Fluor. Das vorhandene HF f\u00fchrt zu Korrosion der Glasfasern und verk\u00fcrzt die Lebensdauer des Kerzenfilters. Dieses Problem hat einigen H\u00fctten viel Kopfzerbrechen bereitet.<\/p>\n<p>Carbon Fiber Kerzenfilter bieten l\u00e4ngere Lebensdauer und hohe Effizienz f\u00fcr die Gasemissionskontrolle f\u00fcr Off-Gas-S\u00e4ureanlage mit HF anwesend. Es ist der HF-L\u00f6sungsexpert. z<\/p>\n<p>&nbsp;<\/p>\n<p><strong>Anwendungen:<\/strong><\/p>\n<p>Rauchgasentschwefelung und Emissionskontrolle in der Kupfer-, Zink-, Blei-, Pyritverh\u00fcttung und anderen Nichteisenmetallurgie-\/Chemieindustrien.<\/p>\n<p>&nbsp;<\/p>\n<p><strong>Wettbewerbsvorteil:<\/strong><\/p>\n<ul>\n<li>Hervorragende Korrosionsbest\u00e4ndigkeit gegen\u00fcber Flusss\u00e4ure, besser als bei Glasfasern<\/li>\n<li>Langzeitbest\u00e4ndigkeit in stark fluorhaltigen Schmelz\u00f6fen\/chemischen Gasen<\/li>\n<li>Ma\u00dfgeschneidert f\u00fcr Kupfer-\/Zink-\/Bleischmelzen und Schwefels\u00e4ureanlagen<\/li>\n<\/ul>","protected":false},"excerpt":{"rendered":"<p>Der neu entwickelte Kohlefaserfilter bietet die beste L\u00f6sung f\u00fcr Schmelzanlagen wie Kupfer-, Zink-, Blei-, Pyrit- und andere Nichteisenschmelzanlagen sowie f\u00fcr die chemische Industrie mit HF-Anteil. New Hongda f\u00fchrt die Kohlefaser ein und f\u00f6rdert ihre Anwendung in China.<\/p>","protected":false},"featured_media":2865,"comment_status":"open","ping_status":"closed","template":"","meta":[],"product_brand":[],"product_cat":[31],"product_tag":[],"class_list":{"0":"post-2864","1":"product","2":"type-product","3":"status-publish","4":"has-post-thumbnail","6":"product_cat-desulfurization-equipment-series","8":"first","9":"instock","10":"shipping-taxable","11":"product-type-simple"},"_links":{"self":[{"href":"https:\/\/www.chinanhd.com\/de\/wp-json\/wp\/v2\/product\/2864","targetHints":{"allow":["GET"]}}],"collection":[{"href":"https:\/\/www.chinanhd.com\/de\/wp-json\/wp\/v2\/product"}],"about":[{"href":"https:\/\/www.chinanhd.com\/de\/wp-json\/wp\/v2\/types\/product"}],"replies":[{"embeddable":true,"href":"https:\/\/www.chinanhd.com\/de\/wp-json\/wp\/v2\/comments?post=2864"}],"wp:featuredmedia":[{"embeddable":true,"href":"https:\/\/www.chinanhd.com\/de\/wp-json\/wp\/v2\/media\/2865"}],"wp:attachment":[{"href":"https:\/\/www.chinanhd.com\/de\/wp-json\/wp\/v2\/media?parent=2864"}],"wp:term":[{"taxonomy":"product_brand","embeddable":true,"href":"https:\/\/www.chinanhd.com\/de\/wp-json\/wp\/v2\/product_brand?post=2864"},{"taxonomy":"product_cat","embeddable":true,"href":"https:\/\/www.chinanhd.com\/de\/wp-json\/wp\/v2\/product_cat?post=2864"},{"taxonomy":"product_tag","embeddable":true,"href":"https:\/\/www.chinanhd.com\/de\/wp-json\/wp\/v2\/product_tag?post=2864"}],"curies":[{"name":"WP","href":"https:\/\/api.w.org\/{rel}","templated":true}]}}