{"id":2867,"date":"2025-04-29T16:09:50","date_gmt":"2025-04-29T08:09:50","guid":{"rendered":"https:\/\/www.chinanhd.com\/?post_type=product&#038;p=2867"},"modified":"2025-12-18T16:44:18","modified_gmt":"2025-12-18T08:44:18","slug":"2867","status":"publish","type":"product","link":"https:\/\/www.chinanhd.com\/de\/product\/2867\/","title":{"rendered":"HD-1 Hochsiliziumhaltiger Edelstahl"},"content":{"rendered":"<p><strong>Anwendungen:<\/strong><\/p>\n<p>Neben der Herstellung von S\u00e4ureverteilern wird Edelstahl mit hohem Siliziumhalt HD-1 in den Trocknungs- und Absorptionsabschnitten von Schwefels\u00e4ureanlagen zur Herstellung weit verbreitet: Trocknungst\u00fcrme, Absorptionst\u00fcrme, Filter, Verpackungstr\u00e4ger-Gitterplatten, Zirkulationsbeh\u00e4lter, Schwei\u00dfrohre, Ellbogen und Reduzierer, Flansche und H\u00fclsen, Wirbelstromschutzger\u00e4te usw. Die \u00e4ltesten Ger\u00e4te im Feld sind seit \u00fcber einem Jahrzehnt in Betrieb, wobei die Benutzer eine normale Leistung und keine sp\u00fcrbaren Korrosionsprobleme melden.<\/p>\n<p><strong>\u00a0<\/strong><\/p>\n<p><strong>Wettbewerbsvorteil:<\/strong><\/p>\n<p>1. Fortgeschrittene Materialentwicklung<\/p>\n<ul>\n<li>Kombiniert ausl\u00e4ndische High-Si-Technologie mit jahrzehntelanger interner Expertise.<\/li>\n<li>Hergestellt durch Bogenschmelzen, VOD-Raffinierung, Walzen und Rohrzeichen.<\/li>\n<\/ul>\n<p><strong>\u00a0<\/strong><\/p>\n<p>2. \u00dcberlegene Leistung<\/p>\n<ul>\n<li>Produkte - JIANGSU NEW HONGDA GROUP CO.,LTD. - Seite 2<\/li>\n<li>Ausgezeichnete Schwei\u00dfbarkeit und Anpassungsf\u00e4higkeit beim Kalt-\/Hei\u00dfformen.<\/li>\n<\/ul>\n<p>&nbsp;<\/p>\n<p>3. Branchenspezifische L\u00f6sung<\/p>\n<ul>\n<li>L\u00f6st kurze Lebensdauer von Schwefels\u00e4ureausr\u00fcstung (Hochtemperatur\/Konzentration).<\/li>\n<li>Kosteng\u00fcnstige Verbundflansche (HD-1 316L\/304).<\/li>\n<\/ul>\n<p>&nbsp;<\/p>\n<p>4. Schwei\u00dfspezifikation<\/p>\n<ul style=\"list-style-type: disc;\">\n<li>Manuelles TIG-Schwei\u00dfen mit ma\u00dfgeschneiderten F\u00fclldr\u00e4hten.<\/li>\n<\/ul>","protected":false},"excerpt":{"rendered":"<p>Der rostfreie HD-1-Stahl mit hohem Siliziumgehalt ist ein neuartiges korrosionsbest\u00e4ndiges Material, das gemeinsam von New Hongda und dem Institut f\u00fcr Metallforschung der Chinesischen Akademie der Wissenschaften entwickelt wurde. Er zeigt eine ausgezeichnete Langzeitleistung bei Anwendungen mit konzentrierter Schwefels\u00e4ure bei hohen Temperaturen.<\/p>","protected":false},"featured_media":2868,"comment_status":"open","ping_status":"closed","template":"","meta":[],"product_brand":[],"product_cat":[34],"product_tag":[],"class_list":{"0":"post-2867","1":"product","2":"type-product","3":"status-publish","4":"has-post-thumbnail","6":"product_cat-material-series","8":"first","9":"instock","10":"shipping-taxable","11":"product-type-simple"},"_links":{"self":[{"href":"https:\/\/www.chinanhd.com\/de\/wp-json\/wp\/v2\/product\/2867","targetHints":{"allow":["GET"]}}],"collection":[{"href":"https:\/\/www.chinanhd.com\/de\/wp-json\/wp\/v2\/product"}],"about":[{"href":"https:\/\/www.chinanhd.com\/de\/wp-json\/wp\/v2\/types\/product"}],"replies":[{"embeddable":true,"href":"https:\/\/www.chinanhd.com\/de\/wp-json\/wp\/v2\/comments?post=2867"}],"wp:featuredmedia":[{"embeddable":true,"href":"https:\/\/www.chinanhd.com\/de\/wp-json\/wp\/v2\/media\/2868"}],"wp:attachment":[{"href":"https:\/\/www.chinanhd.com\/de\/wp-json\/wp\/v2\/media?parent=2867"}],"wp:term":[{"taxonomy":"product_brand","embeddable":true,"href":"https:\/\/www.chinanhd.com\/de\/wp-json\/wp\/v2\/product_brand?post=2867"},{"taxonomy":"product_cat","embeddable":true,"href":"https:\/\/www.chinanhd.com\/de\/wp-json\/wp\/v2\/product_cat?post=2867"},{"taxonomy":"product_tag","embeddable":true,"href":"https:\/\/www.chinanhd.com\/de\/wp-json\/wp\/v2\/product_tag?post=2867"}],"curies":[{"name":"WP","href":"https:\/\/api.w.org\/{rel}","templated":true}]}}