{"id":2889,"date":"2025-04-29T16:52:14","date_gmt":"2025-04-29T08:52:14","guid":{"rendered":"https:\/\/www.chinanhd.com\/?post_type=product&#038;p=2889"},"modified":"2026-01-08T14:11:36","modified_gmt":"2026-01-08T06:11:36","slug":"vertikaler-automatischer-druckfilter","status":"publish","type":"product","link":"https:\/\/www.chinanhd.com\/de\/product\/vertikaler-automatischer-druckfilter\/","title":{"rendered":"Vertikaler automatischer Druckfilter"},"content":{"rendered":"<p>In mehr als 10 Jahren Forschung und Entwicklung hat NHD eine Vielzahl von Optimierungen und Modifikationen an Filterpressen vorgenommen. NHD hat mehr als 10 Patente (davon 5 Innovationspatente) angemeldet und erhalten. Die neue Generation von Filterpressen mit eigenem geistigen Eigentum wurde in gro\u00dfen Einheiten in- und ausl\u00e4ndischer Projekte eingesetzt. NHD ist die Produktionsbasis f\u00fcr vertikale automatische Filterpressen des nationalen Fackelplans.<\/p>\n<p>&nbsp;<\/p>\n<p><strong>Anwendungen:<\/strong><\/p>\n<p>Breite Anwendung in der Nichteisen-, Schmelz-, Titandioxid-, Chemie-, Kohleabscheidung, Lebensmittel-, Porzellan-, Papier-, Zucker-, Farbstoff- und Abwasseraufbereitungsindustrie. Es trennt Feststoffe von Fl\u00fcssigkeiten durch Waschen, Filtern und Entw\u00e4ssern<\/p>\n<p>&nbsp;<\/p>\n<p><strong>Wettbewerbsvorteil:<\/strong><\/p>\n<ul>\n<li>Kontinuierlicher Betrieb &amp; hoher Ertrag<\/li>\n<li>Bei sehr geringem Feuchtigkeitsgehalt des Kuchens kann sogar das herk\u00f6mmliche Trocknungsverfahren entfallen, um Energie zu sparen, wenn m\u00f6glich.<\/li>\n<li>Der Waschvorgang kann je nach Bedarf hinzugef\u00fcgt werden, um einen guten Effekt zu erzielen.<\/li>\n<li>Hoher Automatisierungsgrad und benutzerfreundliche Steuerungsschnittstelle mit Selbstdiagnose und Alarmsystem<\/li>\n<li>Kompakte Struktur, kleine Abdeckungsfl\u00e4che und geringere Investitionen f\u00fcr die Werkstatt<\/li>\n<\/ul>","protected":false},"excerpt":{"rendered":"<p>HDLY Vertikaler Automatischer Druckfilter wurde von New Hongda auf der Grundlage der Assimilierung und Verarbeitung der neuesten Technologie von Pressfiltern im In- und Ausland entwickelt. Er findet breite Anwendung in der Nichteisenindustrie, der Schmelzindustrie, der Titandioxidindustrie, der chemischen Industrie, der Kohletrennung, der Lebensmittelindustrie, der Porzellanindustrie, der Papierindustrie, der Zuckerindustrie, der Farbstoffindustrie und der Abwasseraufbereitung. Er trennt Feststoffe von Fl\u00fcssigkeiten durch Waschen, Filtern und Entw\u00e4ssern.<\/p>\n<p>&nbsp;<\/p>","protected":false},"featured_media":2890,"comment_status":"open","ping_status":"closed","template":"","meta":[],"product_brand":[],"product_cat":[27],"product_tag":[43],"class_list":{"0":"post-2889","1":"product","2":"type-product","3":"status-publish","4":"has-post-thumbnail","6":"product_cat-automatic-press-filter-series","7":"product_tag-test","9":"first","10":"instock","11":"shipping-taxable","12":"product-type-simple"},"_links":{"self":[{"href":"https:\/\/www.chinanhd.com\/de\/wp-json\/wp\/v2\/product\/2889","targetHints":{"allow":["GET"]}}],"collection":[{"href":"https:\/\/www.chinanhd.com\/de\/wp-json\/wp\/v2\/product"}],"about":[{"href":"https:\/\/www.chinanhd.com\/de\/wp-json\/wp\/v2\/types\/product"}],"replies":[{"embeddable":true,"href":"https:\/\/www.chinanhd.com\/de\/wp-json\/wp\/v2\/comments?post=2889"}],"wp:featuredmedia":[{"embeddable":true,"href":"https:\/\/www.chinanhd.com\/de\/wp-json\/wp\/v2\/media\/2890"}],"wp:attachment":[{"href":"https:\/\/www.chinanhd.com\/de\/wp-json\/wp\/v2\/media?parent=2889"}],"wp:term":[{"taxonomy":"product_brand","embeddable":true,"href":"https:\/\/www.chinanhd.com\/de\/wp-json\/wp\/v2\/product_brand?post=2889"},{"taxonomy":"product_cat","embeddable":true,"href":"https:\/\/www.chinanhd.com\/de\/wp-json\/wp\/v2\/product_cat?post=2889"},{"taxonomy":"product_tag","embeddable":true,"href":"https:\/\/www.chinanhd.com\/de\/wp-json\/wp\/v2\/product_tag?post=2889"}],"curies":[{"name":"WP","href":"https:\/\/api.w.org\/{rel}","templated":true}]}}