{"id":2896,"date":"2025-04-29T17:33:59","date_gmt":"2025-04-29T09:33:59","guid":{"rendered":"https:\/\/www.chinanhd.com\/?post_type=product&#038;p=2896"},"modified":"2025-12-18T16:44:18","modified_gmt":"2025-12-18T08:44:18","slug":"serie-eh96-gasheizgerat-modell-mit-oberer-tur-modell-mit-seitlicher-tur","status":"publish","type":"product","link":"https:\/\/www.chinanhd.com\/de\/product\/serie-eh96-gasheizgerat-modell-mit-oberer-tur-modell-mit-seitlicher-tur\/","title":{"rendered":"Gasheizger\u00e4t Serie EH96"},"content":{"rendered":"<p>Die Ger\u00e4te zeichnen sich durch ein rationelles Design, Betriebssicherheit, Langlebigkeit, Gasdichtigkeit und einfache Wartung aus.<\/p>\n<p>&nbsp;<\/p>\n<p><strong>Hauptleistung<\/strong><\/p>\n<ul>\n<li>Spannung: 380V<\/li>\n<li>Verbindungstyp: \u25b3 , und<\/li>\n<li>Nennleistung: 90-4800 kw<\/li>\n<li>Normale Temperatur am Einlass: Umgebungstemperatur bis 400\u2103 (Luft, trockenes SO2-Gas)<\/li>\n<li>Temp. am Ausgang: \u2264550\u2103<\/li>\n<li>Temp. Steuerung: \u00c4ndern der Anzahl der erregten elektrischen Gruppen<\/li>\n<\/ul>\n<p>&nbsp;<\/p>\n<p><strong>Anwendungen:<\/strong><\/p>\n<p>Anwendungsgase: Luft, trockenes SO2-Gas, Brennstoffrauchgas<\/p>\n<p>&nbsp;<\/p>\n<p><strong><b>Wettbewerbsvorteil:<\/b><\/strong><\/p>\n<ul>\n<li>Lange Nutzungsdauer. Durch die neuartige Wicklung des Widerstandsdrahtes sind mehr als 95% Heizelemente im Durchfluss ausgesetzt und der W\u00e4rme\u00fcbertragungskoeffizient ist hoch; durch die geringe Oberfl\u00e4chenbelastung ist der Draht schwer zu brechen.<\/li>\n<li>Einfacher Austausch der Heizelemente; schnell zu \u00f6ffnende T\u00fcrstruktur.<\/li>\n<li>Geringeres Gewicht; nur 1\/3 des Backofens der gleichen Leistung, leichter Innenisolator mit korrosionsbest\u00e4ndiger rostfreier Auskleidung.<\/li>\n<li>Die Temperatur ist gleichm\u00e4\u00dfig verteilt; das Gas kann auch nach dem Abschalten eines Gruppenheizelements gleichm\u00e4\u00dfig erhitzt werden.<\/li>\n<li>Energiesparend, schneller Temperaturanstieg und hohe Effizienz.<\/li>\n<li>Geringer Druckverlust, so niedrig wie eine Rohrleitung.<\/li>\n<li>\u00dcbergangsleisten verhindern Isolationsverbrennung.<\/li>\n<li>Die Hochtemperaturverpackung sorgt f\u00fcr luftdichte T\u00fcren.<\/li>\n<\/ul>","protected":false},"excerpt":{"rendered":"<p>Die Gasheizger\u00e4te der Serie Eh96 wurden auf der Grundlage der Produktionserfahrungen mit Widerstandsdraht\u00f6fen entwickelt und hergestellt, indem inl\u00e4ndische Gasheizger\u00e4te, die bei der Umwandlung verwendet werden, analysiert und ausl\u00e4ndische Technologie aufgenommen wurden. Der Gasheizer wurde mit einem nationalen Patent ausgezeichnet. (Patent Nr. ZL96.2.31961.9)<\/p>","protected":false},"featured_media":2897,"comment_status":"open","ping_status":"closed","template":"","meta":[],"product_brand":[],"product_cat":[29],"product_tag":[],"class_list":{"0":"post-2896","1":"product","2":"type-product","3":"status-publish","4":"has-post-thumbnail","6":"product_cat-equipment-for-sulfuric-acid-industry","8":"first","9":"instock","10":"shipping-taxable","11":"product-type-simple"},"_links":{"self":[{"href":"https:\/\/www.chinanhd.com\/de\/wp-json\/wp\/v2\/product\/2896","targetHints":{"allow":["GET"]}}],"collection":[{"href":"https:\/\/www.chinanhd.com\/de\/wp-json\/wp\/v2\/product"}],"about":[{"href":"https:\/\/www.chinanhd.com\/de\/wp-json\/wp\/v2\/types\/product"}],"replies":[{"embeddable":true,"href":"https:\/\/www.chinanhd.com\/de\/wp-json\/wp\/v2\/comments?post=2896"}],"wp:featuredmedia":[{"embeddable":true,"href":"https:\/\/www.chinanhd.com\/de\/wp-json\/wp\/v2\/media\/2897"}],"wp:attachment":[{"href":"https:\/\/www.chinanhd.com\/de\/wp-json\/wp\/v2\/media?parent=2896"}],"wp:term":[{"taxonomy":"product_brand","embeddable":true,"href":"https:\/\/www.chinanhd.com\/de\/wp-json\/wp\/v2\/product_brand?post=2896"},{"taxonomy":"product_cat","embeddable":true,"href":"https:\/\/www.chinanhd.com\/de\/wp-json\/wp\/v2\/product_cat?post=2896"},{"taxonomy":"product_tag","embeddable":true,"href":"https:\/\/www.chinanhd.com\/de\/wp-json\/wp\/v2\/product_tag?post=2896"}],"curies":[{"name":"WP","href":"https:\/\/api.w.org\/{rel}","templated":true}]}}