{"id":3019,"date":"2025-05-27T13:51:51","date_gmt":"2025-05-27T05:51:51","guid":{"rendered":"https:\/\/www.chinanhd.com\/?post_type=product&#038;p=3019"},"modified":"2025-12-18T16:44:18","modified_gmt":"2025-12-18T08:44:18","slug":"co-current-agitator","status":"publish","type":"product","link":"https:\/\/www.chinanhd.com\/de\/product\/co-current-agitator\/","title":{"rendered":"Gleichstrom-R\u00fchrwerk"},"content":{"rendered":"<p>In PA-Reaktionsbeh\u00e4ltern erzeugt das Gleichstromr\u00fchrwerk eine Kraft, die fast in die gleiche Richtung wie der Fl\u00fcssigkeitsstrom geht. Diese Konstruktion in Verbindung mit einem geringen Konzentrationsgef\u00e4lle an der Oberfl\u00e4che verringert die Korrosion durch Gase und die Verschmutzung der Welle erheblich.<\/p>\n<p>&nbsp;<\/p>\n<p>Die R\u00fchrwerksschaufel ist so konstruiert, dass sie in der geschwindigkeitskritischen Zone optimal positioniert ist. Obwohl die Schaufeln kleiner sind als die von PBT-R\u00fchrwerken, bieten sie eine bessere Leistung. Dar\u00fcber hinaus minimieren der kompakte Durchmesser der kritischen Zone und die langsamere radiale Str\u00f6mung die Besch\u00e4digung der Beh\u00e4lterwand und verl\u00e4ngern so die Lebensdauer des Reaktionsbeh\u00e4lters.<\/p>\n<p>&nbsp;<\/p>\n<p><strong>Wettbewerbsvorteil:<\/strong><\/p>\n<p>NHD verf\u00fcgt \u00fcber ein komplettes Sortiment an R\u00fchrwerkspr\u00fcfger\u00e4ten, die den experimentellen Anforderungen verschiedener Hersteller und Prozesse gerecht werden, einschlie\u00dflich: Tests im Laborma\u00dfstab, Pilotversuche und Scale-up-Versuche.<\/p>\n<p>&nbsp;<\/p>\n<p>Fortgeschrittene F&amp;E-Technologien:<\/p>\n<ul>\n<li>CFD-Technologie zur Fl\u00fcssigkeitsanalyse<\/li>\n<li>Computergest\u00fctzte CFM-Technologie zur Simulation von Fl\u00fcssigkeitsmischungen<\/li>\n<li>LDA Laser-Doppler-Velocimetrie-Technik<\/li>\n<li>Finite-Elemente-Analyse (FEA)<\/li>\n<li>CAD-3D-Konstruktion<\/li>\n<\/ul>","protected":false},"excerpt":{"rendered":"<p>In PA reaction tanks, the co-current agitator generates force in nearly the same direction as the fluid flow. This design, combined with low surface concentration gradient, significantly reduces gaseous corrosion and shaft fouling. &nbsp; The agitator blade is engineered based on optimal positioning in the speed-critical zone. Despite having smaller blades than PBT agitators, it [&hellip;]<\/p>\n","protected":false},"featured_media":3021,"comment_status":"open","ping_status":"closed","template":"","meta":[],"product_brand":[],"product_cat":[28],"product_tag":[],"class_list":{"0":"post-3019","1":"product","2":"type-product","3":"status-publish","4":"has-post-thumbnail","6":"product_cat-agitatorthickener-series","8":"first","9":"instock","10":"shipping-taxable","11":"product-type-simple"},"_links":{"self":[{"href":"https:\/\/www.chinanhd.com\/de\/wp-json\/wp\/v2\/product\/3019","targetHints":{"allow":["GET"]}}],"collection":[{"href":"https:\/\/www.chinanhd.com\/de\/wp-json\/wp\/v2\/product"}],"about":[{"href":"https:\/\/www.chinanhd.com\/de\/wp-json\/wp\/v2\/types\/product"}],"replies":[{"embeddable":true,"href":"https:\/\/www.chinanhd.com\/de\/wp-json\/wp\/v2\/comments?post=3019"}],"wp:featuredmedia":[{"embeddable":true,"href":"https:\/\/www.chinanhd.com\/de\/wp-json\/wp\/v2\/media\/3021"}],"wp:attachment":[{"href":"https:\/\/www.chinanhd.com\/de\/wp-json\/wp\/v2\/media?parent=3019"}],"wp:term":[{"taxonomy":"product_brand","embeddable":true,"href":"https:\/\/www.chinanhd.com\/de\/wp-json\/wp\/v2\/product_brand?post=3019"},{"taxonomy":"product_cat","embeddable":true,"href":"https:\/\/www.chinanhd.com\/de\/wp-json\/wp\/v2\/product_cat?post=3019"},{"taxonomy":"product_tag","embeddable":true,"href":"https:\/\/www.chinanhd.com\/de\/wp-json\/wp\/v2\/product_tag?post=3019"}],"curies":[{"name":"WP","href":"https:\/\/api.w.org\/{rel}","templated":true}]}}