{"id":3022,"date":"2025-05-27T13:57:06","date_gmt":"2025-05-27T05:57:06","guid":{"rendered":"https:\/\/www.chinanhd.com\/?post_type=product&#038;p=3022"},"modified":"2025-12-18T16:44:18","modified_gmt":"2025-12-18T08:44:18","slug":"ruhrwerk-mit-variablem-querschnitt-und-schraglage","status":"publish","type":"product","link":"https:\/\/www.chinanhd.com\/de\/product\/ruhrwerk-mit-variablem-querschnitt-und-schraglage\/","title":{"rendered":"Variablen Querschnitt &#038; Obliquity Agitator"},"content":{"rendered":"<p>Das R\u00fchrwerk liefert einen hohen rezirkulierenden Axialstrom mit niedriger Scherrate bei minimalem Stromverbrauch. Im Vergleich zu herk\u00f6mmlichen 45\u00b0-PBT-R\u00fchrwerken erreicht es eine gleichwertige Mischleistung bei einer Reduzierung des Stromverbrauchs um 40-50%.<\/p>\n<p>&nbsp;<\/p>\n<p>F\u00fcr PA-Verdr\u00e4ngungsreaktionen und Nichteisenmetallindustrien erfordern Auslaugtanks eine hohe Pumpleistung mit kontrollierten Schergeschwindigkeiten, um einen \u00fcberm\u00e4\u00dfigen Kristallbruch zu verhindern - ein kritischer Faktor f\u00fcr nachfolgende Filtrations- und Sedimentationsprozesse. Das R\u00fchrwerk von NHD wurde speziell f\u00fcr diese Anwendungen entwickelt und wird von vielen PA- und Nichteisenmetallherstellern eingesetzt, die eine au\u00dfergew\u00f6hnliche Betriebseffizienz vorweisen k\u00f6nnen.<\/p>\n<p>&nbsp;<\/p>\n<p><strong>Wettbewerbsvorteil:<\/strong><\/p>\n<p>NHD verf\u00fcgt \u00fcber ein komplettes Sortiment an R\u00fchrwerkspr\u00fcfger\u00e4ten, die den experimentellen Anforderungen verschiedener Hersteller und Prozesse gerecht werden, einschlie\u00dflich: Tests im Laborma\u00dfstab, Pilotversuche und Scale-up-Versuche.<\/p>\n<p>&nbsp;<\/p>\n<p>Fortgeschrittene F&amp;E-Technologien:<\/p>\n<ul>\n<li>CFD-Technologie zur Fl\u00fcssigkeitsanalyse<\/li>\n<li>Computergest\u00fctzte CFM-Technologie zur Simulation von Fl\u00fcssigkeitsmischungen<\/li>\n<li>LDA Laser-Doppler-Velocimetrie-Technik<\/li>\n<li>Finite-Elemente-Analyse (FEA)<\/li>\n<li>CAD-3D-Konstruktion<\/li>\n<\/ul>","protected":false},"excerpt":{"rendered":"<p>The agitator delivers high recirculating axial flow with low shear rate while maintaining minimal power consumption. Compared to conventional 45\u00b0 PBT agitators, it achieves equivalent mixing performance while reducing power consumption by 40-50%. &nbsp; For PA displacement reactions and non-ferrous metal industries, leaching tanks require high pumping capacity with controlled shear rates to prevent excessive [&hellip;]<\/p>\n","protected":false},"featured_media":3024,"comment_status":"open","ping_status":"closed","template":"","meta":[],"product_brand":[],"product_cat":[28],"product_tag":[],"class_list":{"0":"post-3022","1":"product","2":"type-product","3":"status-publish","4":"has-post-thumbnail","6":"product_cat-agitatorthickener-series","8":"first","9":"instock","10":"shipping-taxable","11":"product-type-simple"},"_links":{"self":[{"href":"https:\/\/www.chinanhd.com\/de\/wp-json\/wp\/v2\/product\/3022","targetHints":{"allow":["GET"]}}],"collection":[{"href":"https:\/\/www.chinanhd.com\/de\/wp-json\/wp\/v2\/product"}],"about":[{"href":"https:\/\/www.chinanhd.com\/de\/wp-json\/wp\/v2\/types\/product"}],"replies":[{"embeddable":true,"href":"https:\/\/www.chinanhd.com\/de\/wp-json\/wp\/v2\/comments?post=3022"}],"wp:featuredmedia":[{"embeddable":true,"href":"https:\/\/www.chinanhd.com\/de\/wp-json\/wp\/v2\/media\/3024"}],"wp:attachment":[{"href":"https:\/\/www.chinanhd.com\/de\/wp-json\/wp\/v2\/media?parent=3022"}],"wp:term":[{"taxonomy":"product_brand","embeddable":true,"href":"https:\/\/www.chinanhd.com\/de\/wp-json\/wp\/v2\/product_brand?post=3022"},{"taxonomy":"product_cat","embeddable":true,"href":"https:\/\/www.chinanhd.com\/de\/wp-json\/wp\/v2\/product_cat?post=3022"},{"taxonomy":"product_tag","embeddable":true,"href":"https:\/\/www.chinanhd.com\/de\/wp-json\/wp\/v2\/product_tag?post=3022"}],"curies":[{"name":"WP","href":"https:\/\/api.w.org\/{rel}","templated":true}]}}