{"id":3025,"date":"2025-05-27T14:07:15","date_gmt":"2025-05-27T06:07:15","guid":{"rendered":"https:\/\/www.chinanhd.com\/?post_type=product&#038;p=3025"},"modified":"2025-12-18T16:44:18","modified_gmt":"2025-12-18T08:44:18","slug":"side-entry-agitator","status":"publish","type":"product","link":"https:\/\/www.chinanhd.com\/de\/product\/side-entry-agitator\/","title":{"rendered":"Side-Entry-R\u00fchrwerk"},"content":{"rendered":"<p>Das Seitenr\u00fchrwerk kann in gro\u00dfen Fl\u00fcssigkeitstanks und \u00d6ltanks eingesetzt werden. Sein Stromverbrauch ist nur 1\/3 bis 2\/3 so hoch wie der des Mittelr\u00fchrwerks f\u00fcr Fl\u00fcssigkeitstanks \u00fcber 1000m\u00b3 bei gleichem Mischeffekt. Das Seitenr\u00fchrwerk hat mehrere Vorteile, wie z.B. niedrige Herstellungs- und Gr\u00fcndungskosten.<\/p>\n<p>&nbsp;<\/p>\n<p>Dieses R\u00fchrwerk verhindert, dass die Fl\u00fcssigkeit im Tank durch die Verwendung einer Dichtungsvorrichtung ausflie\u00dft.<\/p>\n<p>Wellendichtung und Gleitringdichtung:<\/p>\n<ul>\n<li>Die innovative Packungsdichtungskonstruktion l\u00f6st herk\u00f6mmliche Packungsdichtungsprobleme, verbessert die Online-Wartungsf\u00e4higkeit erheblich, reduziert Leckagen und minimiert den Verschlei\u00df der Wellenschutzh\u00fclse.<\/li>\n<li>Die strukturell verbesserte Gleitringdichtung behebt die Probleme mit R\u00fchrfl\u00fcgelvibrationen und Wellenpulsationen durch ihren station\u00e4ren Hochleistungsdichtungsring, was zu einer h\u00f6heren Effizienz, niedrigeren Betriebskosten und einer l\u00e4ngeren Lebensdauer f\u00fchrt.<\/li>\n<\/ul>\n<p>&nbsp;<\/p>\n<p><strong>Wettbewerbsvorteil:<\/strong><\/p>\n<p>NHD verf\u00fcgt \u00fcber ein komplettes Sortiment an R\u00fchrwerkspr\u00fcfger\u00e4ten, die den experimentellen Anforderungen verschiedener Hersteller und Prozesse gerecht werden, einschlie\u00dflich: Tests im Laborma\u00dfstab, Pilotversuche und Scale-up-Versuche.<\/p>\n<p>&nbsp;<\/p>\n<p>Fortgeschrittene F&amp;E-Technologien:<\/p>\n<ul>\n<li>CFD-Technologie zur Fl\u00fcssigkeitsanalyse<\/li>\n<li>Computergest\u00fctzte CFM-Technologie zur Simulation von Fl\u00fcssigkeitsmischungen<\/li>\n<li>LDA Laser-Doppler-Velocimetrie-Technik<\/li>\n<li>Finite-Elemente-Analyse (FEA)<\/li>\n<li>CAD-3D-Konstruktion<\/li>\n<\/ul>","protected":false},"excerpt":{"rendered":"<p>Side-entry agitator can be used in large scale liquid storage tank and oil tank. Its power consumption is only 1\/3 to 2\/3 as center agitator\u2019s for liquid tank above 1000m\u00b3 at the same effect of blending. The side-entry agitator has several advantages, such as low manufacturing and foundation cost. &nbsp; This agitator prevent liquid in [&hellip;]<\/p>\n","protected":false},"featured_media":3028,"comment_status":"open","ping_status":"closed","template":"","meta":[],"product_brand":[],"product_cat":[28],"product_tag":[],"class_list":{"0":"post-3025","1":"product","2":"type-product","3":"status-publish","4":"has-post-thumbnail","6":"product_cat-agitatorthickener-series","8":"first","9":"instock","10":"shipping-taxable","11":"product-type-simple"},"_links":{"self":[{"href":"https:\/\/www.chinanhd.com\/de\/wp-json\/wp\/v2\/product\/3025","targetHints":{"allow":["GET"]}}],"collection":[{"href":"https:\/\/www.chinanhd.com\/de\/wp-json\/wp\/v2\/product"}],"about":[{"href":"https:\/\/www.chinanhd.com\/de\/wp-json\/wp\/v2\/types\/product"}],"replies":[{"embeddable":true,"href":"https:\/\/www.chinanhd.com\/de\/wp-json\/wp\/v2\/comments?post=3025"}],"wp:featuredmedia":[{"embeddable":true,"href":"https:\/\/www.chinanhd.com\/de\/wp-json\/wp\/v2\/media\/3028"}],"wp:attachment":[{"href":"https:\/\/www.chinanhd.com\/de\/wp-json\/wp\/v2\/media?parent=3025"}],"wp:term":[{"taxonomy":"product_brand","embeddable":true,"href":"https:\/\/www.chinanhd.com\/de\/wp-json\/wp\/v2\/product_brand?post=3025"},{"taxonomy":"product_cat","embeddable":true,"href":"https:\/\/www.chinanhd.com\/de\/wp-json\/wp\/v2\/product_cat?post=3025"},{"taxonomy":"product_tag","embeddable":true,"href":"https:\/\/www.chinanhd.com\/de\/wp-json\/wp\/v2\/product_tag?post=3025"}],"curies":[{"name":"WP","href":"https:\/\/api.w.org\/{rel}","templated":true}]}}