{"id":3029,"date":"2025-05-27T14:11:38","date_gmt":"2025-05-27T06:11:38","guid":{"rendered":"https:\/\/www.chinanhd.com\/?post_type=product&#038;p=3029"},"modified":"2025-12-18T16:44:18","modified_gmt":"2025-12-18T08:44:18","slug":"agitator-for-nonferrous-industry-and-beneficiation","status":"publish","type":"product","link":"https:\/\/www.chinanhd.com\/de\/product\/agitator-for-nonferrous-industry-and-beneficiation\/","title":{"rendered":"R\u00fchrwerk f\u00fcr die Nichteisenindustrie und Aufbereitung"},"content":{"rendered":"<p>In der chemischen Industrie konstruiert und fertigt unser Unternehmen R\u00fchrwerke mit unterschiedlichen Spezifikationen und Konfigurationen, um Prozessanforderungen wie Materialmischung, Aufl\u00f6sung, W\u00e4rme\u00fcbertragung, Suspensionsvorbereitung, Polymerisationsreaktionen und Katalysatorherstellung zu erf\u00fcllen. F\u00fcr Anwendungen in der Mineralienverarbeitung sorgen unsere speziell entwickelten R\u00fchrwerke f\u00fcr eine reibungslose Durchmischung von Schl\u00e4mmen und eine gleichm\u00e4\u00dfige Konzentrationsverteilung in Tanks.<\/p>\n<p>&nbsp;<\/p>\n<p><strong>Wettbewerbsvorteil:<\/strong><\/p>\n<p>NHD verf\u00fcgt \u00fcber ein komplettes Sortiment an R\u00fchrwerkspr\u00fcfger\u00e4ten, die den experimentellen Anforderungen verschiedener Hersteller und Prozesse gerecht werden, einschlie\u00dflich: Tests im Laborma\u00dfstab, Pilotversuche und Scale-up-Versuche.<\/p>\n<p>&nbsp;<\/p>\n<p>Fortgeschrittene F&amp;E-Technologien:<\/p>\n<ul>\n<li>CFD-Technologie zur Fl\u00fcssigkeitsanalyse<\/li>\n<li>Computergest\u00fctzte CFM-Technologie zur Simulation von Fl\u00fcssigkeitsmischungen<\/li>\n<li>LDA Laser-Doppler-Velocimetrie-Technik<\/li>\n<li>Finite-Elemente-Analyse (FEA)<\/li>\n<li>CAD-3D-Konstruktion<\/li>\n<\/ul>","protected":false},"excerpt":{"rendered":"<p>In the chemical industry, our company designs and manufactures agitators of various specifications and configurations to meet process requirements such as material mixing, dissolution, heat transfer, suspension preparation, polymerization reactions, and catalyst production. For mineral processing applications, our specially designed agitators ensure smooth slurry mixing and uniform concentration distribution in tanks. &nbsp; Competitive Advantage: NHD [&hellip;]<\/p>\n","protected":false},"featured_media":3030,"comment_status":"open","ping_status":"closed","template":"","meta":[],"product_brand":[],"product_cat":[28],"product_tag":[],"class_list":{"0":"post-3029","1":"product","2":"type-product","3":"status-publish","4":"has-post-thumbnail","6":"product_cat-agitatorthickener-series","8":"first","9":"instock","10":"shipping-taxable","11":"product-type-simple"},"_links":{"self":[{"href":"https:\/\/www.chinanhd.com\/de\/wp-json\/wp\/v2\/product\/3029","targetHints":{"allow":["GET"]}}],"collection":[{"href":"https:\/\/www.chinanhd.com\/de\/wp-json\/wp\/v2\/product"}],"about":[{"href":"https:\/\/www.chinanhd.com\/de\/wp-json\/wp\/v2\/types\/product"}],"replies":[{"embeddable":true,"href":"https:\/\/www.chinanhd.com\/de\/wp-json\/wp\/v2\/comments?post=3029"}],"wp:featuredmedia":[{"embeddable":true,"href":"https:\/\/www.chinanhd.com\/de\/wp-json\/wp\/v2\/media\/3030"}],"wp:attachment":[{"href":"https:\/\/www.chinanhd.com\/de\/wp-json\/wp\/v2\/media?parent=3029"}],"wp:term":[{"taxonomy":"product_brand","embeddable":true,"href":"https:\/\/www.chinanhd.com\/de\/wp-json\/wp\/v2\/product_brand?post=3029"},{"taxonomy":"product_cat","embeddable":true,"href":"https:\/\/www.chinanhd.com\/de\/wp-json\/wp\/v2\/product_cat?post=3029"},{"taxonomy":"product_tag","embeddable":true,"href":"https:\/\/www.chinanhd.com\/de\/wp-json\/wp\/v2\/product_tag?post=3029"}],"curies":[{"name":"WP","href":"https:\/\/api.w.org\/{rel}","templated":true}]}}