{"id":3033,"date":"2025-05-27T14:14:38","date_gmt":"2025-05-27T06:14:38","guid":{"rendered":"https:\/\/www.chinanhd.com\/?post_type=product&#038;p=3033"},"modified":"2025-12-18T16:44:18","modified_gmt":"2025-12-18T08:44:18","slug":"extra-long-agitator","status":"publish","type":"product","link":"https:\/\/www.chinanhd.com\/de\/product\/extra-long-agitator\/","title":{"rendered":"Extra langes R\u00fchrwerk"},"content":{"rendered":"<p>NHD entwickelte das gro\u00dfe R\u00fchrwerk f\u00fcr ein 300.000 t\/a PA-Projekt und leistete damit Pionierarbeit bei der Lokalisierung der Ausr\u00fcstung in China. In der Zwischenzeit haben wir einen neuen Rekord f\u00fcr den Einsatz von Hochleistungsr\u00fchrwerken mit schwerer Last und \u00dcberl\u00e4nge in der Branche aufgestellt.<\/p>\n<p>&nbsp;<\/p>\n<p>NHD hat viel in die Erforschung neuer R\u00fchrwerkswerkstoffe investiert. Neben Standardwerkstoffen wie 304, 304L, 316L, 317L und 904L hat NHD auch Dutzende von Spezialwerkstoffen entwickelt, die auf verschiedene Bedingungen wie Temperatur, S\u00e4ure-\/Laugenkonzentration und extreme Korrosions- und Verschlei\u00dfbest\u00e4ndigkeit zugeschnitten sind, um optimale Leistung zu gew\u00e4hrleisten.<\/p>\n<p>&nbsp;<\/p>\n<p><strong>Wettbewerbsvorteil:<\/strong><\/p>\n<p>NHD verf\u00fcgt \u00fcber ein komplettes Sortiment an R\u00fchrwerkspr\u00fcfger\u00e4ten, die den experimentellen Anforderungen verschiedener Hersteller und Prozesse gerecht werden, einschlie\u00dflich: Tests im Laborma\u00dfstab, Pilotversuche und Scale-up-Versuche.<\/p>\n<p>&nbsp;<\/p>\n<p>Fortgeschrittene F&amp;E-Technologien:<\/p>\n<ul>\n<li>CFD-Technologie zur Fl\u00fcssigkeitsanalyse<\/li>\n<li>Computergest\u00fctzte CFM-Technologie zur Simulation von Fl\u00fcssigkeitsmischungen<\/li>\n<li>LDA Laser-Doppler-Velocimetrie-Technik<\/li>\n<li>Finite-Elemente-Analyse (FEA)<\/li>\n<li>CAD-3D-Konstruktion<\/li>\n<\/ul>","protected":false},"excerpt":{"rendered":"<p>NHD developed the large agitator for 300,000t\/a PA project, pioneering the localization of the equipment in China. Meanwhile, we set a new record of application of high power, heavy load, extra-long agitator in the industry. &nbsp; NHD has heavily invested in researching new agitator materials. Beyond standard materials like 304, 304L, 316L, 317L, and 904L, [&hellip;]<\/p>\n","protected":false},"featured_media":3034,"comment_status":"open","ping_status":"closed","template":"","meta":[],"product_brand":[],"product_cat":[28],"product_tag":[],"class_list":{"0":"post-3033","1":"product","2":"type-product","3":"status-publish","4":"has-post-thumbnail","6":"product_cat-agitatorthickener-series","8":"first","9":"instock","10":"shipping-taxable","11":"product-type-simple"},"_links":{"self":[{"href":"https:\/\/www.chinanhd.com\/de\/wp-json\/wp\/v2\/product\/3033","targetHints":{"allow":["GET"]}}],"collection":[{"href":"https:\/\/www.chinanhd.com\/de\/wp-json\/wp\/v2\/product"}],"about":[{"href":"https:\/\/www.chinanhd.com\/de\/wp-json\/wp\/v2\/types\/product"}],"replies":[{"embeddable":true,"href":"https:\/\/www.chinanhd.com\/de\/wp-json\/wp\/v2\/comments?post=3033"}],"wp:featuredmedia":[{"embeddable":true,"href":"https:\/\/www.chinanhd.com\/de\/wp-json\/wp\/v2\/media\/3034"}],"wp:attachment":[{"href":"https:\/\/www.chinanhd.com\/de\/wp-json\/wp\/v2\/media?parent=3033"}],"wp:term":[{"taxonomy":"product_brand","embeddable":true,"href":"https:\/\/www.chinanhd.com\/de\/wp-json\/wp\/v2\/product_brand?post=3033"},{"taxonomy":"product_cat","embeddable":true,"href":"https:\/\/www.chinanhd.com\/de\/wp-json\/wp\/v2\/product_cat?post=3033"},{"taxonomy":"product_tag","embeddable":true,"href":"https:\/\/www.chinanhd.com\/de\/wp-json\/wp\/v2\/product_tag?post=3033"}],"curies":[{"name":"WP","href":"https:\/\/api.w.org\/{rel}","templated":true}]}}