{"id":3482,"date":"2025-02-12T17:42:54","date_gmt":"2025-02-12T09:42:54","guid":{"rendered":"https:\/\/www.chinanhd.com\/production-lines-2\/"},"modified":"2025-12-18T16:44:19","modified_gmt":"2025-12-18T08:44:19","slug":"social-responsibility","status":"publish","type":"page","link":"https:\/\/www.chinanhd.com\/es\/sustainability\/social-responsibility\/","title":{"rendered":"Responsabilidad Social"},"content":{"rendered":"<div data-elementor-type=\"wp-page\" data-elementor-id=\"3482\" class=\"elementor elementor-3482\" data-elementor-post-type=\"page\">\n\t\t\t\t\t\t<section class=\"elementor-section elementor-top-section elementor-element elementor-element-bf9ae23 elementor-section-content-top elementor-section-height-min-height elementor-section-items-top elementor-section-boxed elementor-section-height-default\" data-id=\"bf9ae23\" data-element_type=\"section\" data-e-type=\"section\" data-settings=\"{&quot;background_background&quot;:&quot;classic&quot;}\">\n\t\t\t\t\t\t\t<div class=\"elementor-background-overlay\"><\/div>\n\t\t\t\t\t\t\t<div class=\"elementor-container elementor-column-gap-no\">\n\t\t\t\t\t<div class=\"elementor-column elementor-col-100 elementor-top-column elementor-element elementor-element-fbf7b8b\" data-id=\"fbf7b8b\" data-element_type=\"column\" data-e-type=\"column\">\n\t\t\t<div class=\"elementor-widget-wrap elementor-element-populated\">\n\t\t\t\t\t\t<div class=\"elementor-element elementor-element-ae1f108 elementor-widget elementor-widget-woocommerce-breadcrumb\" data-id=\"ae1f108\" data-element_type=\"widget\" data-e-type=\"widget\" data-widget_type=\"woocommerce-breadcrumb.default\">\n\t\t\t\t<div class=\"elementor-widget-container\">\n\t\t\t\t\t<nav class=\"woocommerce-breadcrumb\" aria-label=\"Breadcrumb\" data-no-translation=\"\" data-trp-gettext=\"\">Inicio<\/nav>\t\t\t\t<\/div>\n\t\t\t\t<\/div>\n\t\t\t\t<div class=\"elementor-element elementor-element-f29ea4a animated-fast elementor-invisible elementor-widget elementor-widget-heading\" data-id=\"f29ea4a\" data-element_type=\"widget\" data-e-type=\"widget\" data-settings=\"{&quot;_animation&quot;:&quot;zoomIn&quot;,&quot;_animation_laptop&quot;:&quot;zoomIn&quot;,&quot;_animation_tablet&quot;:&quot;none&quot;,&quot;_animation_mobile&quot;:&quot;none&quot;}\" data-widget_type=\"heading.default\">\n\t\t\t\t<div class=\"elementor-widget-container\">\n\t\t\t\t\t<h1 class=\"elementor-heading-title elementor-size-default\">Responsabilidad Social<\/h1>\t\t\t\t<\/div>\n\t\t\t\t<\/div>\n\t\t\t\t\t<\/div>\n\t\t<\/div>\n\t\t\t\t\t<\/div>\n\t\t<\/section>\n\t\t\t\t<section class=\"elementor-section elementor-top-section elementor-element elementor-element-8e92f0e elementor-section-boxed elementor-section-height-default elementor-section-height-default\" data-id=\"8e92f0e\" data-element_type=\"section\" data-e-type=\"section\">\n\t\t\t\t\t\t<div class=\"elementor-container elementor-column-gap-default\">\n\t\t\t\t\t<div class=\"elementor-column elementor-col-100 elementor-top-column elementor-element elementor-element-f9b1a64\" data-id=\"f9b1a64\" data-element_type=\"column\" data-e-type=\"column\">\n\t\t\t<div class=\"elementor-widget-wrap elementor-element-populated\">\n\t\t\t\t\t\t<section class=\"elementor-section elementor-inner-section elementor-element elementor-element-2ac3d68 elementor-section-full_width animated-fast elementor-section-height-default elementor-section-height-default elementor-invisible\" data-id=\"2ac3d68\" data-element_type=\"section\" data-e-type=\"section\" data-settings=\"{&quot;animation&quot;:&quot;slideInUp&quot;,&quot;animation_tablet&quot;:&quot;none&quot;,&quot;animation_mobile&quot;:&quot;none&quot;,&quot;background_background&quot;:&quot;classic&quot;}\">\n\t\t\t\t\t\t<div class=\"elementor-container elementor-column-gap-default\">\n\t\t\t\t\t<div class=\"elementor-column elementor-col-50 elementor-inner-column elementor-element elementor-element-717c2a9\" data-id=\"717c2a9\" data-element_type=\"column\" data-e-type=\"column\">\n\t\t\t<div class=\"elementor-widget-wrap elementor-element-populated\">\n\t\t\t\t\t\t<div class=\"elementor-element elementor-element-7194e91 elementor-widget elementor-widget-image\" data-id=\"7194e91\" data-element_type=\"widget\" data-e-type=\"widget\" data-widget_type=\"image.default\">\n\t\t\t\t<div class=\"elementor-widget-container\">\n\t\t\t\t\t\t\t\t\t\t\t\t\t\t\t<img fetchpriority=\"high\" decoding=\"async\" width=\"800\" height=\"473\" src=\"https:\/\/www.chinanhd.com\/wp-content\/uploads\/2025\/06\/Intersect-3-1024x605.png\" class=\"attachment-large size-large wp-image-3581\" alt=\"\" srcset=\"https:\/\/www.chinanhd.com\/wp-content\/uploads\/2025\/06\/Intersect-3-1024x605.png 1024w, https:\/\/www.chinanhd.com\/wp-content\/uploads\/2025\/06\/Intersect-3-300x177.png 300w, https:\/\/www.chinanhd.com\/wp-content\/uploads\/2025\/06\/Intersect-3-768x454.png 768w, https:\/\/www.chinanhd.com\/wp-content\/uploads\/2025\/06\/Intersect-3-18x12.png 18w, https:\/\/www.chinanhd.com\/wp-content\/uploads\/2025\/06\/Intersect-3-600x354.png 600w, https:\/\/www.chinanhd.com\/wp-content\/uploads\/2025\/06\/Intersect-3.png 1239w\" sizes=\"(max-width: 800px) 100vw, 800px\" \/>\t\t\t\t\t\t\t\t\t\t\t\t\t\t\t<\/div>\n\t\t\t\t<\/div>\n\t\t\t\t\t<\/div>\n\t\t<\/div>\n\t\t\t\t<div class=\"elementor-column elementor-col-50 elementor-inner-column elementor-element elementor-element-791ad43\" data-id=\"791ad43\" data-element_type=\"column\" data-e-type=\"column\">\n\t\t\t<div class=\"elementor-widget-wrap elementor-element-populated\">\n\t\t\t\t\t\t<div class=\"elementor-element elementor-element-bd229da elementor-widget-laptop__width-initial elementor-widget elementor-widget-ucaddon_dual_color_heading\" data-id=\"bd229da\" data-element_type=\"widget\" data-e-type=\"widget\" data-widget_type=\"ucaddon_dual_color_heading.default\">\n\t\t\t\t<div class=\"elementor-widget-container\">\n\t\t\t\t\t\n<!-- start Dual Color Heading -->\n\n<div class=\"ue-dual-color-heading\">\n  <div>\n    <span class=\"ue-title-one\">Seguridad del empleo<\/span> <span class=\"ue-title-two\"><\/span>\n  <\/div>\n<\/div>\n<!-- end Dual Color Heading -->\t\t\t\t<\/div>\n\t\t\t\t<\/div>\n\t\t\t\t<div class=\"elementor-element elementor-element-1e26969 elementor-widget-laptop__width-initial elementor-widget-divider--view-line elementor-widget elementor-widget-divider\" data-id=\"1e26969\" data-element_type=\"widget\" data-e-type=\"widget\" data-widget_type=\"divider.default\">\n\t\t\t\t<div class=\"elementor-widget-container\">\n\t\t\t\t\t\t\t<div class=\"elementor-divider\">\n\t\t\t<span class=\"elementor-divider-separator\">\n\t\t\t\t\t\t<\/span>\n\t\t<\/div>\n\t\t\t\t\t\t<\/div>\n\t\t\t\t<\/div>\n\t\t\t\t<div class=\"elementor-element elementor-element-3fe1e1f elementor-widget-laptop__width-initial elementor-widget elementor-widget-text-editor\" data-id=\"3fe1e1f\" data-element_type=\"widget\" data-e-type=\"widget\" data-widget_type=\"text-editor.default\">\n\t\t\t\t<div class=\"elementor-widget-container\">\n\t\t\t\t\t\t\t\t\t<p>Nuevo Hongda prioriza la contrataci\u00f3n local, proporcionando oportunidades de empleo significativas para los residentes de la ciudad de Dainan. Colabora con instituciones profesionales locales como el Instituto Polit\u00e9cnico de Yangzhou para el desarrollo del talento. Reconocido como &#8220; Top 10 Empresa para Empleo y Emprendimiento en Xinghua City&#8221;  (2023 y 2024).<\/p>\t\t\t\t\t\t\t\t<\/div>\n\t\t\t\t<\/div>\n\t\t\t\t\t<\/div>\n\t\t<\/div>\n\t\t\t\t\t<\/div>\n\t\t<\/section>\n\t\t\t\t<section class=\"elementor-section elementor-inner-section elementor-element elementor-element-c54f862 elementor-section-full_width animated-fast elementor-reverse-tablet elementor-reverse-mobile elementor-section-height-default elementor-section-height-default elementor-invisible\" data-id=\"c54f862\" data-element_type=\"section\" data-e-type=\"section\" data-settings=\"{&quot;animation&quot;:&quot;slideInUp&quot;,&quot;animation_tablet&quot;:&quot;none&quot;,&quot;animation_mobile&quot;:&quot;none&quot;}\">\n\t\t\t\t\t\t<div class=\"elementor-container elementor-column-gap-default\">\n\t\t\t\t\t<div class=\"elementor-column elementor-col-50 elementor-inner-column elementor-element elementor-element-5c466bc\" data-id=\"5c466bc\" data-element_type=\"column\" data-e-type=\"column\">\n\t\t\t<div class=\"elementor-widget-wrap elementor-element-populated\">\n\t\t\t\t\t\t<div class=\"elementor-element elementor-element-f2b79de elementor-widget elementor-widget-ucaddon_dual_color_heading\" data-id=\"f2b79de\" data-element_type=\"widget\" data-e-type=\"widget\" data-widget_type=\"ucaddon_dual_color_heading.default\">\n\t\t\t\t<div class=\"elementor-widget-container\">\n\t\t\t\t\t\n<!-- start Dual Color Heading -->\n\n<div class=\"ue-dual-color-heading\">\n  <div>\n    <span class=\"ue-title-one\">Apoyo Educativo<\/span> <span class=\"ue-title-two\"><\/span>\n  <\/div>\n<\/div>\n<!-- end Dual Color Heading -->\t\t\t\t<\/div>\n\t\t\t\t<\/div>\n\t\t\t\t<div class=\"elementor-element elementor-element-922c6a7 elementor-widget-divider--view-line elementor-widget elementor-widget-divider\" data-id=\"922c6a7\" data-element_type=\"widget\" data-e-type=\"widget\" data-widget_type=\"divider.default\">\n\t\t\t\t<div class=\"elementor-widget-container\">\n\t\t\t\t\t\t\t<div class=\"elementor-divider\">\n\t\t\t<span class=\"elementor-divider-separator\">\n\t\t\t\t\t\t<\/span>\n\t\t<\/div>\n\t\t\t\t\t\t<\/div>\n\t\t\t\t<\/div>\n\t\t\t\t<div class=\"elementor-element elementor-element-64169a0 elementor-widget-laptop__width-initial elementor-widget elementor-widget-text-editor\" data-id=\"64169a0\" data-element_type=\"widget\" data-e-type=\"widget\" data-widget_type=\"text-editor.default\">\n\t\t\t\t<div class=\"elementor-widget-container\">\n\t\t\t\t\t\t\t\t\t<p>Estableci\u00f3 el &#8220; Nueva Beca Hongda&#8221; en la Escuela Secundaria Danan, la Escuela Secundaria Daize y la Escuela Secundaria Profesional Xinghua para proporcionar ayuda financiera a estudiantes desfavorecidos y reconocer la excelencia acad\u00e9mica. Asisti\u00f3 en la construcci\u00f3n de la Escuela Primaria BaiSha Town Hope en Lijiang, provincia de Yunnan.<\/p>\t\t\t\t\t\t\t\t<\/div>\n\t\t\t\t<\/div>\n\t\t\t\t\t<\/div>\n\t\t<\/div>\n\t\t\t\t<div class=\"elementor-column elementor-col-50 elementor-inner-column elementor-element elementor-element-e223a32\" data-id=\"e223a32\" data-element_type=\"column\" data-e-type=\"column\">\n\t\t\t<div class=\"elementor-widget-wrap elementor-element-populated\">\n\t\t\t\t\t\t<div class=\"elementor-element elementor-element-cb6f363 elementor-widget elementor-widget-image\" data-id=\"cb6f363\" data-element_type=\"widget\" data-e-type=\"widget\" data-widget_type=\"image.default\">\n\t\t\t\t<div class=\"elementor-widget-container\">\n\t\t\t\t\t\t\t\t\t\t\t\t\t\t\t<img decoding=\"async\" width=\"800\" height=\"473\" src=\"https:\/\/www.chinanhd.com\/wp-content\/uploads\/2025\/06\/Intersect-1-1024x605.png\" class=\"attachment-large size-large wp-image-3579\" alt=\"\" srcset=\"https:\/\/www.chinanhd.com\/wp-content\/uploads\/2025\/06\/Intersect-1-1024x605.png 1024w, https:\/\/www.chinanhd.com\/wp-content\/uploads\/2025\/06\/Intersect-1-300x177.png 300w, https:\/\/www.chinanhd.com\/wp-content\/uploads\/2025\/06\/Intersect-1-768x454.png 768w, https:\/\/www.chinanhd.com\/wp-content\/uploads\/2025\/06\/Intersect-1-18x12.png 18w, https:\/\/www.chinanhd.com\/wp-content\/uploads\/2025\/06\/Intersect-1-600x354.png 600w, https:\/\/www.chinanhd.com\/wp-content\/uploads\/2025\/06\/Intersect-1.png 1239w\" sizes=\"(max-width: 800px) 100vw, 800px\" \/>\t\t\t\t\t\t\t\t\t\t\t\t\t\t\t<\/div>\n\t\t\t\t<\/div>\n\t\t\t\t\t<\/div>\n\t\t<\/div>\n\t\t\t\t\t<\/div>\n\t\t<\/section>\n\t\t\t\t<section class=\"elementor-section elementor-inner-section elementor-element elementor-element-3dafed0 elementor-section-full_width animated-fast elementor-section-height-default elementor-section-height-default elementor-invisible\" data-id=\"3dafed0\" data-element_type=\"section\" data-e-type=\"section\" data-settings=\"{&quot;animation&quot;:&quot;slideInUp&quot;,&quot;animation_tablet&quot;:&quot;none&quot;,&quot;animation_mobile&quot;:&quot;none&quot;}\">\n\t\t\t\t\t\t<div class=\"elementor-container elementor-column-gap-default\">\n\t\t\t\t\t<div class=\"elementor-column elementor-col-50 elementor-inner-column elementor-element elementor-element-e3bfb7b\" data-id=\"e3bfb7b\" data-element_type=\"column\" data-e-type=\"column\">\n\t\t\t<div class=\"elementor-widget-wrap elementor-element-populated\">\n\t\t\t\t\t\t<div class=\"elementor-element elementor-element-4b60def elementor-widget elementor-widget-image\" data-id=\"4b60def\" data-element_type=\"widget\" data-e-type=\"widget\" data-widget_type=\"image.default\">\n\t\t\t\t<div class=\"elementor-widget-container\">\n\t\t\t\t\t\t\t\t\t\t\t\t\t\t\t<img decoding=\"async\" width=\"800\" height=\"473\" src=\"https:\/\/www.chinanhd.com\/wp-content\/uploads\/2025\/06\/Intersect-1024x605.png\" class=\"attachment-large size-large wp-image-3582\" alt=\"\" srcset=\"https:\/\/www.chinanhd.com\/wp-content\/uploads\/2025\/06\/Intersect-1024x605.png 1024w, https:\/\/www.chinanhd.com\/wp-content\/uploads\/2025\/06\/Intersect-300x177.png 300w, https:\/\/www.chinanhd.com\/wp-content\/uploads\/2025\/06\/Intersect-768x454.png 768w, https:\/\/www.chinanhd.com\/wp-content\/uploads\/2025\/06\/Intersect-18x12.png 18w, https:\/\/www.chinanhd.com\/wp-content\/uploads\/2025\/06\/Intersect-600x354.png 600w, https:\/\/www.chinanhd.com\/wp-content\/uploads\/2025\/06\/Intersect.png 1239w\" sizes=\"(max-width: 800px) 100vw, 800px\" \/>\t\t\t\t\t\t\t\t\t\t\t\t\t\t\t<\/div>\n\t\t\t\t<\/div>\n\t\t\t\t\t<\/div>\n\t\t<\/div>\n\t\t\t\t<div class=\"elementor-column elementor-col-50 elementor-inner-column elementor-element elementor-element-945bbb0\" data-id=\"945bbb0\" data-element_type=\"column\" data-e-type=\"column\">\n\t\t\t<div class=\"elementor-widget-wrap elementor-element-populated\">\n\t\t\t\t\t\t<div class=\"elementor-element elementor-element-5ed3ee7 elementor-widget elementor-widget-ucaddon_dual_color_heading\" data-id=\"5ed3ee7\" data-element_type=\"widget\" data-e-type=\"widget\" data-widget_type=\"ucaddon_dual_color_heading.default\">\n\t\t\t\t<div class=\"elementor-widget-container\">\n\t\t\t\t\t\n<!-- start Dual Color Heading -->\n\n<div class=\"ue-dual-color-heading\">\n  <div>\n    <span class=\"ue-title-one\">Alivio de la pobreza<\/span> <span class=\"ue-title-two\"><\/span>\n  <\/div>\n<\/div>\n<!-- end Dual Color Heading -->\t\t\t\t<\/div>\n\t\t\t\t<\/div>\n\t\t\t\t<div class=\"elementor-element elementor-element-01cf659 elementor-widget-divider--view-line elementor-widget elementor-widget-divider\" data-id=\"01cf659\" data-element_type=\"widget\" data-e-type=\"widget\" data-widget_type=\"divider.default\">\n\t\t\t\t<div class=\"elementor-widget-container\">\n\t\t\t\t\t\t\t<div class=\"elementor-divider\">\n\t\t\t<span class=\"elementor-divider-separator\">\n\t\t\t\t\t\t<\/span>\n\t\t<\/div>\n\t\t\t\t\t\t<\/div>\n\t\t\t\t<\/div>\n\t\t\t\t<div class=\"elementor-element elementor-element-cfb2ed2 elementor-widget-laptop__width-initial elementor-widget elementor-widget-text-editor\" data-id=\"cfb2ed2\" data-element_type=\"widget\" data-e-type=\"widget\" data-widget_type=\"text-editor.default\">\n\t\t\t\t<div class=\"elementor-widget-container\">\n\t\t\t\t\t\t\t\t\t<p>Subvenciones distribuidas a residentes mayores locales necesitados durante m\u00e1s de 30 a\u00f1os. Campa\u00f1as voluntarias de donaci\u00f3n de sangre organizadas regularmente. Financi\u00f3 proyectos de infraestructura rural, incluida la construcci\u00f3n de carreteras y puentes, para apoyar el desarrollo de la comunidad local.<\/p>\t\t\t\t\t\t\t\t<\/div>\n\t\t\t\t<\/div>\n\t\t\t\t\t<\/div>\n\t\t<\/div>\n\t\t\t\t\t<\/div>\n\t\t<\/section>\n\t\t\t\t<section class=\"elementor-section elementor-inner-section elementor-element elementor-element-2f1b215 elementor-section-full_width animated-fast elementor-reverse-tablet elementor-reverse-mobile elementor-section-height-default elementor-section-height-default elementor-invisible\" data-id=\"2f1b215\" data-element_type=\"section\" data-e-type=\"section\" data-settings=\"{&quot;animation&quot;:&quot;slideInUp&quot;,&quot;animation_tablet&quot;:&quot;none&quot;,&quot;animation_mobile&quot;:&quot;none&quot;}\">\n\t\t\t\t\t\t<div class=\"elementor-container elementor-column-gap-default\">\n\t\t\t\t\t<div class=\"elementor-column elementor-col-50 elementor-inner-column elementor-element elementor-element-6e1fe2c\" data-id=\"6e1fe2c\" data-element_type=\"column\" data-e-type=\"column\">\n\t\t\t<div class=\"elementor-widget-wrap elementor-element-populated\">\n\t\t\t\t\t\t<div class=\"elementor-element elementor-element-9a432bb elementor-widget elementor-widget-ucaddon_dual_color_heading\" data-id=\"9a432bb\" data-element_type=\"widget\" data-e-type=\"widget\" data-widget_type=\"ucaddon_dual_color_heading.default\">\n\t\t\t\t<div class=\"elementor-widget-container\">\n\t\t\t\t\t\n<!-- start Dual Color Heading -->\n\n<div class=\"ue-dual-color-heading\">\n  <div>\n    <span class=\"ue-title-one\">Pandemia y Socorro de Desastres<\/span> <span class=\"ue-title-two\"><\/span>\n  <\/div>\n<\/div>\n<!-- end Dual Color Heading -->\t\t\t\t<\/div>\n\t\t\t\t<\/div>\n\t\t\t\t<div class=\"elementor-element elementor-element-1de85fd elementor-widget-divider--view-line elementor-widget elementor-widget-divider\" data-id=\"1de85fd\" data-element_type=\"widget\" data-e-type=\"widget\" data-widget_type=\"divider.default\">\n\t\t\t\t<div class=\"elementor-widget-container\">\n\t\t\t\t\t\t\t<div class=\"elementor-divider\">\n\t\t\t<span class=\"elementor-divider-separator\">\n\t\t\t\t\t\t<\/span>\n\t\t<\/div>\n\t\t\t\t\t\t<\/div>\n\t\t\t\t<\/div>\n\t\t\t\t<div class=\"elementor-element elementor-element-4974759 elementor-widget-laptop__width-initial elementor-widget elementor-widget-text-editor\" data-id=\"4974759\" data-element_type=\"widget\" data-e-type=\"widget\" data-widget_type=\"text-editor.default\">\n\t\t\t\t<div class=\"elementor-widget-container\">\n\t\t\t\t\t\t\t\t\t<p>Don\u00f3 fondos a trav\u00e9s de organizaciones ben\u00e9ficas y la Cruz Roja para ayudar a los esfuerzos de socorro durante la COVID-19 y los desastres naturales. Distribuy\u00f3 suministros esenciales a trabajadores m\u00e9dicos de primera l\u00ednea, personas en cuarentena y empleados.<\/p>\t\t\t\t\t\t\t\t<\/div>\n\t\t\t\t<\/div>\n\t\t\t\t\t<\/div>\n\t\t<\/div>\n\t\t\t\t<div class=\"elementor-column elementor-col-50 elementor-inner-column elementor-element elementor-element-0b223d0\" data-id=\"0b223d0\" data-element_type=\"column\" data-e-type=\"column\">\n\t\t\t<div class=\"elementor-widget-wrap elementor-element-populated\">\n\t\t\t\t\t\t<div class=\"elementor-element elementor-element-7357ec6 elementor-widget elementor-widget-image\" data-id=\"7357ec6\" data-element_type=\"widget\" data-e-type=\"widget\" data-widget_type=\"image.default\">\n\t\t\t\t<div class=\"elementor-widget-container\">\n\t\t\t\t\t\t\t\t\t\t\t\t\t\t\t<img loading=\"lazy\" decoding=\"async\" width=\"800\" height=\"473\" src=\"https:\/\/www.chinanhd.com\/wp-content\/uploads\/2025\/06\/Intersect-2-1024x605.png\" class=\"attachment-large size-large wp-image-3580\" alt=\"\" srcset=\"https:\/\/www.chinanhd.com\/wp-content\/uploads\/2025\/06\/Intersect-2-1024x605.png 1024w, https:\/\/www.chinanhd.com\/wp-content\/uploads\/2025\/06\/Intersect-2-300x177.png 300w, https:\/\/www.chinanhd.com\/wp-content\/uploads\/2025\/06\/Intersect-2-768x454.png 768w, https:\/\/www.chinanhd.com\/wp-content\/uploads\/2025\/06\/Intersect-2-18x12.png 18w, https:\/\/www.chinanhd.com\/wp-content\/uploads\/2025\/06\/Intersect-2-600x354.png 600w, https:\/\/www.chinanhd.com\/wp-content\/uploads\/2025\/06\/Intersect-2.png 1239w\" sizes=\"(max-width: 800px) 100vw, 800px\" \/>\t\t\t\t\t\t\t\t\t\t\t\t\t\t\t<\/div>\n\t\t\t\t<\/div>\n\t\t\t\t\t<\/div>\n\t\t<\/div>\n\t\t\t\t\t<\/div>\n\t\t<\/section>\n\t\t\t\t\t<\/div>\n\t\t<\/div>\n\t\t\t\t\t<\/div>\n\t\t<\/section>\n\t\t\t\t<\/div>","protected":false},"excerpt":{"rendered":"<p>Social Responsibility Employment Security New Hongda prioritizes local hiring, providing significant employment opportunities for residents of Dainan Town. Collaborates with local vocational institutions like Yangzhou Polytechnic Institute for talent development. Recognized as a &#8220;Top 10 Enterprise for Employment and Entrepreneurship in Xinghua City&#8221; (2023 &amp; 2024). Education Support Established the &#8220;New Hongda Scholarship&#8221; at Danan [&hellip;]<\/p>\n","protected":false},"author":1,"featured_media":0,"parent":2833,"menu_order":6,"comment_status":"closed","ping_status":"closed","template":"elementor_header_footer","meta":{"footnotes":""},"class_list":["post-3482","page","type-page","status-publish","hentry"],"_links":{"self":[{"href":"https:\/\/www.chinanhd.com\/es\/wp-json\/wp\/v2\/pages\/3482","targetHints":{"allow":["GET"]}}],"collection":[{"href":"https:\/\/www.chinanhd.com\/es\/wp-json\/wp\/v2\/pages"}],"about":[{"href":"https:\/\/www.chinanhd.com\/es\/wp-json\/wp\/v2\/types\/page"}],"author":[{"embeddable":true,"href":"https:\/\/www.chinanhd.com\/es\/wp-json\/wp\/v2\/users\/1"}],"replies":[{"embeddable":true,"href":"https:\/\/www.chinanhd.com\/es\/wp-json\/wp\/v2\/comments?post=3482"}],"version-history":[{"count":1,"href":"https:\/\/www.chinanhd.com\/es\/wp-json\/wp\/v2\/pages\/3482\/revisions"}],"predecessor-version":[{"id":6307,"href":"https:\/\/www.chinanhd.com\/es\/wp-json\/wp\/v2\/pages\/3482\/revisions\/6307"}],"up":[{"embeddable":true,"href":"https:\/\/www.chinanhd.com\/es\/wp-json\/wp\/v2\/pages\/2833"}],"wp:attachment":[{"href":"https:\/\/www.chinanhd.com\/es\/wp-json\/wp\/v2\/media?parent=3482"}],"curies":[{"name":"WP","href":"https:\/\/api.w.org\/{rel}","templated":true}]}}