{"id":1647,"date":"2025-03-07T10:29:56","date_gmt":"2025-03-07T02:29:56","guid":{"rendered":"https:\/\/www.chinanhd.com\/?post_type=product&#038;p=1647"},"modified":"2025-12-18T16:44:16","modified_gmt":"2025-12-18T08:44:16","slug":"antivaho-de-malla-metalica","status":"publish","type":"product","link":"https:\/\/www.chinanhd.com\/es\/product\/antivaho-de-malla-metalica\/","title":{"rendered":"Depilador de malla de alambre"},"content":{"rendered":"<p>NHD se especializa en la fabricaci\u00f3n de antivaho de alambre y es un productor designado aprobado por el Ministerio de Qu\u00edmica, la Compa\u00f1\u00eda General de Metales No Ferrosos y la industria petroqu\u00edmica de China. La empresa ha participado en el desarrollo de tres generaciones de antivaho de alambre, y la norma de la industria qu\u00edmica en China para antivaho de caj\u00f3n se deriva de la norma empresarial de NHD.<\/p>\n<p>&nbsp;<\/p>\n<p><span style=\"font-size: 14pt;\"><strong>Aplicaciones:<\/strong><\/span><\/p>\n<p>Las conciliaturas se utilizan para separar las gotas l\u00edquidas arrastradas en el gas en la torre durante el proceso de producci\u00f3n.<\/p>\n<p><strong>\u00a0<\/strong><\/p>\n<p><span style=\"font-size: 14pt;\"><strong>Ventaja competitiva:<\/strong><\/span><\/p>\n<p><strong>1\u00aa Generaci\u00f3n: Tipo est\u00e1ndar<\/strong><\/p>\n<p>Caracter\u00edstica: Volumen peque\u00f1o, peso ligero, baja p\u00e9rdida de presi\u00f3n.<\/p>\n<p>&nbsp;<\/p>\n<p><strong>2\u00aa Generaci\u00f3n: Tipo caj\u00f3n (Patente n\u00ba ZL93.2.46402.5)<\/strong><\/p>\n<p>Caracter\u00edsticas:<\/p>\n<ol>\n<li>Levantar sin entrar en la torre;<\/li>\n<li>F\u00e1cil de limpiar, larga vida \u00fatil y rendimiento estable;<\/li>\n<li>Corto tiempo de reparaci\u00f3n, bajo coste, estructura simple;<\/li>\n<li>La placa ciega se puede instalar para cumplir con la operaci\u00f3n de carga reducida, buena adaptabilidad.<\/li>\n<\/ol>\n<p>&nbsp;<\/p>\n<p><strong>3\u00aa Generaci\u00f3n tipo V (Patente n\u00ba ZL97.2.36744.6)<\/strong><\/p>\n<p>Caracter\u00edsticas:<\/p>\n<ol>\n<li>evitando el reentrenamiento y aumentando la eficacia;<\/li>\n<li>aumentando el \u00e1rea de filtrado en 15%;<\/li>\n<li>Alto rendimiento como 2 capas Demister est\u00e1ndar.<\/li>\n<\/ol>","protected":false},"excerpt":{"rendered":"<p>New Hongda est\u00e1 especializada en la fabricaci\u00f3n de antivaho de alambre y tambi\u00e9n un fabricante designado por el Ministerio de Qu\u00edmica, Nonferrous General Company y Petrochemical Industry. New Hongda se uni\u00f3 y desarroll\u00f3 3 generaciones de antivaho de alambre y el est\u00e1ndar qu\u00edmico del antivaho de tipo caj\u00f3n est\u00e1 adaptado de nuestro Est\u00e1ndar Empresarial.<\/p>","protected":false},"featured_media":1648,"comment_status":"open","ping_status":"closed","template":"","meta":[],"product_brand":[],"product_cat":[31],"product_tag":[],"class_list":{"0":"post-1647","1":"product","2":"type-product","3":"status-publish","4":"has-post-thumbnail","6":"product_cat-desulfurization-equipment-series","8":"first","9":"instock","10":"shipping-taxable","11":"product-type-simple"},"_links":{"self":[{"href":"https:\/\/www.chinanhd.com\/es\/wp-json\/wp\/v2\/product\/1647","targetHints":{"allow":["GET"]}}],"collection":[{"href":"https:\/\/www.chinanhd.com\/es\/wp-json\/wp\/v2\/product"}],"about":[{"href":"https:\/\/www.chinanhd.com\/es\/wp-json\/wp\/v2\/types\/product"}],"replies":[{"embeddable":true,"href":"https:\/\/www.chinanhd.com\/es\/wp-json\/wp\/v2\/comments?post=1647"}],"wp:featuredmedia":[{"embeddable":true,"href":"https:\/\/www.chinanhd.com\/es\/wp-json\/wp\/v2\/media\/1648"}],"wp:attachment":[{"href":"https:\/\/www.chinanhd.com\/es\/wp-json\/wp\/v2\/media?parent=1647"}],"wp:term":[{"taxonomy":"product_brand","embeddable":true,"href":"https:\/\/www.chinanhd.com\/es\/wp-json\/wp\/v2\/product_brand?post=1647"},{"taxonomy":"product_cat","embeddable":true,"href":"https:\/\/www.chinanhd.com\/es\/wp-json\/wp\/v2\/product_cat?post=1647"},{"taxonomy":"product_tag","embeddable":true,"href":"https:\/\/www.chinanhd.com\/es\/wp-json\/wp\/v2\/product_tag?post=1647"}],"curies":[{"name":"WP","href":"https:\/\/api.w.org\/{rel}","templated":true}]}}