{"id":2661,"date":"2025-04-11T15:28:42","date_gmt":"2025-04-11T07:28:42","guid":{"rendered":"https:\/\/www.chinanhd.com\/?post_type=product&#038;p=2661"},"modified":"2025-12-18T16:44:17","modified_gmt":"2025-12-18T08:44:17","slug":"distribuidor-de-acido-multiplato","status":"publish","type":"product","link":"https:\/\/www.chinanhd.com\/es\/product\/distribuidor-de-acido-multiplato\/","title":{"rendered":"Distribuidor de \u00e1cido multi-dish"},"content":{"rendered":"<p>El distribuidor de \u00e1cidos de plato consiste en seis partes que incluyen encabezado de alimentaci\u00f3n, rama de alimentaci\u00f3n, tuber\u00eda de distribuci\u00f3n, placa de orificio, plato de distribuci\u00f3n, downper.<\/p>\n<p>&nbsp;<\/p>\n<p><span style=\"font-size: 14pt;\"><strong>Aplicaciones:<\/strong><\/span><\/p>\n<p>Se puede utilizar ampliamente en la purificaci\u00f3n de gas cola para la planta de energ\u00eda a carb\u00f3n y la planta qu\u00edmica a gran escala de refinaci\u00f3n de petr\u00f3leo, petroqu\u00edmico y fertilizante.<\/p>\n<p><strong>\u00a0<\/strong><\/p>\n<p><span style=\"font-size: 14pt;\"><strong>Ventaja competitiva:<\/strong><\/span><\/p>\n<p>Distribuci\u00f3n de la uni\u00f3n, una amplia gama de flujo de ajuste, peso ligero, sin efecto de escala y f\u00e1cil instalaci\u00f3n y mantenimiento<\/p>","protected":false},"excerpt":{"rendered":"<p>Dish acid distributor is consisted of six parts including feed header, feed branch, distributing pipe, orifice plate, distributing dish, downcomer. Distributing dishes are cylinder type while the distributing section is in square except dishes on the periphery of tower. The dish and square section are concentric. In general, in each dish there are 16 or [&hellip;]<\/p>\n","protected":false},"featured_media":2667,"comment_status":"open","ping_status":"closed","template":"","meta":[],"product_brand":[],"product_cat":[29],"product_tag":[],"class_list":{"0":"post-2661","1":"product","2":"type-product","3":"status-publish","4":"has-post-thumbnail","6":"product_cat-equipment-for-sulfuric-acid-industry","8":"first","9":"instock","10":"shipping-taxable","11":"product-type-simple"},"_links":{"self":[{"href":"https:\/\/www.chinanhd.com\/es\/wp-json\/wp\/v2\/product\/2661","targetHints":{"allow":["GET"]}}],"collection":[{"href":"https:\/\/www.chinanhd.com\/es\/wp-json\/wp\/v2\/product"}],"about":[{"href":"https:\/\/www.chinanhd.com\/es\/wp-json\/wp\/v2\/types\/product"}],"replies":[{"embeddable":true,"href":"https:\/\/www.chinanhd.com\/es\/wp-json\/wp\/v2\/comments?post=2661"}],"wp:featuredmedia":[{"embeddable":true,"href":"https:\/\/www.chinanhd.com\/es\/wp-json\/wp\/v2\/media\/2667"}],"wp:attachment":[{"href":"https:\/\/www.chinanhd.com\/es\/wp-json\/wp\/v2\/media?parent=2661"}],"wp:term":[{"taxonomy":"product_brand","embeddable":true,"href":"https:\/\/www.chinanhd.com\/es\/wp-json\/wp\/v2\/product_brand?post=2661"},{"taxonomy":"product_cat","embeddable":true,"href":"https:\/\/www.chinanhd.com\/es\/wp-json\/wp\/v2\/product_cat?post=2661"},{"taxonomy":"product_tag","embeddable":true,"href":"https:\/\/www.chinanhd.com\/es\/wp-json\/wp\/v2\/product_tag?post=2661"}],"curies":[{"name":"WP","href":"https:\/\/api.w.org\/{rel}","templated":true}]}}