{"id":2678,"date":"2025-04-11T15:40:19","date_gmt":"2025-04-11T07:40:19","guid":{"rendered":"https:\/\/www.chinanhd.com\/?post_type=product&#038;p=2678"},"modified":"2025-12-18T16:44:17","modified_gmt":"2025-12-18T08:44:17","slug":"espesador-para-decantacion-y-separacion","status":"publish","type":"product","link":"https:\/\/www.chinanhd.com\/es\/product\/espesador-para-decantacion-y-separacion\/","title":{"rendered":"Espesante"},"content":{"rendered":"<p>El espesante es un equipo de sedimentaci\u00f3n de gravedad para separar la mezcla l\u00edquida s\u00f3lida de fase homog\u00e9nea.<\/p>\n<p>&nbsp;<\/p>\n<p><span style=\"font-size: 14pt;\"><strong>Aplicaciones:<\/strong><\/span><\/p>\n<p>Los espesantes NHD encuentran aplicaciones extensas en m\u00faltiples industrias, incluyendo productos qu\u00edmicos de f\u00f3sforo, metalurgia no ferrosa, producci\u00f3n de al\u00famina, beneficiaci\u00f3n de metales, preparaci\u00f3n de carb\u00f3n, fabricaci\u00f3n de papel, tratamiento de aguas residuales y desulfuraci\u00f3n de centrales el\u00e9ctricas, etc.<\/p>\n<p><strong>\u00a0<\/strong><\/p>\n<p><span style=\"font-size: 14pt;\"><strong>Ventaja competitiva:<\/strong><\/span><\/p>\n<p><strong>Rendimiento de excelencia:<\/strong><\/p>\n<p>La capacidad del espesante de cono profundo de la serie NHD es 15 veces la de un espesante com\u00fan, mientras que su capacidad de compresi\u00f3n de flujo inferior es casi 10 veces mayor. Su dise\u00f1o estructural racional minimiza la destrucci\u00f3n de masas floculadas durante la diluci\u00f3n y la alimentaci\u00f3n.<\/p>\n<p>&nbsp;<\/p>\n<p><strong>S\u00faper par de salida:<\/strong><\/p>\n<p>Drive es una parte clave para cualquier tipo de espesores.<\/p>\n<p>&nbsp;<\/p>\n<p><strong>Sistema de monitoreo avanzado:<\/strong><\/p>\n<p>El espesante serie de NHD junto con DCS puede monitorear el material en Omni-Direction, que integra equipos relacionados y datos de procesos para controlar autom\u00e1ticamente.<\/p>","protected":false},"excerpt":{"rendered":"<p>Thickener is gravity sedimentation\u00a0equipment to separate liquid-solid mixture of homogeneous phase. It is extensively used in industries, such as thickener applied in mineral processing plant, separating fine mineral from water, thickener applied in chloride- alkali plant to separate salt mud, thickener applied in waste water processing plant, and wet process phosphorus aced etc. The thickener [&hellip;]<\/p>\n","protected":false},"featured_media":2679,"comment_status":"open","ping_status":"closed","template":"","meta":[],"product_brand":[],"product_cat":[28],"product_tag":[],"class_list":{"0":"post-2678","1":"product","2":"type-product","3":"status-publish","4":"has-post-thumbnail","6":"product_cat-agitatorthickener-series","8":"first","9":"instock","10":"shipping-taxable","11":"product-type-simple"},"_links":{"self":[{"href":"https:\/\/www.chinanhd.com\/es\/wp-json\/wp\/v2\/product\/2678","targetHints":{"allow":["GET"]}}],"collection":[{"href":"https:\/\/www.chinanhd.com\/es\/wp-json\/wp\/v2\/product"}],"about":[{"href":"https:\/\/www.chinanhd.com\/es\/wp-json\/wp\/v2\/types\/product"}],"replies":[{"embeddable":true,"href":"https:\/\/www.chinanhd.com\/es\/wp-json\/wp\/v2\/comments?post=2678"}],"wp:featuredmedia":[{"embeddable":true,"href":"https:\/\/www.chinanhd.com\/es\/wp-json\/wp\/v2\/media\/2679"}],"wp:attachment":[{"href":"https:\/\/www.chinanhd.com\/es\/wp-json\/wp\/v2\/media?parent=2678"}],"wp:term":[{"taxonomy":"product_brand","embeddable":true,"href":"https:\/\/www.chinanhd.com\/es\/wp-json\/wp\/v2\/product_brand?post=2678"},{"taxonomy":"product_cat","embeddable":true,"href":"https:\/\/www.chinanhd.com\/es\/wp-json\/wp\/v2\/product_cat?post=2678"},{"taxonomy":"product_tag","embeddable":true,"href":"https:\/\/www.chinanhd.com\/es\/wp-json\/wp\/v2\/product_tag?post=2678"}],"curies":[{"name":"WP","href":"https:\/\/api.w.org\/{rel}","templated":true}]}}