{"id":2685,"date":"2025-04-11T15:52:14","date_gmt":"2025-04-11T07:52:14","guid":{"rendered":"https:\/\/www.chinanhd.com\/?post_type=product&#038;p=2685"},"modified":"2025-12-18T16:44:17","modified_gmt":"2025-12-18T08:44:17","slug":"filtro-automatico-de-hojas","status":"publish","type":"product","link":"https:\/\/www.chinanhd.com\/es\/product\/filtro-automatico-de-hojas\/","title":{"rendered":"Filtro de hoja autom\u00e1tico"},"content":{"rendered":"<p>El filtro de hojas NHD consta principalmente de recipiente, cabezal, elemento filtrante, colector de recogida de l\u00edquido, dep\u00f3sito de alto nivel, recipiente de alivio de presi\u00f3n y dispositivo hidr\u00e1ulico de apertura r\u00e1pida, etc. El elemento filtrante est\u00e1 hecho de rejillas de pl\u00e1stico envueltas por una placa perforada de acero inoxidable, que se instala con un tubo colector de l\u00edquido.<\/p>\n<p>Durante la filtraci\u00f3n, la suspensi\u00f3n se bombea al recipiente, suspendiendo el s\u00f3lido en la suspensi\u00f3n gruesa se separa en la superficie de la tela y forma pastel;<\/p>\n<p>&nbsp;<\/p>\n<p><span style=\"font-size: 14pt;\"><strong>Aplicaciones:<\/strong><\/span><\/p>\n<p>El filtro de la hoja se puede aplicar ampliamente en industrias de productos qu\u00edmicos, petr\u00f3leo, pintura, alimentos y farmac\u00e9uticos, etc.<\/p>\n<p>&nbsp;<\/p>\n<p><span style=\"font-size: 14pt;\"><strong>Ventaja competitiva:<\/strong><\/span><\/p>\n<ul>\n<li>Funcionamiento autom\u00e1tico, baja fuerza de mano de obra, operaci\u00f3n f\u00e1cil;<\/li>\n<li>Correr en completo recinto, larga vida \u00fatil, sin fugas y contaminaci\u00f3n ambiental:<\/li>\n<li>Descarga de pastel de autolimpio de alta eficiente, recuperaci\u00f3n de la tela sin consumo de agua y reducci\u00f3n de la carga de evaporaci\u00f3n de manera efectiva;<\/li>\n<li>PLC con pantalla t\u00e1ctil, control confiable;<\/li>\n<li>Protecci\u00f3n \u00fanica de sobrecargas de presi\u00f3n triple en el filtro para garantizar absolutamente seguros;<\/li>\n<li>Dispositivo de apertura r\u00e1pida hidr\u00e1ulica: cabeza f\u00e1cil de abrir;<\/li>\n<li>Lodos de alta concentraci\u00f3n: el pastel de filtro se asiente en la parte inferior del recipiente despu\u00e9s de quitarle la tela, y se descargar\u00e1 en el siguiente ciclo con un largo tiempo de asentamiento:<\/li>\n<li>Las v\u00e1lvulas de aislamiento est\u00e1n equipadas para el elemento \u00fanico de aislamiento inmediatamente cuando ocurre anormal; v\u00e1lvula neum\u00e1tica especial confiable con buena vida din\u00e1mica y larga:<\/li>\n<li>El uso de elementos de filtro de pol\u00edmero mejora la precisi\u00f3n de la filtraci\u00f3n<\/li>\n<\/ul>","protected":false},"excerpt":{"rendered":"<p>NHD leaf filter mainly consists of vessel, head, filter element, liquid collecting manifold, high level tank, pressure relief pot and hydraulic fast open device etc. The filter element is made of plastic grids wrapped by stainless steel perforated plate, which is installed with collecting liquid tube. During filtration, slurry is pumped into vessel, suspending \u00a0solid [&hellip;]<\/p>\n","protected":false},"featured_media":2687,"comment_status":"open","ping_status":"closed","template":"","meta":[],"product_brand":[],"product_cat":[15],"product_tag":[],"class_list":{"0":"post-2685","1":"product","2":"type-product","3":"status-publish","4":"has-post-thumbnail","6":"product_cat-filter-series","8":"first","9":"instock","10":"shipping-taxable","11":"product-type-simple"},"_links":{"self":[{"href":"https:\/\/www.chinanhd.com\/es\/wp-json\/wp\/v2\/product\/2685","targetHints":{"allow":["GET"]}}],"collection":[{"href":"https:\/\/www.chinanhd.com\/es\/wp-json\/wp\/v2\/product"}],"about":[{"href":"https:\/\/www.chinanhd.com\/es\/wp-json\/wp\/v2\/types\/product"}],"replies":[{"embeddable":true,"href":"https:\/\/www.chinanhd.com\/es\/wp-json\/wp\/v2\/comments?post=2685"}],"wp:featuredmedia":[{"embeddable":true,"href":"https:\/\/www.chinanhd.com\/es\/wp-json\/wp\/v2\/media\/2687"}],"wp:attachment":[{"href":"https:\/\/www.chinanhd.com\/es\/wp-json\/wp\/v2\/media?parent=2685"}],"wp:term":[{"taxonomy":"product_brand","embeddable":true,"href":"https:\/\/www.chinanhd.com\/es\/wp-json\/wp\/v2\/product_brand?post=2685"},{"taxonomy":"product_cat","embeddable":true,"href":"https:\/\/www.chinanhd.com\/es\/wp-json\/wp\/v2\/product_cat?post=2685"},{"taxonomy":"product_tag","embeddable":true,"href":"https:\/\/www.chinanhd.com\/es\/wp-json\/wp\/v2\/product_tag?post=2685"}],"curies":[{"name":"WP","href":"https:\/\/api.w.org\/{rel}","templated":true}]}}