{"id":2692,"date":"2025-04-11T16:03:15","date_gmt":"2025-04-11T08:03:15","guid":{"rendered":"https:\/\/www.chinanhd.com\/?post_type=product&#038;p=2692"},"modified":"2025-12-18T16:44:17","modified_gmt":"2025-12-18T08:44:17","slug":"filtro-de-vacio-horizontal-de-banda-de-goma","status":"publish","type":"product","link":"https:\/\/www.chinanhd.com\/es\/product\/filtro-de-vacio-horizontal-de-banda-de-goma\/","title":{"rendered":"Filtro de vac\u00edo de correa de goma horizontal"},"content":{"rendered":"<p>El filtro de vac\u00edo de banda de goma horizontal es un equipo de filtraci\u00f3n con tela filtrante toroidal de movimiento circular como medio de filtraci\u00f3n, utilizando la presi\u00f3n negativa y la fuerza gravitacional proporcionada por el equipo de vac\u00edo para separar los s\u00f3lidos de los l\u00edquidos de forma r\u00e1pida y continua.<\/p>\n<p>&nbsp;<\/p>\n<p><span style=\"font-size: 14pt;\"><strong>Caracter\u00edsticas de la estructura:<\/strong><\/span><\/p>\n<ul>\n<li>Caja de vac\u00edo de preservaci\u00f3n de calor, reduciendo en gran medida el fen\u00f3meno de la escala de filtrado causado por la reducci\u00f3n de la temperatura ambiental.<\/li>\n<li>Cuadro de filtraci\u00f3n de succi\u00f3n al vac\u00edo de gu\u00eda de flujo, elevando la velocidad de flujo del filtrado y evitando la escala.<\/li>\n<li>El dise\u00f1o de la caja de filtraci\u00f3n de succi\u00f3n multivacuum acorta el proceso de filtrado en la correa de goma para hacer que el filtrado sea dif\u00edcil de escalar sin \u00e1ngulo muerto.<\/li>\n<li>Dispositivo de soporte de cintur\u00f3n de goma del nuevo tipo de estructura anular cancelador de la gu\u00eda de soporte y hace que el pastel no sea f\u00e1cil de romper sin romper el aspirador.<\/li>\n<\/ul>\n<p>&nbsp;<\/p>\n<p><span style=\"font-size: 14pt;\"><strong>Aplicaciones:<\/strong><\/span><\/p>\n<p>El filtro de vac\u00edo horizontal de banda de goma ha sido ampliamente utilizado en las industrias de \u00e1cido fosf\u00f3rico, metalurgia, miner\u00eda, qu\u00edmica, protecci\u00f3n del medio ambiente y desulfuraci\u00f3n en centrales el\u00e9ctricas, etc.<\/p>\n<p><strong>\u00a0<\/strong><\/p>\n<p><span style=\"font-size: 14pt;\"><strong>Ventajas competitivas:<\/strong><\/span><\/p>\n<p>1. Dispositivo de tensi\u00f3n de gran recorrido, alta velocidad de respuesta de la tensi\u00f3n de la tela, baja desviaci\u00f3n.<\/p>\n<p>2. 2. No hay incrustaciones en el interior de la gu\u00eda de flujo y la caja de vac\u00edo de preservaci\u00f3n del calor, baja resistencia al funcionamiento, alta eficiencia de producci\u00f3n, f\u00e1cil mantenimiento y reparaci\u00f3n.<\/p>\n<p>3. Pulverizadores multietapa, que reducen en gran medida la fuerza de operaci\u00f3n y mantenimiento.<\/p>\n<p>4. El buen rendimiento de recuperaci\u00f3n del aspersor de lavado especializado para tela filtrante puede recuperar la permeaci\u00f3n de aire de la tela filtrante al m\u00e1ximo.<\/p>\n<p>5. 5. Dise\u00f1o optimizado de las ranuras y orificios de filtrado de la cinta, excelente drenaje del filtrado y rendimiento de la filtraci\u00f3n.<\/p>\n<p>6. Soporte longitudinal de la correa de caucho, funcionamiento estable, sin grietas, gran presi\u00f3n diferencial de filtraci\u00f3n.<\/p>\n<p>7. Alta adaptabilidad para el equipo puede realizar el control del espesor de la torta, el agua de lavado, el grado de vac\u00edo y el ciclo de funcionamiento, etc.<\/p>\n<p>8. Buen efecto de lavado: mejor efecto de lavado por el tipo de lavado a contracorriente multietapa.<\/p>\n<p>9. El bastidor de alta resistencia de dise\u00f1o modular es f\u00e1cil de desmontar, transportar y montar. 10. Un campo de visi\u00f3n abierto permite conocer el estado de funcionamiento de los equipos en el primer momento.<\/p>\n<p>10. F\u00e1cil manejo, pocos componentes m\u00f3viles, bajo coste de mantenimiento.<\/p>","protected":false},"excerpt":{"rendered":"<p>The horizontal rubber belt vacuum filter is a filtration equipment with circular-moving toroidal filter cloth as filtration medium, using negative pressure &amp; gravitational force provided by vacuum equipment to separate solid from liquid quickly and continuously. &nbsp; Structure Features: Heat preservation vacuum box, greatly reducing the phenomenon of filtrate scaling caused by reduction of environmental [&hellip;]<\/p>\n","protected":false},"featured_media":2693,"comment_status":"open","ping_status":"closed","template":"","meta":[],"product_brand":[],"product_cat":[15],"product_tag":[],"class_list":{"0":"post-2692","1":"product","2":"type-product","3":"status-publish","4":"has-post-thumbnail","6":"product_cat-filter-series","8":"first","9":"instock","10":"shipping-taxable","11":"product-type-simple"},"_links":{"self":[{"href":"https:\/\/www.chinanhd.com\/es\/wp-json\/wp\/v2\/product\/2692","targetHints":{"allow":["GET"]}}],"collection":[{"href":"https:\/\/www.chinanhd.com\/es\/wp-json\/wp\/v2\/product"}],"about":[{"href":"https:\/\/www.chinanhd.com\/es\/wp-json\/wp\/v2\/types\/product"}],"replies":[{"embeddable":true,"href":"https:\/\/www.chinanhd.com\/es\/wp-json\/wp\/v2\/comments?post=2692"}],"wp:featuredmedia":[{"embeddable":true,"href":"https:\/\/www.chinanhd.com\/es\/wp-json\/wp\/v2\/media\/2693"}],"wp:attachment":[{"href":"https:\/\/www.chinanhd.com\/es\/wp-json\/wp\/v2\/media?parent=2692"}],"wp:term":[{"taxonomy":"product_brand","embeddable":true,"href":"https:\/\/www.chinanhd.com\/es\/wp-json\/wp\/v2\/product_brand?post=2692"},{"taxonomy":"product_cat","embeddable":true,"href":"https:\/\/www.chinanhd.com\/es\/wp-json\/wp\/v2\/product_cat?post=2692"},{"taxonomy":"product_tag","embeddable":true,"href":"https:\/\/www.chinanhd.com\/es\/wp-json\/wp\/v2\/product_tag?post=2692"}],"curies":[{"name":"WP","href":"https:\/\/api.w.org\/{rel}","templated":true}]}}