{"id":2699,"date":"2025-04-11T16:08:22","date_gmt":"2025-04-11T08:08:22","guid":{"rendered":"https:\/\/www.chinanhd.com\/?post_type=product&#038;p=2699"},"modified":"2025-12-18T16:44:17","modified_gmt":"2025-12-18T08:44:17","slug":"pulverizador-de-torre-de-regeneracion-de-desulfuracion-en-aceria","status":"publish","type":"product","link":"https:\/\/www.chinanhd.com\/es\/product\/pulverizador-de-torre-de-regeneracion-de-desulfuracion-en-aceria\/","title":{"rendered":"Torre de regeneraci\u00f3n de desulfurizaci\u00f3n, rociador en planta de acero"},"content":{"rendered":"<p>NHD contrata el revestimiento de aleaci\u00f3n del interior de la torre de absorci\u00f3n de desulfuraci\u00f3n de una central el\u00e9ctrica de la provincia de Shandong con una unidad de 6\u00d7700MW, incluido el suministro de todas las placas de aleaci\u00f3n C276, placas de aleaci\u00f3n 1.4529, tubos de aleaci\u00f3n, bridas, electrodos, alambres de soldadura y construcciones in situ.<\/p>\n<p>Los materiales del revestimiento son aleaci\u00f3n Hastelloy-C276 y 1.4529 supra austen\u00edtico fabricados en Estados Unidos.<\/p>\n<p>Las placas de aleaci\u00f3n se cortan mediante cizallas de agua o placa.<\/p>\n<p>La soldadura de uni\u00f3n entre placas de revestimiento garantiza la resistencia a la corrosi\u00f3n en la zona de la soldadura de uni\u00f3n. La soldadura de filete intermitente se utiliza entre la aleaci\u00f3n y el acero al carbono y la soldadura de solapamiento se utiliza entre las placas de revestimiento.<\/p>\n<p>La soldadura de enchufe se usa para obtener una buena resistencia y laminar entre la placa de revestimiento y la placa base.<\/p>\n<p>El pulverizador distribuye el lodo desde la bomba de circulaci\u00f3n a cada punto. Cada pulverizador se compone de un colector y docenas de ramas, y los purines de la torre de absorci\u00f3n ser\u00e1n bombeados a trav\u00e9s del colector y las ramas a las boquillas.<\/p>","protected":false},"excerpt":{"rendered":"<p>NHD contract alloy lining inside desulphurization absorption tower of one power plant in Shandong Province with 6\u00d7700MW unit, including supply of all C276 alloy plates, 1.4529 alloy plates, alloy pipes, flanges, electrodes, weld wires and site constructions. The lining materials are Hastelloy-C276 Alloy, and supper austenitic 1.4529 manufactured in the United States. Alloy plates are [&hellip;]<\/p>\n","protected":false},"featured_media":3007,"comment_status":"open","ping_status":"closed","template":"","meta":[],"product_brand":[],"product_cat":[31],"product_tag":[],"class_list":{"0":"post-2699","1":"product","2":"type-product","3":"status-publish","4":"has-post-thumbnail","6":"product_cat-desulfurization-equipment-series","8":"first","9":"instock","10":"shipping-taxable","11":"product-type-simple"},"_links":{"self":[{"href":"https:\/\/www.chinanhd.com\/es\/wp-json\/wp\/v2\/product\/2699","targetHints":{"allow":["GET"]}}],"collection":[{"href":"https:\/\/www.chinanhd.com\/es\/wp-json\/wp\/v2\/product"}],"about":[{"href":"https:\/\/www.chinanhd.com\/es\/wp-json\/wp\/v2\/types\/product"}],"replies":[{"embeddable":true,"href":"https:\/\/www.chinanhd.com\/es\/wp-json\/wp\/v2\/comments?post=2699"}],"wp:featuredmedia":[{"embeddable":true,"href":"https:\/\/www.chinanhd.com\/es\/wp-json\/wp\/v2\/media\/3007"}],"wp:attachment":[{"href":"https:\/\/www.chinanhd.com\/es\/wp-json\/wp\/v2\/media?parent=2699"}],"wp:term":[{"taxonomy":"product_brand","embeddable":true,"href":"https:\/\/www.chinanhd.com\/es\/wp-json\/wp\/v2\/product_brand?post=2699"},{"taxonomy":"product_cat","embeddable":true,"href":"https:\/\/www.chinanhd.com\/es\/wp-json\/wp\/v2\/product_cat?post=2699"},{"taxonomy":"product_tag","embeddable":true,"href":"https:\/\/www.chinanhd.com\/es\/wp-json\/wp\/v2\/product_tag?post=2699"}],"curies":[{"name":"WP","href":"https:\/\/api.w.org\/{rel}","templated":true}]}}