{"id":2704,"date":"2025-04-11T16:11:54","date_gmt":"2025-04-11T08:11:54","guid":{"rendered":"https:\/\/www.chinanhd.com\/?post_type=product&#038;p=2704"},"modified":"2025-12-18T16:44:17","modified_gmt":"2025-12-18T08:44:17","slug":"recipiente-a-presion","status":"publish","type":"product","link":"https:\/\/www.chinanhd.com\/es\/product\/recipiente-a-presion\/","title":{"rendered":"Recipiente a presi\u00f3n"},"content":{"rendered":"<p>En 2012, NHD recibi\u00f3 la licencia de fabricaci\u00f3n del recipiente de presi\u00f3n baja y media de primer y segundo tipo, dise\u00f1ando y fabricando varios reactores de presi\u00f3n, tanque de almacenamiento de presi\u00f3n, dep\u00f3sito de gas a presi\u00f3n, intercambiador de calor tubular, intercambiador de calor de placa, varias torres con presi\u00f3n, tanques con presi\u00f3n y vasos con presi\u00f3n, etc.<\/p>\n<p>&nbsp;<\/p>\n<p><span style=\"font-size: 14pt;\"><strong>Aplicaciones:<\/strong><\/span><\/p>\n<p>Los recipientes a presi\u00f3n pueden ser ampliamente utilizados en muchas industrias, como la fundici\u00f3n de metales no ferrosos, nuevos materiales ternarios, productos qu\u00edmicos finos, productos farmac\u00e9uticos, alimentos, productos qu\u00edmicos de sal, protecci\u00f3n del medio ambiente, etc., y se adaptan a muchos tipos de equipos como agitadores, etc.<\/p>","protected":false},"excerpt":{"rendered":"<p>In 2012, NHD was granted the Manufacture License of First &amp; Second Type Low &amp; Middle Pressure Vessel, designing and manufacturing various pressure reactor, pressure storage tank, pressure gas reservoir, tubular heat exchanger, plate heat exchanger, various towers with pressure, tanks with pressure and vessels with pressure etc. &nbsp; Applications: Pressure vessels can be widely [&hellip;]<\/p>\n","protected":false},"featured_media":2707,"comment_status":"open","ping_status":"closed","template":"","meta":[],"product_brand":[],"product_cat":[30],"product_tag":[],"class_list":{"0":"post-2704","1":"product","2":"type-product","3":"status-publish","4":"has-post-thumbnail","6":"product_cat-pressure-vessel-series","8":"first","9":"instock","10":"shipping-taxable","11":"product-type-simple"},"_links":{"self":[{"href":"https:\/\/www.chinanhd.com\/es\/wp-json\/wp\/v2\/product\/2704","targetHints":{"allow":["GET"]}}],"collection":[{"href":"https:\/\/www.chinanhd.com\/es\/wp-json\/wp\/v2\/product"}],"about":[{"href":"https:\/\/www.chinanhd.com\/es\/wp-json\/wp\/v2\/types\/product"}],"replies":[{"embeddable":true,"href":"https:\/\/www.chinanhd.com\/es\/wp-json\/wp\/v2\/comments?post=2704"}],"wp:featuredmedia":[{"embeddable":true,"href":"https:\/\/www.chinanhd.com\/es\/wp-json\/wp\/v2\/media\/2707"}],"wp:attachment":[{"href":"https:\/\/www.chinanhd.com\/es\/wp-json\/wp\/v2\/media?parent=2704"}],"wp:term":[{"taxonomy":"product_brand","embeddable":true,"href":"https:\/\/www.chinanhd.com\/es\/wp-json\/wp\/v2\/product_brand?post=2704"},{"taxonomy":"product_cat","embeddable":true,"href":"https:\/\/www.chinanhd.com\/es\/wp-json\/wp\/v2\/product_cat?post=2704"},{"taxonomy":"product_tag","embeddable":true,"href":"https:\/\/www.chinanhd.com\/es\/wp-json\/wp\/v2\/product_tag?post=2704"}],"curies":[{"name":"WP","href":"https:\/\/api.w.org\/{rel}","templated":true}]}}