{"id":2842,"date":"2025-04-29T10:12:20","date_gmt":"2025-04-29T02:12:20","guid":{"rendered":"https:\/\/www.chinanhd.com\/?post_type=product&#038;p=2842"},"modified":"2025-12-18T16:44:17","modified_gmt":"2025-12-18T08:44:17","slug":"becofil-filtro-de-velas","status":"publish","type":"product","link":"https:\/\/www.chinanhd.com\/es\/product\/becofil-filtro-de-velas\/","title":{"rendered":"Filtro vela BECOFIL"},"content":{"rendered":"<p>En 2005, NHD empez\u00f3 a colaborar con Begg Cousland para ensamblar los filtros de vela BECOFIL. Aunque los componentes principales se siguen importando de Begg Cousland, NHD garantiza que la calidad sea igual a la de los filtros originales importados.<\/p>\n<p>La sede de Begg Cousland Company se encuentra en Glasgow, Escocia, con una historia de m\u00e1s de 150 a\u00f1os. Begg Cousland se especializa en el dise\u00f1o y la fabricaci\u00f3n de eliminadores de niebla, ofreciendo una amplia gama de productos a base de alambre y fibra para el control de la contaminaci\u00f3n del aire industrial y la filtraci\u00f3n en proceso. Begg Cousland es el \u00fanico fabricante autorizado de filtros de vela de fibra por ICI, y suministr\u00f3 99% de filtros de vela no h\u00famedos para Lurgi Company.<\/p>\n<p>Hasta la fecha, Begg Cousland tiene cientos de aplicaciones en todo el mundo, y su filtro de velas BECOFIL se ha mejorado continuamente. Las fibras utilizadas en el filtro pueden ser tan peque\u00f1as como 7 micr\u00f3metros y se disponen direccionalmente mediante un proceso especial para eliminar la niebla de tama\u00f1o micro, cumpliendo los requisitos de emisiones industriales. Begg Cousland dise\u00f1a filtros bas\u00e1ndose en especificaciones como capacidad, p\u00e9rdida de presi\u00f3n y eficacia.<\/p>\n<p>&nbsp;<\/p>\n<p><strong>Aplicaciones:<\/strong><\/p>\n<ul>\n<li>Plantas de \u00e1cido sulf\u00farico (torre de secado, torres de absorci\u00f3n primaria\/secundaria)<\/li>\n<li>Procesos cloroalcalinos (cloro h\u00famedo\/seco, hidr\u00f3geno, tratamiento con NaOH concentrado)<\/li>\n<li>Sistemas auxiliares (torres de recuperaci\u00f3n de calor residual a baja temperatura, torres de lavado de gases mezclados)<\/li>\n<\/ul>\n<p>&nbsp;<\/p>\n<p><strong>Ventaja competitiva:<\/strong><\/p>\n<ol>\n<li>Fabricado con tecnolog\u00eda con licencia de ICI que utiliza fibras seleccionadas de forma \u00f3ptima y densidad de empaquetadura para una m\u00e1xima eliminaci\u00f3n de la niebla con una baja ca\u00edda de presi\u00f3n.<\/li>\n<li>El exclusivo proceso de compactaci\u00f3n en 5 pasos (pesaje, moldeo, compresi\u00f3n hidr\u00e1ulica a intervalos de 150 mm, calentamiento, desmoldeo) garantiza una distribuci\u00f3n uniforme de la densidad.<\/li>\n<li>Todos los componentes met\u00e1licos utilizan materiales anticorrosi\u00f3n como el 316L, con juntas de VITON para prolongar la vida \u00fatil.<\/li>\n<\/ol>\n<p>&nbsp;<\/p>","protected":false},"excerpt":{"rendered":"<p>El filtro de velas BECOFIL es un tipo de equipo de alta eficiencia y baja p\u00e9rdida de presi\u00f3n, que puede ser ampliamente utilizado en vaporizadores de agua de mar, sistemas de aire comprimido, sistemas de emisi\u00f3n de gases, torres de destilaci\u00f3n, tambores de expulsi\u00f3n, torres de lavado, torres de envasado, etc.<\/p>","protected":false},"featured_media":2843,"comment_status":"open","ping_status":"closed","template":"","meta":[],"product_brand":[],"product_cat":[31],"product_tag":[],"class_list":{"0":"post-2842","1":"product","2":"type-product","3":"status-publish","4":"has-post-thumbnail","6":"product_cat-desulfurization-equipment-series","8":"first","9":"instock","10":"shipping-taxable","11":"product-type-simple"},"_links":{"self":[{"href":"https:\/\/www.chinanhd.com\/es\/wp-json\/wp\/v2\/product\/2842","targetHints":{"allow":["GET"]}}],"collection":[{"href":"https:\/\/www.chinanhd.com\/es\/wp-json\/wp\/v2\/product"}],"about":[{"href":"https:\/\/www.chinanhd.com\/es\/wp-json\/wp\/v2\/types\/product"}],"replies":[{"embeddable":true,"href":"https:\/\/www.chinanhd.com\/es\/wp-json\/wp\/v2\/comments?post=2842"}],"wp:featuredmedia":[{"embeddable":true,"href":"https:\/\/www.chinanhd.com\/es\/wp-json\/wp\/v2\/media\/2843"}],"wp:attachment":[{"href":"https:\/\/www.chinanhd.com\/es\/wp-json\/wp\/v2\/media?parent=2842"}],"wp:term":[{"taxonomy":"product_brand","embeddable":true,"href":"https:\/\/www.chinanhd.com\/es\/wp-json\/wp\/v2\/product_brand?post=2842"},{"taxonomy":"product_cat","embeddable":true,"href":"https:\/\/www.chinanhd.com\/es\/wp-json\/wp\/v2\/product_cat?post=2842"},{"taxonomy":"product_tag","embeddable":true,"href":"https:\/\/www.chinanhd.com\/es\/wp-json\/wp\/v2\/product_tag?post=2842"}],"curies":[{"name":"WP","href":"https:\/\/api.w.org\/{rel}","templated":true}]}}