{"id":2850,"date":"2025-04-29T15:34:48","date_gmt":"2025-04-29T07:34:48","guid":{"rendered":"https:\/\/www.chinanhd.com\/?post_type=product&#038;p=2850"},"modified":"2025-12-18T16:44:17","modified_gmt":"2025-12-18T08:44:17","slug":"cepillo-rotativo-becoflex","status":"publish","type":"product","link":"https:\/\/www.chinanhd.com\/es\/product\/cepillo-rotativo-becoflex\/","title":{"rendered":"Fregadora de cepillo giratorio BECOFLEX"},"content":{"rendered":"<p>El principio de funcionamiento del depurador de cepillo giratorio BECOFLEX es un cepillo de fibras humedecidas que gira a gran velocidad en una carcasa de ventilador de voluta especial, creando as\u00ed un contacto de gases extremadamente din\u00e1mico. Las part\u00edculas presentes en la corriente de gases de escape sucios son arrastradas a la unidad por la succi\u00f3n generada por el cepillo giratorio, e impactan a gran velocidad con las fibras del cepillo giratorio, quedando completamente humedecidas. El siguiente efecto es el lavado centr\u00edfugo de las part\u00edculas, que impactan contra la superficie interior humedecida de la voluta. El lodo resultante se propulsa por el fondo del conducto de salida hasta el recipiente de separaci\u00f3n, donde cae por gravedad hasta el fondo para su eliminaci\u00f3n o recirculaci\u00f3n. Mientras tanto, el gas limpio (h\u00famedo) fluye hacia arriba desde el conducto hasta el recipiente de separaci\u00f3n y hacia la salida de gas superior.<\/p>\n<p>Normalmente se instala un antivaho \"Becofil\" para eliminar las gotas de l\u00edquido arrastradas.<\/p>\n<p>&nbsp;<\/p>\n<p><strong>Aplicaciones:<\/strong><\/p>\n<p>Para eliminar s\u00f3lidos (gruesos o finos), abatir part\u00edculas l\u00edquidas (aerosoles o gotas) o depurar gases nocivos, presentes en el flujo de gases industriales.<\/p>\n<p>&nbsp;<\/p>\n<p><strong>Ventaja competitiva:<\/strong><\/p>\n<ul>\n<li>El lavador de cepillos giratorios BECOFLEX es un lavador de gases h\u00famedos autolimpiante en el que el gas o el aire impactan contra los cepillos giratorios con s\u00f3lo una peque\u00f1a cantidad de l\u00edquido pulverizado. Esta rotaci\u00f3n din\u00e1mica garantiza un contacto excelente entre el gas y el l\u00edquido, y la estructura del equipo es muy compacta.<\/li>\n<li>En comparaci\u00f3n con las torres de relleno tradicionales o los separadores de cicl\u00f3n h\u00famedo, requiere menos l\u00edquido de limpieza al eliminar las part\u00edculas s\u00f3lidas.<\/li>\n<li>Puede utilizar agua o soluciones qu\u00edmicas para el lavado de gases a fin de controlar las emisiones de olores.<\/li>\n<li>La segunda etapa posterior puede equiparse con empaquetaduras u otros dispositivos de desempa\u00f1ado o absorci\u00f3n de gases (los cepillos de la primera etapa ya han eliminado el riesgo de obstrucciones s\u00f3lidas).<\/li>\n<li>Tiene su propia funci\u00f3n de ventilador porque la succi\u00f3n generada por los cepillos es mucho mayor que su propia p\u00e9rdida de presi\u00f3n. Esto significa que los clientes no necesitan adquirir ventiladores adicionales, y puede integrarse f\u00e1cilmente en las l\u00edneas de proceso existentes del cliente, lo que hace muy c\u00f3moda la modificaci\u00f3n de la purificaci\u00f3n de gases.<\/li>\n<li>Puede instalarse antes de los desempa\u00f1adores como prefiltro para eliminar part\u00edculas s\u00f3lidas y proteger los desempa\u00f1adores.<\/li>\n<\/ul>","protected":false},"excerpt":{"rendered":"<p>El lavador de cepillos rotativos BECOFLEX es un sistema de lavado universal e integrado para eliminar s\u00f3lidos (gruesos o finos), abatir part\u00edculas l\u00edquidas (aerosoles o gotitas) o depurar gases nocivos, presentes en el flujo de gases industriales.<\/p>","protected":false},"featured_media":2851,"comment_status":"open","ping_status":"closed","template":"","meta":[],"product_brand":[],"product_cat":[31],"product_tag":[],"class_list":{"0":"post-2850","1":"product","2":"type-product","3":"status-publish","4":"has-post-thumbnail","6":"product_cat-desulfurization-equipment-series","8":"first","9":"instock","10":"shipping-taxable","11":"product-type-simple"},"_links":{"self":[{"href":"https:\/\/www.chinanhd.com\/es\/wp-json\/wp\/v2\/product\/2850","targetHints":{"allow":["GET"]}}],"collection":[{"href":"https:\/\/www.chinanhd.com\/es\/wp-json\/wp\/v2\/product"}],"about":[{"href":"https:\/\/www.chinanhd.com\/es\/wp-json\/wp\/v2\/types\/product"}],"replies":[{"embeddable":true,"href":"https:\/\/www.chinanhd.com\/es\/wp-json\/wp\/v2\/comments?post=2850"}],"wp:featuredmedia":[{"embeddable":true,"href":"https:\/\/www.chinanhd.com\/es\/wp-json\/wp\/v2\/media\/2851"}],"wp:attachment":[{"href":"https:\/\/www.chinanhd.com\/es\/wp-json\/wp\/v2\/media?parent=2850"}],"wp:term":[{"taxonomy":"product_brand","embeddable":true,"href":"https:\/\/www.chinanhd.com\/es\/wp-json\/wp\/v2\/product_brand?post=2850"},{"taxonomy":"product_cat","embeddable":true,"href":"https:\/\/www.chinanhd.com\/es\/wp-json\/wp\/v2\/product_cat?post=2850"},{"taxonomy":"product_tag","embeddable":true,"href":"https:\/\/www.chinanhd.com\/es\/wp-json\/wp\/v2\/product_tag?post=2850"}],"curies":[{"name":"WP","href":"https:\/\/api.w.org\/{rel}","templated":true}]}}