{"id":2864,"date":"2025-04-29T15:56:18","date_gmt":"2025-04-29T07:56:18","guid":{"rendered":"https:\/\/www.chinanhd.com\/?post_type=product&#038;p=2864"},"modified":"2025-12-18T16:44:17","modified_gmt":"2025-12-18T08:44:17","slug":"carbon-fibre-candle-filter","status":"publish","type":"product","link":"https:\/\/www.chinanhd.com\/es\/product\/carbon-fibre-candle-filter\/","title":{"rendered":"Filtro de vela de fibra de carbono"},"content":{"rendered":"<p>En la planta de \u00e1cido sulf\u00farico de la fundici\u00f3n, los filtros de vela de fibra de vidrio se utilizan sobre todo en las torres de absorci\u00f3n. Sin embargo, el grado del mineral y los productos qu\u00edmicos suelen variar de una fundici\u00f3n a otra. En algunas fundiciones, los gases de escape contienen mucho fl\u00faor debido al mineral. El HF presente provocar\u00e1 la corrosi\u00f3n de la fibra de vidrio y reducir\u00e1 la vida \u00fatil del filtro de velas. Ha sido un problema muy dolor de cabeza para algunas fundiciones.<\/p>\n<p>El filtro de vela de fibra de carbono proporciona una vida \u00fatil m\u00e1s larga y una alta eficiencia para el control de las emisiones de gas para la planta de \u00e1cido fuera de gas con HF presente. Es el experto en soluciones HF. z<\/p>\n<p>&nbsp;<\/p>\n<p><strong>Aplicaciones:<\/strong><\/p>\n<p>Desulfuraci\u00f3n de gases de combusti\u00f3n y control de emisiones en la fundici\u00f3n de cobre, zinc, plomo, pirita y otras industrias metal\u00fargicas\/qu\u00edmicas no ferrosas.<\/p>\n<p>&nbsp;<\/p>\n<p><strong>Ventaja competitiva:<\/strong><\/p>\n<ul>\n<li>Mayor resistencia a la corrosi\u00f3n por \u00e1cido fluorh\u00eddrico que la fibra de vidrio<\/li>\n<li>Durabilidad a largo plazo en fundici\u00f3n con alto contenido en fl\u00faor\/gases qu\u00edmicos<\/li>\n<li>Adaptado a las plantas de fundici\u00f3n de cobre\/zinc\/plomo y de \u00e1cido sulf\u00farico<\/li>\n<\/ul>","protected":false},"excerpt":{"rendered":"<p>El filtro de fibra de carbono de \u00faltimo desarrollo proporciona una mejor soluci\u00f3n para la planta de fundici\u00f3n, tales como cobre, zinc, plomo, pirita y otros no ferrosos fundici\u00f3n y las industrias qu\u00edmicas con HF presente. Nueva Hongda introduce la fibra de carbono y promueve su aplicaci\u00f3n en China.<\/p>","protected":false},"featured_media":2865,"comment_status":"open","ping_status":"closed","template":"","meta":[],"product_brand":[],"product_cat":[31],"product_tag":[],"class_list":{"0":"post-2864","1":"product","2":"type-product","3":"status-publish","4":"has-post-thumbnail","6":"product_cat-desulfurization-equipment-series","8":"first","9":"instock","10":"shipping-taxable","11":"product-type-simple"},"_links":{"self":[{"href":"https:\/\/www.chinanhd.com\/es\/wp-json\/wp\/v2\/product\/2864","targetHints":{"allow":["GET"]}}],"collection":[{"href":"https:\/\/www.chinanhd.com\/es\/wp-json\/wp\/v2\/product"}],"about":[{"href":"https:\/\/www.chinanhd.com\/es\/wp-json\/wp\/v2\/types\/product"}],"replies":[{"embeddable":true,"href":"https:\/\/www.chinanhd.com\/es\/wp-json\/wp\/v2\/comments?post=2864"}],"wp:featuredmedia":[{"embeddable":true,"href":"https:\/\/www.chinanhd.com\/es\/wp-json\/wp\/v2\/media\/2865"}],"wp:attachment":[{"href":"https:\/\/www.chinanhd.com\/es\/wp-json\/wp\/v2\/media?parent=2864"}],"wp:term":[{"taxonomy":"product_brand","embeddable":true,"href":"https:\/\/www.chinanhd.com\/es\/wp-json\/wp\/v2\/product_brand?post=2864"},{"taxonomy":"product_cat","embeddable":true,"href":"https:\/\/www.chinanhd.com\/es\/wp-json\/wp\/v2\/product_cat?post=2864"},{"taxonomy":"product_tag","embeddable":true,"href":"https:\/\/www.chinanhd.com\/es\/wp-json\/wp\/v2\/product_tag?post=2864"}],"curies":[{"name":"WP","href":"https:\/\/api.w.org\/{rel}","templated":true}]}}