{"id":2867,"date":"2025-04-29T16:09:50","date_gmt":"2025-04-29T08:09:50","guid":{"rendered":"https:\/\/www.chinanhd.com\/?post_type=product&#038;p=2867"},"modified":"2025-12-18T16:44:18","modified_gmt":"2025-12-18T08:44:18","slug":"2867","status":"publish","type":"product","link":"https:\/\/www.chinanhd.com\/es\/product\/2867\/","title":{"rendered":"HD-1 Acero inoxidable con alto contenido en silicio"},"content":{"rendered":"<p><strong>Aplicaciones:<\/strong><\/p>\n<p>Adem\u00e1s de la fabricaci\u00f3n de distribuidores de \u00e1cido, el acero inoxidable HD-1 de alto contenido en silicio es ampliamente utilizado en las secciones de secado y absorci\u00f3n de plantas de \u00e1cido sulf\u00farico para la producci\u00f3n de: torres de secado, torres de absorci\u00f3n, filtros, placas de rejilla de soporte de embalaje, tanques de circulaci\u00f3n, tuber\u00edas soldadas, codos y reductores, bridas y manguitos, dispositivos de corriente anti-remolino, etc. Las unidades m\u00e1s antiguas en el campo han estado en funcionamiento durante m\u00e1s de una d\u00e9cada, con usuarios que informan de rendimiento normal y sin problemas de corrosi\u00f3n notables.<\/p>\n<p><strong>\u00a0<\/strong><\/p>\n<p><strong>Ventaja competitiva:<\/strong><\/p>\n<p>1. Desarrollo avanzado de materiales<\/p>\n<ul>\n<li>Combina alta tecnolog\u00eda extranjera con d\u00e9cadas de experiencia interna.<\/li>\n<li>Producido a trav\u00e9s de fundici\u00f3n por arco, refinado VOD, laminado y dibujo de tuber\u00edas.<\/li>\n<\/ul>\n<p><strong>\u00a0<\/strong><\/p>\n<p>2. Rendimiento superior<\/p>\n<ul>\n<li>Propiedades mec\u00e1nicas mejoradas despu\u00e9s del tratamiento de la soluci\u00f3n.<\/li>\n<li>Excelente soldabilidad y adaptabilidad en fr\u00edo\/caliente.<\/li>\n<\/ul>\n<p>&nbsp;<\/p>\n<p>3. Soluci\u00f3n espec\u00edfica de la industria<\/p>\n<ul>\n<li>Resolve la corta vida \u00fatil del equipo de \u00e1cido sulf\u00farico (alta temperatura\/concentraci\u00f3n).<\/li>\n<li>Bridas compuestas rentables (HD-1 316L\/304).<\/li>\n<\/ul>\n<p>&nbsp;<\/p>\n<p>4. Especificaci\u00f3n de soldadura<\/p>\n<ul style=\"list-style-type: disc;\">\n<li>Soldadura TIG manual con cables de carga personalizados.<\/li>\n<\/ul>","protected":false},"excerpt":{"rendered":"<p>El acero inoxidable de alto contenido en silicio HD-1 es un nuevo material resistente a la corrosi\u00f3n desarrollado conjuntamente por New Hongda y el Instituto de Investigaci\u00f3n de Metales de la Academia China de Ciencias. Presenta un excelente rendimiento a largo plazo en aplicaciones de \u00e1cido sulf\u00farico concentrado a alta temperatura.<\/p>","protected":false},"featured_media":2868,"comment_status":"open","ping_status":"closed","template":"","meta":[],"product_brand":[],"product_cat":[34],"product_tag":[],"class_list":{"0":"post-2867","1":"product","2":"type-product","3":"status-publish","4":"has-post-thumbnail","6":"product_cat-material-series","8":"first","9":"instock","10":"shipping-taxable","11":"product-type-simple"},"_links":{"self":[{"href":"https:\/\/www.chinanhd.com\/es\/wp-json\/wp\/v2\/product\/2867","targetHints":{"allow":["GET"]}}],"collection":[{"href":"https:\/\/www.chinanhd.com\/es\/wp-json\/wp\/v2\/product"}],"about":[{"href":"https:\/\/www.chinanhd.com\/es\/wp-json\/wp\/v2\/types\/product"}],"replies":[{"embeddable":true,"href":"https:\/\/www.chinanhd.com\/es\/wp-json\/wp\/v2\/comments?post=2867"}],"wp:featuredmedia":[{"embeddable":true,"href":"https:\/\/www.chinanhd.com\/es\/wp-json\/wp\/v2\/media\/2868"}],"wp:attachment":[{"href":"https:\/\/www.chinanhd.com\/es\/wp-json\/wp\/v2\/media?parent=2867"}],"wp:term":[{"taxonomy":"product_brand","embeddable":true,"href":"https:\/\/www.chinanhd.com\/es\/wp-json\/wp\/v2\/product_brand?post=2867"},{"taxonomy":"product_cat","embeddable":true,"href":"https:\/\/www.chinanhd.com\/es\/wp-json\/wp\/v2\/product_cat?post=2867"},{"taxonomy":"product_tag","embeddable":true,"href":"https:\/\/www.chinanhd.com\/es\/wp-json\/wp\/v2\/product_tag?post=2867"}],"curies":[{"name":"WP","href":"https:\/\/api.w.org\/{rel}","templated":true}]}}