{"id":2873,"date":"2025-04-29T16:31:43","date_gmt":"2025-04-29T08:31:43","guid":{"rendered":"https:\/\/www.chinanhd.com\/?post_type=product&#038;p=2873"},"modified":"2025-12-18T16:44:18","modified_gmt":"2025-12-18T08:44:18","slug":"tubo-distribuidor-de-acido","status":"publish","type":"product","link":"https:\/\/www.chinanhd.com\/es\/product\/tubo-distribuidor-de-acido\/","title":{"rendered":"Distribuidor de \u00e1cido canalizado"},"content":{"rendered":"<p>Las caracter\u00edsticas del distribuidor de \u00e1cido tubo-canal son las siguientes:<\/p>\n<ol>\n<li>La distribuci\u00f3n de \u00e1cido no es inferior a 42 puntos\/m\u00b2. Tiene una alta densidad de distribuci\u00f3n y puede distribuir uniformemente, lo que aumenta la tasa de humedad y la transferencia de masa; (Los puntos pueden ser dise\u00f1ados de acuerdo a los requisitos.)<\/li>\n<li>Los tubos descendentes de desbordamiento distribuyen uniformemente; el flujo de gas dif\u00edcilmente forma pasos cortos, lo que reduce la niebla arrastrada;<\/li>\n<li>Hecho de aleaci\u00f3n HD-1, alta resistencia a la corrosi\u00f3n sin protecci\u00f3n an\u00f3dica, la vida \u00fatil puede ser superior a 15 a\u00f1os;<\/li>\n<li>Al ser de aleaci\u00f3n, ser\u00e1 f\u00e1cil de soldar y montar;<\/li>\n<li>El distribuidor est\u00e1 dise\u00f1ado por expertos del instituto con una buena estructura, lo que resulta conveniente para la renovaci\u00f3n de plantas antiguas;<\/li>\n<li>Es dif\u00edcil bloquear el distribuidor y se puede ver su estado de funcionamiento.<\/li>\n<\/ol>\n<p>&nbsp;<\/p>\n<p><strong>Aplicaciones:<\/strong><\/p>\n<p>El distribuidor de \u00e1cido tubo-canal es ampliamente utilizado en torres de secado y torres de absorci\u00f3n de la industria del \u00e1cido sulf\u00farico. Su rendimiento de distribuci\u00f3n de \u00e1cido influye directamente en la eficiencia de la producci\u00f3n y los costes operativos de la fabricaci\u00f3n de \u00e1cido sulf\u00farico.<\/p>\n<p>&nbsp;<\/p>\n<p><strong>Ventaja competitiva:<\/strong><\/p>\n<p>El \u00faltimo distribuidor de \u00e1cido tipo rebosadero HD-3 lanzado por NHD absorbe las ventajas de los distribuidores de artesa y los distribuidores tubulares. Est\u00e1 aprobado como un distribuidor ideal por el Instituto Qu\u00edmico Nanjing:<\/p>\n<ol>\n<li>Estructura de desbordamiento racional, el \u00e1cido fluye uniforme y suavemente sin salpicar, baja p\u00e9rdida de presi\u00f3n;<\/li>\n<li>Orificios de distribuci\u00f3n equidistantes con 24 puntos\/m\u00b2;<\/li>\n<li>Estructura de ensamblaje de tuber\u00eda principal y ramales, f\u00e1cilmente desmontable;<\/li>\n<li>Superficie de secci\u00f3n libre de hasta 68%;<\/li>\n<li>El material patentado HD-3 es un tipo de aleaci\u00f3n de tierras raras con Ni, Cr, Mo, Cu y metal de tierras raras, desarrollado por el profesor Huanan Liu del Instituto de Aceros Especiales de NHD. Presenta una buena resistencia a la corrosi\u00f3n y una alta resistencia mec\u00e1nica. En \u00e1cido sulf\u00farico fuerte, se forma una pel\u00edcula compacta negra y lisa en la superficie para proteger el equipo.<\/li>\n<\/ol>","protected":false},"excerpt":{"rendered":"<p>El tubo distribuidor de \u00e1cido est\u00e1 fabricado con acero inoxidable austen\u00edtico HD-1 de alto contenido en silicio, investigado y desarrollado conjuntamente por New Hongda y el Instituto Nacional de Investigaci\u00f3n de Metales de la Academia China de Ciencias (IMR). La calidad es tan buena como el nivel internacional, pero el precio es s\u00f3lo un tercio de los de importaci\u00f3n. Los distribuidores se han utilizado con \u00e9xito en muchas plantas de \u00e1cido sulf\u00farico de China.<\/p>","protected":false},"featured_media":2874,"comment_status":"open","ping_status":"closed","template":"","meta":[],"product_brand":[],"product_cat":[29],"product_tag":[],"class_list":{"0":"post-2873","1":"product","2":"type-product","3":"status-publish","4":"has-post-thumbnail","6":"product_cat-equipment-for-sulfuric-acid-industry","8":"first","9":"instock","10":"shipping-taxable","11":"product-type-simple"},"_links":{"self":[{"href":"https:\/\/www.chinanhd.com\/es\/wp-json\/wp\/v2\/product\/2873","targetHints":{"allow":["GET"]}}],"collection":[{"href":"https:\/\/www.chinanhd.com\/es\/wp-json\/wp\/v2\/product"}],"about":[{"href":"https:\/\/www.chinanhd.com\/es\/wp-json\/wp\/v2\/types\/product"}],"replies":[{"embeddable":true,"href":"https:\/\/www.chinanhd.com\/es\/wp-json\/wp\/v2\/comments?post=2873"}],"wp:featuredmedia":[{"embeddable":true,"href":"https:\/\/www.chinanhd.com\/es\/wp-json\/wp\/v2\/media\/2874"}],"wp:attachment":[{"href":"https:\/\/www.chinanhd.com\/es\/wp-json\/wp\/v2\/media?parent=2873"}],"wp:term":[{"taxonomy":"product_brand","embeddable":true,"href":"https:\/\/www.chinanhd.com\/es\/wp-json\/wp\/v2\/product_brand?post=2873"},{"taxonomy":"product_cat","embeddable":true,"href":"https:\/\/www.chinanhd.com\/es\/wp-json\/wp\/v2\/product_cat?post=2873"},{"taxonomy":"product_tag","embeddable":true,"href":"https:\/\/www.chinanhd.com\/es\/wp-json\/wp\/v2\/product_tag?post=2873"}],"curies":[{"name":"WP","href":"https:\/\/api.w.org\/{rel}","templated":true}]}}