{"id":2882,"date":"2025-04-29T16:41:52","date_gmt":"2025-04-29T08:41:52","guid":{"rendered":"https:\/\/www.chinanhd.com\/?post_type=product&#038;p=2882"},"modified":"2025-12-18T16:44:18","modified_gmt":"2025-12-18T08:44:18","slug":"filtro-de-disco","status":"publish","type":"product","link":"https:\/\/www.chinanhd.com\/es\/product\/filtro-de-disco\/","title":{"rendered":"Filtro de disco"},"content":{"rendered":"<p>A trav\u00e9s de m\u00faltiples rondas de actualizaciones tecnol\u00f3gicas e innovaciones en los \u00faltimos a\u00f1os, los filtros de disco NHD han alcanzado ahora una etapa de madurez con un rendimiento general cada vez m\u00e1s sobresaliente. Hemos resuelto eficazmente problemas comunes como fugas de material, derrames, goteos y filtraciones que se produc\u00edan en modelos de filtros anteriores. Al mismo tiempo, nos hemos centrado constantemente en mejorar tanto el dise\u00f1o est\u00e9tico como la ergonom\u00eda operativa del equipo, impulsando su avance continuo hacia un funcionamiento m\u00e1s limpio, una mayor automatizaci\u00f3n y est\u00e1ndares internacionales.<\/p>\n<p>&nbsp;<\/p>\n<p><strong>Aplicaciones:<\/strong><\/p>\n<p>Los filtros de disco NHD se han utilizado con \u00e9xito en la industria de la al\u00famina para separar hidr\u00f3xido de aluminio de soluciones c\u00e1usticas. M\u00e1s all\u00e1 de esta aplicaci\u00f3n principal, estos filtros tambi\u00e9n est\u00e1n ganando cada vez m\u00e1s adeptos en m\u00faltiples sectores, como la metalurgia, la protecci\u00f3n del medio ambiente, el lavado de minerales y la fabricaci\u00f3n de papel.<\/p>\n<p>&nbsp;<\/p>\n<p><strong>Ventaja competitiva:<\/strong><\/p>\n<ul>\n<li>Amplia gama de aplicaciones, puede utilizarse en procesos de filtrado para beneficio, al\u00famina, productos qu\u00edmicos, etc.<\/li>\n<li>Gran capacidad de producci\u00f3n, alta eficiencia<\/li>\n<li>Gran di\u00e1metro del disco, m\u00e1s superficie de contacto<\/li>\n<li>Dise\u00f1o optimizado de la tuber\u00eda de suministro y la v\u00e1lvula de distribuci\u00f3n bajo experiencias, lo que acelera el flujo de filtrado.<\/li>\n<li>Alta velocidad de rotaci\u00f3n, f\u00e1cil mantenimiento e instalaci\u00f3n.<\/li>\n<li>Menor superficie ocupada por metro cuadrado de unidad de filtrado y menor coste del taller<\/li>\n<li>Bajo coste de explotaci\u00f3n<\/li>\n<\/ul>","protected":false},"excerpt":{"rendered":"<p>El filtro de disco es un equipo de filtraci\u00f3n con tela filtrante como medio, que utiliza la presi\u00f3n negativa proporcionada por la bomba de vac\u00edo para separar los s\u00f3lidos de los l\u00edquidos de forma r\u00e1pida y continua. Ya ha sido ampliamente utilizado en las industrias de metalurgia, miner\u00eda, qu\u00edmica, protecci\u00f3n del medio ambiente, etc.<\/p>","protected":false},"featured_media":2883,"comment_status":"open","ping_status":"closed","template":"","meta":[],"product_brand":[],"product_cat":[15],"product_tag":[],"class_list":{"0":"post-2882","1":"product","2":"type-product","3":"status-publish","4":"has-post-thumbnail","6":"product_cat-filter-series","8":"first","9":"instock","10":"shipping-taxable","11":"product-type-simple"},"_links":{"self":[{"href":"https:\/\/www.chinanhd.com\/es\/wp-json\/wp\/v2\/product\/2882","targetHints":{"allow":["GET"]}}],"collection":[{"href":"https:\/\/www.chinanhd.com\/es\/wp-json\/wp\/v2\/product"}],"about":[{"href":"https:\/\/www.chinanhd.com\/es\/wp-json\/wp\/v2\/types\/product"}],"replies":[{"embeddable":true,"href":"https:\/\/www.chinanhd.com\/es\/wp-json\/wp\/v2\/comments?post=2882"}],"wp:featuredmedia":[{"embeddable":true,"href":"https:\/\/www.chinanhd.com\/es\/wp-json\/wp\/v2\/media\/2883"}],"wp:attachment":[{"href":"https:\/\/www.chinanhd.com\/es\/wp-json\/wp\/v2\/media?parent=2882"}],"wp:term":[{"taxonomy":"product_brand","embeddable":true,"href":"https:\/\/www.chinanhd.com\/es\/wp-json\/wp\/v2\/product_brand?post=2882"},{"taxonomy":"product_cat","embeddable":true,"href":"https:\/\/www.chinanhd.com\/es\/wp-json\/wp\/v2\/product_cat?post=2882"},{"taxonomy":"product_tag","embeddable":true,"href":"https:\/\/www.chinanhd.com\/es\/wp-json\/wp\/v2\/product_tag?post=2882"}],"curies":[{"name":"WP","href":"https:\/\/api.w.org\/{rel}","templated":true}]}}