{"id":2889,"date":"2025-04-29T16:52:14","date_gmt":"2025-04-29T08:52:14","guid":{"rendered":"https:\/\/www.chinanhd.com\/?post_type=product&#038;p=2889"},"modified":"2026-01-08T14:11:36","modified_gmt":"2026-01-08T06:11:36","slug":"filtro-de-presion-automatico-vertical","status":"publish","type":"product","link":"https:\/\/www.chinanhd.com\/es\/product\/filtro-de-presion-automatico-vertical\/","title":{"rendered":"Filtro de presi\u00f3n autom\u00e1tico vertical"},"content":{"rendered":"<p>Con m\u00e1s de 10 a\u00f1os de investigaci\u00f3n y desarrollo, NHD ha realizado numerosas optimizaciones y modificaciones en el filtro prensa. NHD solicit\u00f3 y obtuvo m\u00e1s de 10 patentes (5 patentes de innovaci\u00f3n). La nueva generaci\u00f3n de filtros prensa con derechos de propiedad intelectual ha sido ampliamente utilizada en grandes unidades de proyectos nacionales y extranjeros. NHD ha sido la base de producci\u00f3n de filtros prensa autom\u00e1ticos verticales del plan nacional de antorchas.<\/p>\n<p>&nbsp;<\/p>\n<p><strong>Aplicaciones:<\/strong><\/p>\n<p>Amplias aplicaciones en industrias de no ferrosos, fundici\u00f3n, di\u00f3xido de titanio, qu\u00edmica, separaci\u00f3n de carb\u00f3n, alimentaci\u00f3n, porcelana, papel, az\u00facar, tintes, tratamiento de aguas residuales. Separa s\u00f3lidos de l\u00edquidos mediante lavado, filtrado y deshidrataci\u00f3n.<\/p>\n<p>&nbsp;<\/p>\n<p><strong>Ventaja competitiva:<\/strong><\/p>\n<ul>\n<li>Funcionamiento continuo y alto rendimiento<\/li>\n<li>Mucha poca humedad en la torta, incluso el proceso de secado tradicional puede ser eliminado para ahorrar energ\u00eda si es posible<\/li>\n<li>El proceso de lavado puede a\u00f1adirse seg\u00fan las necesidades para conseguir un buen efecto.<\/li>\n<li>Alto grado de automatizaci\u00f3n e interfaz de control sencilla con sistema de autodiagn\u00f3stico y alarma<\/li>\n<li>Estructura compacta, peque\u00f1a superficie cubierta y menor inversi\u00f3n para el taller<\/li>\n<\/ul>","protected":false},"excerpt":{"rendered":"<p>HDLY Filtro de Presi\u00f3n Autom\u00e1tico Vertical es desarrollado por New Hongda sobre la base de asimilar y digerir la \u00faltima tecnolog\u00eda de filtros de prensa en el pa\u00eds y en el extranjero con amplias aplicaciones en las industrias de no ferrosos, fundici\u00f3n, di\u00f3xido de titanio, qu\u00edmica, separaci\u00f3n de carb\u00f3n, alimentos, porcelana, papel, az\u00facar, colorantes, tratamiento de aguas residuales. Separa los s\u00f3lidos de los l\u00edquidos mediante lavado, filtrado y deshidrataci\u00f3n.<\/p>\n<p>&nbsp;<\/p>","protected":false},"featured_media":2890,"comment_status":"open","ping_status":"closed","template":"","meta":[],"product_brand":[],"product_cat":[27],"product_tag":[43],"class_list":{"0":"post-2889","1":"product","2":"type-product","3":"status-publish","4":"has-post-thumbnail","6":"product_cat-automatic-press-filter-series","7":"product_tag-test","9":"first","10":"instock","11":"shipping-taxable","12":"product-type-simple"},"_links":{"self":[{"href":"https:\/\/www.chinanhd.com\/es\/wp-json\/wp\/v2\/product\/2889","targetHints":{"allow":["GET"]}}],"collection":[{"href":"https:\/\/www.chinanhd.com\/es\/wp-json\/wp\/v2\/product"}],"about":[{"href":"https:\/\/www.chinanhd.com\/es\/wp-json\/wp\/v2\/types\/product"}],"replies":[{"embeddable":true,"href":"https:\/\/www.chinanhd.com\/es\/wp-json\/wp\/v2\/comments?post=2889"}],"wp:featuredmedia":[{"embeddable":true,"href":"https:\/\/www.chinanhd.com\/es\/wp-json\/wp\/v2\/media\/2890"}],"wp:attachment":[{"href":"https:\/\/www.chinanhd.com\/es\/wp-json\/wp\/v2\/media?parent=2889"}],"wp:term":[{"taxonomy":"product_brand","embeddable":true,"href":"https:\/\/www.chinanhd.com\/es\/wp-json\/wp\/v2\/product_brand?post=2889"},{"taxonomy":"product_cat","embeddable":true,"href":"https:\/\/www.chinanhd.com\/es\/wp-json\/wp\/v2\/product_cat?post=2889"},{"taxonomy":"product_tag","embeddable":true,"href":"https:\/\/www.chinanhd.com\/es\/wp-json\/wp\/v2\/product_tag?post=2889"}],"curies":[{"name":"WP","href":"https:\/\/api.w.org\/{rel}","templated":true}]}}