{"id":2896,"date":"2025-04-29T17:33:59","date_gmt":"2025-04-29T09:33:59","guid":{"rendered":"https:\/\/www.chinanhd.com\/?post_type=product&#038;p=2896"},"modified":"2025-12-18T16:44:18","modified_gmt":"2025-12-18T08:44:18","slug":"calentador-de-gas-serie-eh96-modelo-de-puerta-superior-modelo-de-puerta-lateral","status":"publish","type":"product","link":"https:\/\/www.chinanhd.com\/es\/product\/calentador-de-gas-serie-eh96-modelo-de-puerta-superior-modelo-de-puerta-lateral\/","title":{"rendered":"Calentador de gas serie EH96"},"content":{"rendered":"<p>El equipo presenta un dise\u00f1o racional, fiabilidad operativa, durabilidad, integridad estanca al gas y f\u00e1cil mantenimiento.<\/p>\n<p>&nbsp;<\/p>\n<p><strong>Actuaci\u00f3n principal<\/strong><\/p>\n<ul>\n<li>Tensi\u00f3n: 380 V<\/li>\n<li>Tipo de conexi\u00f3n: \u25b3 , Y<\/li>\n<li>Potencia nominal: 90-4800 kw<\/li>\n<li>Temperatura normal de entrada: temperatura ambiente a 400\u2103 (aire, gas SO2 seco)<\/li>\n<li>Temp. a la salida: \u2264550\u2103<\/li>\n<li>Temp. Temp: Cambio del n\u00famero de grupos el\u00e9ctricos energizados<\/li>\n<\/ul>\n<p>&nbsp;<\/p>\n<p><strong>Aplicaciones:<\/strong><\/p>\n<p>Gases de aplicaci\u00f3n: aire, gas SO2 seco, gases de combusti\u00f3n de combustibles<\/p>\n<p>&nbsp;<\/p>\n<p><strong><b>Ventaja competitiva:<\/b><\/strong><\/p>\n<ul>\n<li>Larga vida \u00fatil. Nuevo estilo de bobinado de alambre de resistencia hace que m\u00e1s de 95% elementos de calefacci\u00f3n expuestos en el flujo, y alto coeficiente de transferencia de calor; dise\u00f1o de baja carga superficial hace que el alambre dif\u00edcil de romper.<\/li>\n<li>F\u00e1cil sustituci\u00f3n de los elementos calefactores; estructura de la puerta de apertura r\u00e1pida.<\/li>\n<li>Peso m\u00e1s ligero; s\u00f3lo 1\/3 del horno de control de la misma potencia, aislante interior ligero con revestimiento inoxidable anticorrosi\u00f3n.<\/li>\n<li>Temperatura igual espaciada; el gas puede calentarse uniformemente incluso despu\u00e9s de que se detenga un elemento calefactor del grupo.<\/li>\n<li>Ahorro de energ\u00eda, r\u00e1pido aumento de la temperatura y alta eficiencia.<\/li>\n<li>Baja p\u00e9rdida de presi\u00f3n, tan baja como la de las tuber\u00edas.<\/li>\n<li>Las barras de transici\u00f3n evitan el agotamiento del aislamiento.<\/li>\n<li>El embalaje a alta temperatura garantiza puertas herm\u00e9ticas.<\/li>\n<\/ul>","protected":false},"excerpt":{"rendered":"<p>El calentador de gas de la serie Eh96 est\u00e1 dise\u00f1ado y fabricado sobre la base de la experiencia de producci\u00f3n del horno de resistencia de alambre, analizando el calentador de gas dom\u00e9stico utilizado en el proceso de conversi\u00f3n y absorbiendo tecnolog\u00eda extranjera. El calentador de gas ha obtenido una patente nacional. (Patente n\u00ba ZL96.2.31961.9)<\/p>","protected":false},"featured_media":2897,"comment_status":"open","ping_status":"closed","template":"","meta":[],"product_brand":[],"product_cat":[29],"product_tag":[],"class_list":{"0":"post-2896","1":"product","2":"type-product","3":"status-publish","4":"has-post-thumbnail","6":"product_cat-equipment-for-sulfuric-acid-industry","8":"first","9":"instock","10":"shipping-taxable","11":"product-type-simple"},"_links":{"self":[{"href":"https:\/\/www.chinanhd.com\/es\/wp-json\/wp\/v2\/product\/2896","targetHints":{"allow":["GET"]}}],"collection":[{"href":"https:\/\/www.chinanhd.com\/es\/wp-json\/wp\/v2\/product"}],"about":[{"href":"https:\/\/www.chinanhd.com\/es\/wp-json\/wp\/v2\/types\/product"}],"replies":[{"embeddable":true,"href":"https:\/\/www.chinanhd.com\/es\/wp-json\/wp\/v2\/comments?post=2896"}],"wp:featuredmedia":[{"embeddable":true,"href":"https:\/\/www.chinanhd.com\/es\/wp-json\/wp\/v2\/media\/2897"}],"wp:attachment":[{"href":"https:\/\/www.chinanhd.com\/es\/wp-json\/wp\/v2\/media?parent=2896"}],"wp:term":[{"taxonomy":"product_brand","embeddable":true,"href":"https:\/\/www.chinanhd.com\/es\/wp-json\/wp\/v2\/product_brand?post=2896"},{"taxonomy":"product_cat","embeddable":true,"href":"https:\/\/www.chinanhd.com\/es\/wp-json\/wp\/v2\/product_cat?post=2896"},{"taxonomy":"product_tag","embeddable":true,"href":"https:\/\/www.chinanhd.com\/es\/wp-json\/wp\/v2\/product_tag?post=2896"}],"curies":[{"name":"WP","href":"https:\/\/api.w.org\/{rel}","templated":true}]}}