{"id":3019,"date":"2025-05-27T13:51:51","date_gmt":"2025-05-27T05:51:51","guid":{"rendered":"https:\/\/www.chinanhd.com\/?post_type=product&#038;p=3019"},"modified":"2025-12-18T16:44:18","modified_gmt":"2025-12-18T08:44:18","slug":"co-current-agitator","status":"publish","type":"product","link":"https:\/\/www.chinanhd.com\/es\/product\/co-current-agitator\/","title":{"rendered":"Agitador de co-corriente"},"content":{"rendered":"<p>En los tanques de reacci\u00f3n de PA, el agitador en co-corriente genera fuerza casi en la misma direcci\u00f3n que el flujo de fluido. Este dise\u00f1o, combinado con un gradiente de concentraci\u00f3n superficial bajo, reduce significativamente la corrosi\u00f3n gaseosa y el ensuciamiento del eje.<\/p>\n<p>&nbsp;<\/p>\n<p>El dise\u00f1o de la pala del agitador se basa en un posicionamiento \u00f3ptimo en la zona de velocidad cr\u00edtica. A pesar de tener palas m\u00e1s peque\u00f1as que los agitadores PBT, ofrece un rendimiento superior. Adem\u00e1s, su di\u00e1metro compacto en la zona cr\u00edtica y su corriente radial m\u00e1s lenta minimizan los da\u00f1os en las paredes del dep\u00f3sito, alargando as\u00ed la vida \u00fatil del dep\u00f3sito de reacci\u00f3n.<\/p>\n<p>&nbsp;<\/p>\n<p><strong>Ventaja competitiva:<\/strong><\/p>\n<p>NHD posee una gama completa de equipos de pruebas de agitaci\u00f3n capaces de satisfacer los requisitos experimentales de diferentes fabricantes y procesos, incluyendo: pruebas a escala de laboratorio, pruebas piloto y experimentos de ampliaci\u00f3n.<\/p>\n<p>&nbsp;<\/p>\n<p>Tecnolog\u00edas avanzadas de I+D:<\/p>\n<ul>\n<li>Tecnolog\u00eda de an\u00e1lisis de fluidos CFD<\/li>\n<li>Tecnolog\u00eda de simulaci\u00f3n computerizada de mezcla de fluidos CFM<\/li>\n<li>Tecnolog\u00eda de velocimetr\u00eda l\u00e1ser Doppler LDA<\/li>\n<li>FEA an\u00e1lisis de elementos finitos<\/li>\n<li>Dise\u00f1o CAD 3D<\/li>\n<\/ul>","protected":false},"excerpt":{"rendered":"<p>In PA reaction tanks, the co-current agitator generates force in nearly the same direction as the fluid flow. This design, combined with low surface concentration gradient, significantly reduces gaseous corrosion and shaft fouling. &nbsp; The agitator blade is engineered based on optimal positioning in the speed-critical zone. Despite having smaller blades than PBT agitators, it [&hellip;]<\/p>\n","protected":false},"featured_media":3021,"comment_status":"open","ping_status":"closed","template":"","meta":[],"product_brand":[],"product_cat":[28],"product_tag":[],"class_list":{"0":"post-3019","1":"product","2":"type-product","3":"status-publish","4":"has-post-thumbnail","6":"product_cat-agitatorthickener-series","8":"first","9":"instock","10":"shipping-taxable","11":"product-type-simple"},"_links":{"self":[{"href":"https:\/\/www.chinanhd.com\/es\/wp-json\/wp\/v2\/product\/3019","targetHints":{"allow":["GET"]}}],"collection":[{"href":"https:\/\/www.chinanhd.com\/es\/wp-json\/wp\/v2\/product"}],"about":[{"href":"https:\/\/www.chinanhd.com\/es\/wp-json\/wp\/v2\/types\/product"}],"replies":[{"embeddable":true,"href":"https:\/\/www.chinanhd.com\/es\/wp-json\/wp\/v2\/comments?post=3019"}],"wp:featuredmedia":[{"embeddable":true,"href":"https:\/\/www.chinanhd.com\/es\/wp-json\/wp\/v2\/media\/3021"}],"wp:attachment":[{"href":"https:\/\/www.chinanhd.com\/es\/wp-json\/wp\/v2\/media?parent=3019"}],"wp:term":[{"taxonomy":"product_brand","embeddable":true,"href":"https:\/\/www.chinanhd.com\/es\/wp-json\/wp\/v2\/product_brand?post=3019"},{"taxonomy":"product_cat","embeddable":true,"href":"https:\/\/www.chinanhd.com\/es\/wp-json\/wp\/v2\/product_cat?post=3019"},{"taxonomy":"product_tag","embeddable":true,"href":"https:\/\/www.chinanhd.com\/es\/wp-json\/wp\/v2\/product_tag?post=3019"}],"curies":[{"name":"WP","href":"https:\/\/api.w.org\/{rel}","templated":true}]}}