{"id":3022,"date":"2025-05-27T13:57:06","date_gmt":"2025-05-27T05:57:06","guid":{"rendered":"https:\/\/www.chinanhd.com\/?post_type=product&#038;p=3022"},"modified":"2025-12-18T16:44:18","modified_gmt":"2025-12-18T08:44:18","slug":"agitador-de-oblicuidad-de-seccion-transversal-variable","status":"publish","type":"product","link":"https:\/\/www.chinanhd.com\/es\/product\/agitador-de-oblicuidad-de-seccion-transversal-variable\/","title":{"rendered":"Secci\u00f3n transversal variable &#038; Agitador Oblicidad"},"content":{"rendered":"<p>El agitador proporciona un elevado flujo axial de recirculaci\u00f3n con un bajo \u00edndice de cizallamiento, al tiempo que mantiene un consumo energ\u00e9tico m\u00ednimo. En comparaci\u00f3n con los agitadores PBT convencionales de 45\u00b0, consigue un rendimiento de mezcla equivalente al tiempo que reduce el consumo de energ\u00eda en 40-50%.<\/p>\n<p>&nbsp;<\/p>\n<p>Para las reacciones de desplazamiento de PA y las industrias de metales no ferrosos, los tanques de lixiviaci\u00f3n requieren una alta capacidad de bombeo con velocidades de cizallamiento controladas para evitar la rotura excesiva de cristales, un factor cr\u00edtico para los procesos posteriores de filtraci\u00f3n y sedimentaci\u00f3n. Espec\u00edficamente dise\u00f1ado para estas aplicaciones, el agitador de NHD ha sido ampliamente adoptado por los productores de PA y metales no ferrosos, demostrando una eficiencia operativa excepcional.<\/p>\n<p>&nbsp;<\/p>\n<p><strong>Ventaja competitiva:<\/strong><\/p>\n<p>NHD posee una gama completa de equipos de pruebas de agitaci\u00f3n capaces de satisfacer los requisitos experimentales de diferentes fabricantes y procesos, incluyendo: pruebas a escala de laboratorio, pruebas piloto y experimentos de ampliaci\u00f3n.<\/p>\n<p>&nbsp;<\/p>\n<p>Tecnolog\u00edas avanzadas de I+D:<\/p>\n<ul>\n<li>Tecnolog\u00eda de an\u00e1lisis de fluidos CFD<\/li>\n<li>Tecnolog\u00eda de simulaci\u00f3n computerizada de mezcla de fluidos CFM<\/li>\n<li>Tecnolog\u00eda de velocimetr\u00eda l\u00e1ser Doppler LDA<\/li>\n<li>FEA an\u00e1lisis de elementos finitos<\/li>\n<li>Dise\u00f1o CAD 3D<\/li>\n<\/ul>","protected":false},"excerpt":{"rendered":"<p>The agitator delivers high recirculating axial flow with low shear rate while maintaining minimal power consumption. Compared to conventional 45\u00b0 PBT agitators, it achieves equivalent mixing performance while reducing power consumption by 40-50%. &nbsp; For PA displacement reactions and non-ferrous metal industries, leaching tanks require high pumping capacity with controlled shear rates to prevent excessive [&hellip;]<\/p>\n","protected":false},"featured_media":3024,"comment_status":"open","ping_status":"closed","template":"","meta":[],"product_brand":[],"product_cat":[28],"product_tag":[],"class_list":{"0":"post-3022","1":"product","2":"type-product","3":"status-publish","4":"has-post-thumbnail","6":"product_cat-agitatorthickener-series","8":"first","9":"instock","10":"shipping-taxable","11":"product-type-simple"},"_links":{"self":[{"href":"https:\/\/www.chinanhd.com\/es\/wp-json\/wp\/v2\/product\/3022","targetHints":{"allow":["GET"]}}],"collection":[{"href":"https:\/\/www.chinanhd.com\/es\/wp-json\/wp\/v2\/product"}],"about":[{"href":"https:\/\/www.chinanhd.com\/es\/wp-json\/wp\/v2\/types\/product"}],"replies":[{"embeddable":true,"href":"https:\/\/www.chinanhd.com\/es\/wp-json\/wp\/v2\/comments?post=3022"}],"wp:featuredmedia":[{"embeddable":true,"href":"https:\/\/www.chinanhd.com\/es\/wp-json\/wp\/v2\/media\/3024"}],"wp:attachment":[{"href":"https:\/\/www.chinanhd.com\/es\/wp-json\/wp\/v2\/media?parent=3022"}],"wp:term":[{"taxonomy":"product_brand","embeddable":true,"href":"https:\/\/www.chinanhd.com\/es\/wp-json\/wp\/v2\/product_brand?post=3022"},{"taxonomy":"product_cat","embeddable":true,"href":"https:\/\/www.chinanhd.com\/es\/wp-json\/wp\/v2\/product_cat?post=3022"},{"taxonomy":"product_tag","embeddable":true,"href":"https:\/\/www.chinanhd.com\/es\/wp-json\/wp\/v2\/product_tag?post=3022"}],"curies":[{"name":"WP","href":"https:\/\/api.w.org\/{rel}","templated":true}]}}