{"id":3025,"date":"2025-05-27T14:07:15","date_gmt":"2025-05-27T06:07:15","guid":{"rendered":"https:\/\/www.chinanhd.com\/?post_type=product&#038;p=3025"},"modified":"2025-12-18T16:44:18","modified_gmt":"2025-12-18T08:44:18","slug":"side-entry-agitator","status":"publish","type":"product","link":"https:\/\/www.chinanhd.com\/es\/product\/side-entry-agitator\/","title":{"rendered":"Agitador de entrada lateral"},"content":{"rendered":"<p>El agitador de entrada lateral puede utilizarse en tanques de almacenamiento de l\u00edquidos a gran escala y tanques de aceite. Su consumo de energ\u00eda es s\u00f3lo de 1\/3 a 2\/3 como el agitador central para el tanque de l\u00edquido por encima de 1000m\u00b3 con el mismo efecto de mezcla. El agitador de entrada lateral tiene varias ventajas, como un bajo coste de fabricaci\u00f3n y cimentaci\u00f3n.<\/p>\n<p>&nbsp;<\/p>\n<p>Este agitador evita que el l\u00edquido del dep\u00f3sito salga al exterior mediante un dispositivo de sellado.<\/p>\n<p>Junta de estanqueidad del eje y cierre mec\u00e1nico:<\/p>\n<ul>\n<li>El innovador dise\u00f1o del sello de la empaquetadura resuelve los problemas tradicionales del sello de la empaquetadura, mejorando significativamente la capacidad de mantenimiento en l\u00ednea, reduciendo las fugas y minimizando el desgaste del manguito del eje.<\/li>\n<li>La junta mec\u00e1nica de estanqueidad mejorada estructuralmente resuelve los problemas de vibraci\u00f3n de las palas del agitador y de pulsaciones del eje gracias a su anillo de estanqueidad estacionario de alto rendimiento, lo que se traduce en una mayor eficacia, menores costes de funcionamiento y una mayor vida \u00fatil.<\/li>\n<\/ul>\n<p>&nbsp;<\/p>\n<p><strong>Ventaja competitiva:<\/strong><\/p>\n<p>NHD posee una gama completa de equipos de pruebas de agitaci\u00f3n capaces de satisfacer los requisitos experimentales de diferentes fabricantes y procesos, incluyendo: pruebas a escala de laboratorio, pruebas piloto y experimentos de ampliaci\u00f3n.<\/p>\n<p>&nbsp;<\/p>\n<p>Tecnolog\u00edas avanzadas de I+D:<\/p>\n<ul>\n<li>Tecnolog\u00eda de an\u00e1lisis de fluidos CFD<\/li>\n<li>Tecnolog\u00eda de simulaci\u00f3n computerizada de mezcla de fluidos CFM<\/li>\n<li>Tecnolog\u00eda de velocimetr\u00eda l\u00e1ser Doppler LDA<\/li>\n<li>FEA an\u00e1lisis de elementos finitos<\/li>\n<li>Dise\u00f1o CAD 3D<\/li>\n<\/ul>","protected":false},"excerpt":{"rendered":"<p>Side-entry agitator can be used in large scale liquid storage tank and oil tank. Its power consumption is only 1\/3 to 2\/3 as center agitator\u2019s for liquid tank above 1000m\u00b3 at the same effect of blending. The side-entry agitator has several advantages, such as low manufacturing and foundation cost. &nbsp; This agitator prevent liquid in [&hellip;]<\/p>\n","protected":false},"featured_media":3028,"comment_status":"open","ping_status":"closed","template":"","meta":[],"product_brand":[],"product_cat":[28],"product_tag":[],"class_list":{"0":"post-3025","1":"product","2":"type-product","3":"status-publish","4":"has-post-thumbnail","6":"product_cat-agitatorthickener-series","8":"first","9":"instock","10":"shipping-taxable","11":"product-type-simple"},"_links":{"self":[{"href":"https:\/\/www.chinanhd.com\/es\/wp-json\/wp\/v2\/product\/3025","targetHints":{"allow":["GET"]}}],"collection":[{"href":"https:\/\/www.chinanhd.com\/es\/wp-json\/wp\/v2\/product"}],"about":[{"href":"https:\/\/www.chinanhd.com\/es\/wp-json\/wp\/v2\/types\/product"}],"replies":[{"embeddable":true,"href":"https:\/\/www.chinanhd.com\/es\/wp-json\/wp\/v2\/comments?post=3025"}],"wp:featuredmedia":[{"embeddable":true,"href":"https:\/\/www.chinanhd.com\/es\/wp-json\/wp\/v2\/media\/3028"}],"wp:attachment":[{"href":"https:\/\/www.chinanhd.com\/es\/wp-json\/wp\/v2\/media?parent=3025"}],"wp:term":[{"taxonomy":"product_brand","embeddable":true,"href":"https:\/\/www.chinanhd.com\/es\/wp-json\/wp\/v2\/product_brand?post=3025"},{"taxonomy":"product_cat","embeddable":true,"href":"https:\/\/www.chinanhd.com\/es\/wp-json\/wp\/v2\/product_cat?post=3025"},{"taxonomy":"product_tag","embeddable":true,"href":"https:\/\/www.chinanhd.com\/es\/wp-json\/wp\/v2\/product_tag?post=3025"}],"curies":[{"name":"WP","href":"https:\/\/api.w.org\/{rel}","templated":true}]}}