{"id":3029,"date":"2025-05-27T14:11:38","date_gmt":"2025-05-27T06:11:38","guid":{"rendered":"https:\/\/www.chinanhd.com\/?post_type=product&#038;p=3029"},"modified":"2025-12-18T16:44:18","modified_gmt":"2025-12-18T08:44:18","slug":"agitator-for-nonferrous-industry-and-beneficiation","status":"publish","type":"product","link":"https:\/\/www.chinanhd.com\/es\/product\/agitator-for-nonferrous-industry-and-beneficiation\/","title":{"rendered":"Agitador para la industria no ferrosa y el beneficio"},"content":{"rendered":"<p>En la industria qu\u00edmica, nuestra empresa dise\u00f1a y fabrica agitadores de diversas especificaciones y configuraciones para satisfacer los requisitos de procesos como la mezcla de materiales, la disoluci\u00f3n, la transferencia de calor, la preparaci\u00f3n de suspensiones, las reacciones de polimerizaci\u00f3n y la producci\u00f3n de catalizadores. Para aplicaciones de procesamiento de minerales, nuestros agitadores especialmente dise\u00f1ados garantizan una mezcla suave de los lodos y una distribuci\u00f3n uniforme de la concentraci\u00f3n en los dep\u00f3sitos.<\/p>\n<p>&nbsp;<\/p>\n<p><strong>Ventaja competitiva:<\/strong><\/p>\n<p>NHD posee una gama completa de equipos de pruebas de agitaci\u00f3n capaces de satisfacer los requisitos experimentales de diferentes fabricantes y procesos, incluyendo: pruebas a escala de laboratorio, pruebas piloto y experimentos de ampliaci\u00f3n.<\/p>\n<p>&nbsp;<\/p>\n<p>Tecnolog\u00edas avanzadas de I+D:<\/p>\n<ul>\n<li>Tecnolog\u00eda de an\u00e1lisis de fluidos CFD<\/li>\n<li>Tecnolog\u00eda de simulaci\u00f3n computerizada de mezcla de fluidos CFM<\/li>\n<li>Tecnolog\u00eda de velocimetr\u00eda l\u00e1ser Doppler LDA<\/li>\n<li>FEA an\u00e1lisis de elementos finitos<\/li>\n<li>Dise\u00f1o CAD 3D<\/li>\n<\/ul>","protected":false},"excerpt":{"rendered":"<p>In the chemical industry, our company designs and manufactures agitators of various specifications and configurations to meet process requirements such as material mixing, dissolution, heat transfer, suspension preparation, polymerization reactions, and catalyst production. For mineral processing applications, our specially designed agitators ensure smooth slurry mixing and uniform concentration distribution in tanks. &nbsp; Competitive Advantage: NHD [&hellip;]<\/p>\n","protected":false},"featured_media":3030,"comment_status":"open","ping_status":"closed","template":"","meta":[],"product_brand":[],"product_cat":[28],"product_tag":[],"class_list":{"0":"post-3029","1":"product","2":"type-product","3":"status-publish","4":"has-post-thumbnail","6":"product_cat-agitatorthickener-series","8":"first","9":"instock","10":"shipping-taxable","11":"product-type-simple"},"_links":{"self":[{"href":"https:\/\/www.chinanhd.com\/es\/wp-json\/wp\/v2\/product\/3029","targetHints":{"allow":["GET"]}}],"collection":[{"href":"https:\/\/www.chinanhd.com\/es\/wp-json\/wp\/v2\/product"}],"about":[{"href":"https:\/\/www.chinanhd.com\/es\/wp-json\/wp\/v2\/types\/product"}],"replies":[{"embeddable":true,"href":"https:\/\/www.chinanhd.com\/es\/wp-json\/wp\/v2\/comments?post=3029"}],"wp:featuredmedia":[{"embeddable":true,"href":"https:\/\/www.chinanhd.com\/es\/wp-json\/wp\/v2\/media\/3030"}],"wp:attachment":[{"href":"https:\/\/www.chinanhd.com\/es\/wp-json\/wp\/v2\/media?parent=3029"}],"wp:term":[{"taxonomy":"product_brand","embeddable":true,"href":"https:\/\/www.chinanhd.com\/es\/wp-json\/wp\/v2\/product_brand?post=3029"},{"taxonomy":"product_cat","embeddable":true,"href":"https:\/\/www.chinanhd.com\/es\/wp-json\/wp\/v2\/product_cat?post=3029"},{"taxonomy":"product_tag","embeddable":true,"href":"https:\/\/www.chinanhd.com\/es\/wp-json\/wp\/v2\/product_tag?post=3029"}],"curies":[{"name":"WP","href":"https:\/\/api.w.org\/{rel}","templated":true}]}}