{"id":3033,"date":"2025-05-27T14:14:38","date_gmt":"2025-05-27T06:14:38","guid":{"rendered":"https:\/\/www.chinanhd.com\/?post_type=product&#038;p=3033"},"modified":"2025-12-18T16:44:18","modified_gmt":"2025-12-18T08:44:18","slug":"extra-long-agitator","status":"publish","type":"product","link":"https:\/\/www.chinanhd.com\/es\/product\/extra-long-agitator\/","title":{"rendered":"Agitador extra largo"},"content":{"rendered":"<p>NHD desarroll\u00f3 el agitador de gran tama\u00f1o para el proyecto PA de 300.000t\/a, siendo pionera en la localizaci\u00f3n del equipo en China. Mientras tanto, establecimos un nuevo r\u00e9cord de aplicaci\u00f3n de agitador de alta potencia, carga pesada y extralargo en la industria.<\/p>\n<p>&nbsp;<\/p>\n<p>NHD ha invertido mucho en la investigaci\u00f3n de nuevos materiales para agitadores. Adem\u00e1s de materiales est\u00e1ndar como 304, 304L, 316L, 317L y 904L, NHD tambi\u00e9n ha desarrollado docenas de materiales especializados adaptados a diversas condiciones, como la temperatura, la concentraci\u00f3n de \u00e1cido\/\u00e1lcali y la resistencia extrema a la corrosi\u00f3n y al desgaste, para garantizar un rendimiento \u00f3ptimo.<\/p>\n<p>&nbsp;<\/p>\n<p><strong>Ventaja competitiva:<\/strong><\/p>\n<p>NHD posee una gama completa de equipos de pruebas de agitaci\u00f3n capaces de satisfacer los requisitos experimentales de diferentes fabricantes y procesos, incluyendo: pruebas a escala de laboratorio, pruebas piloto y experimentos de ampliaci\u00f3n.<\/p>\n<p>&nbsp;<\/p>\n<p>Tecnolog\u00edas avanzadas de I+D:<\/p>\n<ul>\n<li>Tecnolog\u00eda de an\u00e1lisis de fluidos CFD<\/li>\n<li>Tecnolog\u00eda de simulaci\u00f3n computerizada de mezcla de fluidos CFM<\/li>\n<li>Tecnolog\u00eda de velocimetr\u00eda l\u00e1ser Doppler LDA<\/li>\n<li>FEA an\u00e1lisis de elementos finitos<\/li>\n<li>Dise\u00f1o CAD 3D<\/li>\n<\/ul>","protected":false},"excerpt":{"rendered":"<p>NHD developed the large agitator for 300,000t\/a PA project, pioneering the localization of the equipment in China. Meanwhile, we set a new record of application of high power, heavy load, extra-long agitator in the industry. &nbsp; NHD has heavily invested in researching new agitator materials. Beyond standard materials like 304, 304L, 316L, 317L, and 904L, [&hellip;]<\/p>\n","protected":false},"featured_media":3034,"comment_status":"open","ping_status":"closed","template":"","meta":[],"product_brand":[],"product_cat":[28],"product_tag":[],"class_list":{"0":"post-3033","1":"product","2":"type-product","3":"status-publish","4":"has-post-thumbnail","6":"product_cat-agitatorthickener-series","8":"first","9":"instock","10":"shipping-taxable","11":"product-type-simple"},"_links":{"self":[{"href":"https:\/\/www.chinanhd.com\/es\/wp-json\/wp\/v2\/product\/3033","targetHints":{"allow":["GET"]}}],"collection":[{"href":"https:\/\/www.chinanhd.com\/es\/wp-json\/wp\/v2\/product"}],"about":[{"href":"https:\/\/www.chinanhd.com\/es\/wp-json\/wp\/v2\/types\/product"}],"replies":[{"embeddable":true,"href":"https:\/\/www.chinanhd.com\/es\/wp-json\/wp\/v2\/comments?post=3033"}],"wp:featuredmedia":[{"embeddable":true,"href":"https:\/\/www.chinanhd.com\/es\/wp-json\/wp\/v2\/media\/3034"}],"wp:attachment":[{"href":"https:\/\/www.chinanhd.com\/es\/wp-json\/wp\/v2\/media?parent=3033"}],"wp:term":[{"taxonomy":"product_brand","embeddable":true,"href":"https:\/\/www.chinanhd.com\/es\/wp-json\/wp\/v2\/product_brand?post=3033"},{"taxonomy":"product_cat","embeddable":true,"href":"https:\/\/www.chinanhd.com\/es\/wp-json\/wp\/v2\/product_cat?post=3033"},{"taxonomy":"product_tag","embeddable":true,"href":"https:\/\/www.chinanhd.com\/es\/wp-json\/wp\/v2\/product_tag?post=3033"}],"curies":[{"name":"WP","href":"https:\/\/api.w.org\/{rel}","templated":true}]}}