{"id":3695,"date":"2025-06-23T14:06:38","date_gmt":"2025-06-23T06:06:38","guid":{"rendered":"https:\/\/www.chinanhd.com\/?post_type=product&#038;p=3695"},"modified":"2025-12-18T16:44:20","modified_gmt":"2025-12-18T08:44:20","slug":"rotary-table-vacuum-filter-for-phosphoric-acid","status":"publish","type":"product","link":"https:\/\/www.chinanhd.com\/es\/product\/rotary-table-vacuum-filter-for-phosphoric-acid\/","title":{"rendered":"Filtro de vac\u00edo de mesa rotativa (para \u00e1cido fosf\u00f3rico)"},"content":{"rendered":"<p>La tabla del filtro de vac\u00edo de la tabla rotativa est\u00e1 hecha de docenas de cubos de filtraci\u00f3n en forma de ventilador, que forman un anillo de filtraci\u00f3n horizontal, y los cubos de filtraci\u00f3n est\u00e1n soportados en la corona de la unidad con una estructura de soporte.<\/p>\n<p>El anillo interno de acero inoxidable funciona con cinturones de goma del anillo exterior para formar una c\u00e1mara y las presas pueden dividirse en varias secciones.<\/p>\n<p>Despu\u00e9s de alimentarse, la lechada se absorbe y se filtra por vac\u00edo para formar pastel de filtro.<\/p>\n<p>&nbsp;<\/p>\n<p><span style=\"font-size: 14pt;\"><strong>Aplicaciones:<\/strong><\/span><\/p>\n<p>Varios modelos utilizados en la industria del \u00e1cido fosf\u00f3rico, la metalurgia, la protecci\u00f3n del medio ambiente, el lavado de minerales y la fabricaci\u00f3n de papel, etc.<\/p>\n<p><strong>\u00a0<\/strong><\/p>\n<p><span style=\"font-size: 14pt;\"><strong>Ventaja competitiva:<\/strong><\/span><\/p>\n<p>1. La divisi\u00f3n cient\u00edfica de las celdas de filtraci\u00f3n, la disposici\u00f3n de los rodillos de centrado y soporte, el dise\u00f1o del rodillo de soporte c\u00f3nico, todo ello contribuye a una estructura de carga uniforme y a un funcionamiento estable. La planitud de toda la bandeja tambi\u00e9n se puede controlar estrictamente.<\/p>\n<p>2. Multi-mejora se asienta la operaci\u00f3n en el mineral de fosfato de baja graduaci\u00f3n, que ampl\u00eda el rango de aplicaci\u00f3n del filtro de mesa de vac\u00edo rotativo.<\/p>\n<p>3. El nuevo estilo de boquilla plana se caracteriza por su bajo consumo de energ\u00eda, alta fuerza de fregado y ahorro de agua. Ser\u00e1 mucho mejor junto con colador anti-bloqueo de boquillas.<\/p>\n<p>4. La v\u00e1lvula distribuidora central inferior est\u00e1 dise\u00f1ada con gran oblicuidad y conducci\u00f3n de flujo, lo que puede resolver el problema de incrustaci\u00f3n o bloqueo de yeso, reducir el trabajo de limpieza y aumentar la tasa de operaci\u00f3n en gran medida.<\/p>\n<p>5. El dise\u00f1o del distribuidor de desbordamiento tipo placa ajustable y el lavador pueden lograr un buen efecto de distribuci\u00f3n uniforme, secado de la torta y lavado.<\/p>\n<p>6. La tira de prensado en forma de arco puede reducir bien las incrustaciones en la ranura de la tira, acortar el tiempo de sustituci\u00f3n de la tela y aumentar enormemente el \u00edndice de funcionamiento.<\/p>","protected":false},"excerpt":{"rendered":"<p>The table of rotary table vacuum filter is made of dozens fan-shaped filtration\u00a0buckets, which form a horizontal filtration ring, and the filtration\u00a0buckets are supported on the drive crown with a supporting structure. The drive crown is supported and limited by the supporting and centering rollers. The pinion gear of the drive unit rotates the filter [&hellip;]<\/p>\n","protected":false},"featured_media":2721,"comment_status":"open","ping_status":"closed","template":"","meta":[],"product_brand":[],"product_cat":[15],"product_tag":[],"class_list":{"0":"post-3695","1":"product","2":"type-product","3":"status-publish","4":"has-post-thumbnail","6":"product_cat-filter-series","8":"first","9":"instock","10":"shipping-taxable","11":"product-type-simple"},"_links":{"self":[{"href":"https:\/\/www.chinanhd.com\/es\/wp-json\/wp\/v2\/product\/3695","targetHints":{"allow":["GET"]}}],"collection":[{"href":"https:\/\/www.chinanhd.com\/es\/wp-json\/wp\/v2\/product"}],"about":[{"href":"https:\/\/www.chinanhd.com\/es\/wp-json\/wp\/v2\/types\/product"}],"replies":[{"embeddable":true,"href":"https:\/\/www.chinanhd.com\/es\/wp-json\/wp\/v2\/comments?post=3695"}],"wp:featuredmedia":[{"embeddable":true,"href":"https:\/\/www.chinanhd.com\/es\/wp-json\/wp\/v2\/media\/2721"}],"wp:attachment":[{"href":"https:\/\/www.chinanhd.com\/es\/wp-json\/wp\/v2\/media?parent=3695"}],"wp:term":[{"taxonomy":"product_brand","embeddable":true,"href":"https:\/\/www.chinanhd.com\/es\/wp-json\/wp\/v2\/product_brand?post=3695"},{"taxonomy":"product_cat","embeddable":true,"href":"https:\/\/www.chinanhd.com\/es\/wp-json\/wp\/v2\/product_cat?post=3695"},{"taxonomy":"product_tag","embeddable":true,"href":"https:\/\/www.chinanhd.com\/es\/wp-json\/wp\/v2\/product_tag?post=3695"}],"curies":[{"name":"WP","href":"https:\/\/api.w.org\/{rel}","templated":true}]}}