{"id":6465,"date":"2025-12-19T16:14:44","date_gmt":"2025-12-19T08:14:44","guid":{"rendered":"https:\/\/www.chinanhd.com\/?post_type=product&#038;p=6465"},"modified":"2026-02-14T15:23:27","modified_gmt":"2026-02-14T07:23:27","slug":"filter-cake-disintegrator-crusher","status":"publish","type":"product","link":"https:\/\/www.chinanhd.com\/es\/product\/filter-cake-disintegrator-crusher\/","title":{"rendered":"Disintegrador de pastel de filtro &#038; trituradora"},"content":{"rendered":"<p data-start=\"186\" data-end=\"455\">Las tortas de filtro descargadas de prensas de filtro a menudo forman aglomerados grandes y pegajosos, especialmente en materiales de nueva energ\u00eda y procesos hidrometal\u00fargicos. Cuando se alimentan directamente en las secadoras, estas tortas causan una mala alimentaci\u00f3n, una baja eficiencia de secado y bloqueos frecuentes.<\/p>\n<p data-start=\"457\" data-end=\"553\">Desintegrador de torta de filtro NHD La trituradora est\u00e1 dise\u00f1ada espec\u00edficamente para resolver este cuello de botella.<\/p>\n<p>&nbsp;<\/p>\n<p><strong>Ventajas competitivas:<\/strong><\/p>\n<ul>\n<li data-start=\"578\" data-end=\"640\">\n<p data-start=\"580\" data-end=\"640\">Rompe efectivamente los pasteles de filtro aglomerados y pegajosos<\/p>\n<\/li>\n<li data-start=\"641\" data-end=\"700\">\n<p data-start=\"643\" data-end=\"700\">Proporciona un tama\u00f1o de part\u00edcula uniforme para la alimentaci\u00f3n directa del secador<\/p>\n<\/li>\n<li data-start=\"701\" data-end=\"762\">\n<p data-start=\"703\" data-end=\"762\">Mejora la eficiencia del secado y reduce el consumo de energ\u00eda<\/p>\n<\/li>\n<li data-start=\"763\" data-end=\"824\">\n<p data-start=\"765\" data-end=\"824\">Minimiza la manipulaci\u00f3n manual y mejora la automatizaci\u00f3n de procesos<\/p>\n<\/li>\n<\/ul>\n<p>&nbsp;<\/p>\n<p><strong>Aplicaciones:<\/strong><\/p>\n<ul>\n<li data-start=\"1200\" data-end=\"1267\">\n<p data-start=\"1202\" data-end=\"1267\">Materiales de nueva energ\u00eda (materiales de c\u00e1todos y \u00e1nodos, intermedios)<\/p>\n<\/li>\n<li data-start=\"1268\" data-end=\"1305\">\n<p data-start=\"1270\" data-end=\"1305\">Hidrometalurgia de metales no ferrosos<\/p>\n<\/li>\n<li data-start=\"1306\" data-end=\"1356\">\n<p data-start=\"1308\" data-end=\"1356\">L\u00edneas de proceso de secado por prensa de filtro continua<\/p>\n<\/li>\n<\/ul>","protected":false},"excerpt":{"rendered":"<p data-start=\"186\" data-end=\"455\">Desintegrador de torta de filtro NHD La trituradora est\u00e1 dise\u00f1ada para un procesamiento eficiente de prensa post-filtro. Se logra un rendimiento de trituraci\u00f3n estable y controlable incluso con materiales de alta humedad o part\u00edculas finas.<\/p>","protected":false},"featured_media":6468,"comment_status":"open","ping_status":"closed","template":"","meta":[],"product_brand":[],"product_cat":[32],"product_tag":[],"class_list":{"0":"post-6465","1":"product","2":"type-product","3":"status-publish","4":"has-post-thumbnail","6":"product_cat-non-standard-equipment-series","8":"first","9":"instock","10":"shipping-taxable","11":"product-type-simple"},"_links":{"self":[{"href":"https:\/\/www.chinanhd.com\/es\/wp-json\/wp\/v2\/product\/6465","targetHints":{"allow":["GET"]}}],"collection":[{"href":"https:\/\/www.chinanhd.com\/es\/wp-json\/wp\/v2\/product"}],"about":[{"href":"https:\/\/www.chinanhd.com\/es\/wp-json\/wp\/v2\/types\/product"}],"replies":[{"embeddable":true,"href":"https:\/\/www.chinanhd.com\/es\/wp-json\/wp\/v2\/comments?post=6465"}],"wp:featuredmedia":[{"embeddable":true,"href":"https:\/\/www.chinanhd.com\/es\/wp-json\/wp\/v2\/media\/6468"}],"wp:attachment":[{"href":"https:\/\/www.chinanhd.com\/es\/wp-json\/wp\/v2\/media?parent=6465"}],"wp:term":[{"taxonomy":"product_brand","embeddable":true,"href":"https:\/\/www.chinanhd.com\/es\/wp-json\/wp\/v2\/product_brand?post=6465"},{"taxonomy":"product_cat","embeddable":true,"href":"https:\/\/www.chinanhd.com\/es\/wp-json\/wp\/v2\/product_cat?post=6465"},{"taxonomy":"product_tag","embeddable":true,"href":"https:\/\/www.chinanhd.com\/es\/wp-json\/wp\/v2\/product_tag?post=6465"}],"curies":[{"name":"WP","href":"https:\/\/api.w.org\/{rel}","templated":true}]}}