{"id":2678,"date":"2025-04-11T15:40:19","date_gmt":"2025-04-11T07:40:19","guid":{"rendered":"https:\/\/www.chinanhd.com\/?post_type=product&#038;p=2678"},"modified":"2025-12-18T16:44:17","modified_gmt":"2025-12-18T08:44:17","slug":"epaississeur-pour-la-decantation-et-la-separation","status":"publish","type":"product","link":"https:\/\/www.chinanhd.com\/fr\/product\/epaississeur-pour-la-decantation-et-la-separation\/","title":{"rendered":"\u00c9paississeur"},"content":{"rendered":"<p>L'\u00e9paississant est un \u00e9quipement de s\u00e9dimentation de gravit\u00e9 pour s\u00e9parer le m\u00e9lange liquide solide de phase homog\u00e8ne.<\/p>\n<p>&nbsp;<\/p>\n<p><span style=\"font-size: 14pt;\"><strong>Applications:<\/strong><\/span><\/p>\n<p>Les \u00e9paisseurs NHD trouvent de vastes applications dans de multiples industries, y compris les produits chimiques du phosphore, la m\u00e9tallurgie non ferreuse, la production d'alumine, la b\u00e9n\u00e9fication des m\u00e9taux, la pr\u00e9paration du charbon, la fabrication de papier, le traitement des eaux us\u00e9es et la d\u00e9sulfuration des centrales \u00e9lectriques, etc.<\/p>\n<p><strong>\u00a0<\/strong><\/p>\n<p><span style=\"font-size: 14pt;\"><strong>Avantage concurrentiel:<\/strong><\/span><\/p>\n<p><strong>Performance d'excellence:<\/strong><\/p>\n<p>La capacit\u00e9 de l'\u00e9paississeur \u00e0 c\u00f4ne profond de la s\u00e9rie NHD est de 15 fois celle d'un \u00e9paississeur commun, tandis que sa capacit\u00e9 de compression sous-d\u00e9bit est pr\u00e8s de 10 fois sup\u00e9rieure. Sa conception structurelle rationnelle minimise la destruction des masses flocul\u00e9es lors de la dilution et de l'alimentation.<\/p>\n<p>&nbsp;<\/p>\n<p><strong>Super couple de sortie :<\/strong><\/p>\n<p>La conduite est un \u00e9l\u00e9ment cl\u00e9 pour tout type d'\u00e9paississement.<\/p>\n<p>&nbsp;<\/p>\n<p><strong>Syst\u00e8me de surveillance avanc\u00e9:<\/strong><\/p>\n<p>L'\u00e9paississant de s\u00e9rie NHD avec DCS peut surveiller les mat\u00e9riaux dans omnidirection, qui int\u00e8gre les \u00e9quipements et les donn\u00e9es de traitement connexes \u00e0 contr\u00f4ler automatiquement.<\/p>","protected":false},"excerpt":{"rendered":"<p>Thickener is gravity sedimentation\u00a0equipment to separate liquid-solid mixture of homogeneous phase. It is extensively used in industries, such as thickener applied in mineral processing plant, separating fine mineral from water, thickener applied in chloride- alkali plant to separate salt mud, thickener applied in waste water processing plant, and wet process phosphorus aced etc. The thickener [&hellip;]<\/p>\n","protected":false},"featured_media":2679,"comment_status":"open","ping_status":"closed","template":"","meta":[],"product_brand":[],"product_cat":[28],"product_tag":[],"class_list":{"0":"post-2678","1":"product","2":"type-product","3":"status-publish","4":"has-post-thumbnail","6":"product_cat-agitatorthickener-series","8":"first","9":"instock","10":"shipping-taxable","11":"product-type-simple"},"_links":{"self":[{"href":"https:\/\/www.chinanhd.com\/fr\/wp-json\/wp\/v2\/product\/2678","targetHints":{"allow":["GET"]}}],"collection":[{"href":"https:\/\/www.chinanhd.com\/fr\/wp-json\/wp\/v2\/product"}],"about":[{"href":"https:\/\/www.chinanhd.com\/fr\/wp-json\/wp\/v2\/types\/product"}],"replies":[{"embeddable":true,"href":"https:\/\/www.chinanhd.com\/fr\/wp-json\/wp\/v2\/comments?post=2678"}],"wp:featuredmedia":[{"embeddable":true,"href":"https:\/\/www.chinanhd.com\/fr\/wp-json\/wp\/v2\/media\/2679"}],"wp:attachment":[{"href":"https:\/\/www.chinanhd.com\/fr\/wp-json\/wp\/v2\/media?parent=2678"}],"wp:term":[{"taxonomy":"product_brand","embeddable":true,"href":"https:\/\/www.chinanhd.com\/fr\/wp-json\/wp\/v2\/product_brand?post=2678"},{"taxonomy":"product_cat","embeddable":true,"href":"https:\/\/www.chinanhd.com\/fr\/wp-json\/wp\/v2\/product_cat?post=2678"},{"taxonomy":"product_tag","embeddable":true,"href":"https:\/\/www.chinanhd.com\/fr\/wp-json\/wp\/v2\/product_tag?post=2678"}],"curies":[{"name":"WP","href":"https:\/\/api.w.org\/{rel}","templated":true}]}}