{"id":2685,"date":"2025-04-11T15:52:14","date_gmt":"2025-04-11T07:52:14","guid":{"rendered":"https:\/\/www.chinanhd.com\/?post_type=product&#038;p=2685"},"modified":"2025-12-18T16:44:17","modified_gmt":"2025-12-18T08:44:17","slug":"filtre-a-feuilles-automatique","status":"publish","type":"product","link":"https:\/\/www.chinanhd.com\/fr\/product\/filtre-a-feuilles-automatique\/","title":{"rendered":"Filtre \u00e0 feuilles automatiques"},"content":{"rendered":"<p>Le filtre \u00e0 feuilles NHD se compose principalement d'une cuve, d'une t\u00eate, d'un \u00e9l\u00e9ment filtrant, d'un collecteur de liquide, d'un r\u00e9servoir de haut niveau, d'un pot de d\u00e9charge et d'un dispositif hydraulique d'ouverture rapide, etc. L'\u00e9l\u00e9ment filtrant est constitu\u00e9 de grilles en plastique envelopp\u00e9es d'une plaque perfor\u00e9e en acier inoxydable, qui est install\u00e9e avec un tube collecteur de liquide.<\/p>\n<p>Pendant la filtration, la suspension est pomp\u00e9e dans le navire, la suspension solide dans une suspension grossi\u00e8re est s\u00e9par\u00e9e \u00e0 la surface du tissu et forme un g\u00e2teau;<\/p>\n<p>&nbsp;<\/p>\n<p><span style=\"font-size: 14pt;\"><strong>Applications:<\/strong><\/span><\/p>\n<p>Le filtre \u00e0 feuilles peut \u00eatre largement appliqu\u00e9 dans les industries de produits chimiques, de p\u00e9trole, de peinture, de nourriture et de produits pharmaceutiques, etc.<\/p>\n<p>&nbsp;<\/p>\n<p><span style=\"font-size: 14pt;\"><strong>Avantage concurrentiel:<\/strong><\/span><\/p>\n<ul>\n<li>Courir automatiquement, faible r\u00e9sistance \u00e0 la main-d'\u0153uvre, op\u00e9ration facile;<\/li>\n<li>Courir dans une enceinte compl\u00e8te, une longue dur\u00e9e de tissu, pas de fuite et de pollution environnementale:<\/li>\n<li>Haute autonettoyant efficace, d\u00e9charge de g\u00e2teau \u00e0 contre-courant, r\u00e9cup\u00e9ration de tissu sans consommation d'eau et r\u00e9duction de la charge d'\u00e9vaporation efficacement;<\/li>\n<li>PLC avec \u00e9cran tactile, contr\u00f4le fiable;<\/li>\n<li>Protection unique de surcharge \u00e0 triple pression dans le filtre pour assurer absolument la s\u00e9curit\u00e9;<\/li>\n<li>Dispositif d'ouverture rapide hydraulique: T\u00eate facile \u00e0 ouverte;<\/li>\n<li>Boues \u00e0 haute concentration: le g\u00e2teau filtrant s'installe au bas du navire apr\u00e8s le d\u00e9shabillage du tissu, et sera d\u00e9charg\u00e9 dans le cycle suivant avec un long temps de d\u00e9cantation:<\/li>\n<li>Les soupapes d'isolement sont \u00e9quip\u00e9es afin d'isolement un seul \u00e9l\u00e9ment imm\u00e9diatement lorsque des anormaux se produisent; une valve pneumatique sp\u00e9ciale fiable avec une bonne dynamique et une longue dur\u00e9e de vie:<\/li>\n<li>L'utilisation d'\u00e9l\u00e9ments de filtration polym\u00e8res am\u00e9liore la pr\u00e9cision de filtration<\/li>\n<\/ul>","protected":false},"excerpt":{"rendered":"<p>NHD leaf filter mainly consists of vessel, head, filter element, liquid collecting manifold, high level tank, pressure relief pot and hydraulic fast open device etc. The filter element is made of plastic grids wrapped by stainless steel perforated plate, which is installed with collecting liquid tube. During filtration, slurry is pumped into vessel, suspending \u00a0solid [&hellip;]<\/p>\n","protected":false},"featured_media":2687,"comment_status":"open","ping_status":"closed","template":"","meta":[],"product_brand":[],"product_cat":[15],"product_tag":[],"class_list":{"0":"post-2685","1":"product","2":"type-product","3":"status-publish","4":"has-post-thumbnail","6":"product_cat-filter-series","8":"first","9":"instock","10":"shipping-taxable","11":"product-type-simple"},"_links":{"self":[{"href":"https:\/\/www.chinanhd.com\/fr\/wp-json\/wp\/v2\/product\/2685","targetHints":{"allow":["GET"]}}],"collection":[{"href":"https:\/\/www.chinanhd.com\/fr\/wp-json\/wp\/v2\/product"}],"about":[{"href":"https:\/\/www.chinanhd.com\/fr\/wp-json\/wp\/v2\/types\/product"}],"replies":[{"embeddable":true,"href":"https:\/\/www.chinanhd.com\/fr\/wp-json\/wp\/v2\/comments?post=2685"}],"wp:featuredmedia":[{"embeddable":true,"href":"https:\/\/www.chinanhd.com\/fr\/wp-json\/wp\/v2\/media\/2687"}],"wp:attachment":[{"href":"https:\/\/www.chinanhd.com\/fr\/wp-json\/wp\/v2\/media?parent=2685"}],"wp:term":[{"taxonomy":"product_brand","embeddable":true,"href":"https:\/\/www.chinanhd.com\/fr\/wp-json\/wp\/v2\/product_brand?post=2685"},{"taxonomy":"product_cat","embeddable":true,"href":"https:\/\/www.chinanhd.com\/fr\/wp-json\/wp\/v2\/product_cat?post=2685"},{"taxonomy":"product_tag","embeddable":true,"href":"https:\/\/www.chinanhd.com\/fr\/wp-json\/wp\/v2\/product_tag?post=2685"}],"curies":[{"name":"WP","href":"https:\/\/api.w.org\/{rel}","templated":true}]}}