{"id":2692,"date":"2025-04-11T16:03:15","date_gmt":"2025-04-11T08:03:15","guid":{"rendered":"https:\/\/www.chinanhd.com\/?post_type=product&#038;p=2692"},"modified":"2025-12-18T16:44:17","modified_gmt":"2025-12-18T08:44:17","slug":"filtre-a-vide-horizontal-a-bande-en-caoutchouc","status":"publish","type":"product","link":"https:\/\/www.chinanhd.com\/fr\/product\/filtre-a-vide-horizontal-a-bande-en-caoutchouc\/","title":{"rendered":"Filtre \u00e0 vide de ceinture en caoutchouc horizontal"},"content":{"rendered":"<p>Le filtre \u00e0 vide \u00e0 bande de caoutchouc horizontale est un \u00e9quipement de filtration avec un tissu filtrant toro\u00efdal \u00e0 mouvement circulaire comme moyen de filtration, utilisant la pression n\u00e9gative et la force gravitationnelle fournies par l'\u00e9quipement \u00e0 vide pour s\u00e9parer rapidement et continuellement les solides des liquides.<\/p>\n<p>&nbsp;<\/p>\n<p><span style=\"font-size: 14pt;\"><strong>Caract\u00e9ristiques de la structure :<\/strong><\/span><\/p>\n<ul>\n<li>Bo\u00eete \u00e0 vide de pr\u00e9servation de la chaleur, r\u00e9duisant consid\u00e9rablement le ph\u00e9nom\u00e8ne de l'\u00e9chelle des filtrats caus\u00e9e par la r\u00e9duction de la temp\u00e9rature environnementale.<\/li>\n<li>Bo\u00eete de filtration d'aspiration \u00e0 vide de guide d'\u00e9coulement, augmentant le d\u00e9bit de filtrat et \u00e9vitant la mise \u00e0 l'\u00e9chelle.<\/li>\n<li>La conception de la bo\u00eete de filtration d'aspiration multi-vacuum raccourcit le processus de filtrat sur ceinture en caoutchouc pour rendre le filtrat difficile \u00e0 \u00e9voluer sans angle mort.<\/li>\n<li>Le dispositif de support de ceinture en caoutchouc de la structure annulaire de nouveau type annule le rouleau de guide de support et rend le g\u00e2teau pas facile \u00e0 casser sans casser le vide.<\/li>\n<\/ul>\n<p>&nbsp;<\/p>\n<p><span style=\"font-size: 14pt;\"><strong>Applications:<\/strong><\/span><\/p>\n<p>Le filtre \u00e0 vide horizontal \u00e0 bande en caoutchouc a \u00e9t\u00e9 largement utilis\u00e9 dans les industries de l'acide phosphorique, de la m\u00e9tallurgie, des mines, de la chimie, de la protection de l'environnement et de la d\u00e9sulfuration dans les centrales \u00e9lectriques, etc.<\/p>\n<p><strong>\u00a0<\/strong><\/p>\n<p><span style=\"font-size: 14pt;\"><strong>Avantages concurrentiels :<\/strong><\/span><\/p>\n<p>1. Dispositif de tension \u00e0 grande course, vitesse de r\u00e9ponse \u00e9lev\u00e9e de la tension du tissu, faible d\u00e9viation.<\/p>\n<p>2. Pas d'entartrage \u00e0 l'int\u00e9rieur du guide d'\u00e9coulement et de la bo\u00eete \u00e0 vide de conservation de la chaleur, faible r\u00e9sistance au fonctionnement, haute efficacit\u00e9 de production, entretien et r\u00e9parations faciles.<\/p>\n<p>3. Pulv\u00e9risateurs \u00e0 plusieurs \u00e9tages, r\u00e9duisant consid\u00e9rablement la force de fonctionnement et d'entretien.<\/p>\n<p>4. La bonne performance de r\u00e9cup\u00e9ration de l'aspersion de lavage sp\u00e9cialis\u00e9e pour le tissu filtrant peut r\u00e9cup\u00e9rer la perm\u00e9ation de l'air du tissu filtrant dans la plus grande mesure possible.<\/p>\n<p>5. Conception optimis\u00e9e des rainures et des trous de filtrage sur la bande, excellente \u00e9vacuation du filtrat et performance de filtration.<\/p>\n<p>6. Support longitudinal de la courroie en caoutchouc, fonctionnement stable, pas de fissure, pression diff\u00e9rentielle de filtration \u00e9lev\u00e9e.<\/p>\n<p>7. Grande adaptabilit\u00e9 : l'\u00e9quipement peut contr\u00f4ler l'\u00e9paisseur du g\u00e2teau, l'eau de lavage, le degr\u00e9 de vide et le cycle de fonctionnement, etc.<\/p>\n<p>8. Bon effet de lavage : meilleur effet de lavage gr\u00e2ce au type de lavage \u00e0 contre-courant en plusieurs \u00e9tapes.<\/p>\n<p>9. Le cadre modulaire robuste est facile \u00e0 d\u00e9monter, \u00e0 transporter et \u00e0 assembler. Un champ de vision ouvert permet de conna\u00eetre l'\u00e9tat de fonctionnement de l'\u00e9quipement au premier coup d'\u0153il.<\/p>\n<p>10. Facilit\u00e9 d'utilisation, peu de composants mobiles, faible co\u00fbt de maintenance.<\/p>","protected":false},"excerpt":{"rendered":"<p>The horizontal rubber belt vacuum filter is a filtration equipment with circular-moving toroidal filter cloth as filtration medium, using negative pressure &amp; gravitational force provided by vacuum equipment to separate solid from liquid quickly and continuously. &nbsp; Structure Features: Heat preservation vacuum box, greatly reducing the phenomenon of filtrate scaling caused by reduction of environmental [&hellip;]<\/p>\n","protected":false},"featured_media":2693,"comment_status":"open","ping_status":"closed","template":"","meta":[],"product_brand":[],"product_cat":[15],"product_tag":[],"class_list":{"0":"post-2692","1":"product","2":"type-product","3":"status-publish","4":"has-post-thumbnail","6":"product_cat-filter-series","8":"first","9":"instock","10":"shipping-taxable","11":"product-type-simple"},"_links":{"self":[{"href":"https:\/\/www.chinanhd.com\/fr\/wp-json\/wp\/v2\/product\/2692","targetHints":{"allow":["GET"]}}],"collection":[{"href":"https:\/\/www.chinanhd.com\/fr\/wp-json\/wp\/v2\/product"}],"about":[{"href":"https:\/\/www.chinanhd.com\/fr\/wp-json\/wp\/v2\/types\/product"}],"replies":[{"embeddable":true,"href":"https:\/\/www.chinanhd.com\/fr\/wp-json\/wp\/v2\/comments?post=2692"}],"wp:featuredmedia":[{"embeddable":true,"href":"https:\/\/www.chinanhd.com\/fr\/wp-json\/wp\/v2\/media\/2693"}],"wp:attachment":[{"href":"https:\/\/www.chinanhd.com\/fr\/wp-json\/wp\/v2\/media?parent=2692"}],"wp:term":[{"taxonomy":"product_brand","embeddable":true,"href":"https:\/\/www.chinanhd.com\/fr\/wp-json\/wp\/v2\/product_brand?post=2692"},{"taxonomy":"product_cat","embeddable":true,"href":"https:\/\/www.chinanhd.com\/fr\/wp-json\/wp\/v2\/product_cat?post=2692"},{"taxonomy":"product_tag","embeddable":true,"href":"https:\/\/www.chinanhd.com\/fr\/wp-json\/wp\/v2\/product_tag?post=2692"}],"curies":[{"name":"WP","href":"https:\/\/api.w.org\/{rel}","templated":true}]}}