{"id":2699,"date":"2025-04-11T16:08:22","date_gmt":"2025-04-11T08:08:22","guid":{"rendered":"https:\/\/www.chinanhd.com\/?post_type=product&#038;p=2699"},"modified":"2025-12-18T16:44:17","modified_gmt":"2025-12-18T08:44:17","slug":"pulverisateur-a-tour-de-regeneration-pour-la-desulfuration-dans-une-acierie","status":"publish","type":"product","link":"https:\/\/www.chinanhd.com\/fr\/product\/pulverisateur-a-tour-de-regeneration-pour-la-desulfuration-dans-une-acierie\/","title":{"rendered":"Tour de r\u00e9g\u00e9n\u00e9ration de la d\u00e9sulfurisation, pulv\u00e9risateur dans une plante en acier"},"content":{"rendered":"<p>Contrat NHD pour le rev\u00eatement en alliage \u00e0 l'int\u00e9rieur de la tour d'absorption de d\u00e9sulfuration d'une centrale \u00e9lectrique dans la province de Shandong avec une unit\u00e9 de 6\u00d7700MW, comprenant la fourniture de toutes les plaques d'alliage C276, plaques d'alliage 1.4529, tubes d'alliage, brides, \u00e9lectrodes, fils de soudure et constructions de site.<\/p>\n<p>Les mat\u00e9riaux de rev\u00eatement sont des alliages Hastelloy-C276 et des alliages aust\u00e9nitiques 1.4529 fabriqu\u00e9s aux \u00c9tats-Unis.<\/p>\n<p>Les plaques en alliage sont coup\u00e9es par des cisaillements \u00e0 jet d'eau ou \u00e0 la plaque.<\/p>\n<p>Le soudage des joints entre les plaques de rev\u00eatement garantit la r\u00e9sistance \u00e0 la corrosion dans la zone de soudage des joints. La soudure d'angle intermittente est utilis\u00e9e entre l'acier alli\u00e9 et l'acier au carbone et la soudure par chevauchement est utilis\u00e9e entre les plaques de rev\u00eatement.<\/p>\n<p>Le soudage du bouchon est utilis\u00e9 pour obtenir une bonne r\u00e9sistance et plastifier entre la plaque de rev\u00eatement et la plaque de base.<\/p>\n<p>Le pulv\u00e9risateur distribue la boue de la pompe de circulation \u00e0 chaque point. Chaque pulv\u00e9risateur est compos\u00e9 d'un collecteur et de dizaines de branches, et le lisier de la tour d'absorption sera pomp\u00e9 \u00e0 travers le collecteur et les branches jusqu'aux buses.<\/p>","protected":false},"excerpt":{"rendered":"<p>NHD contract alloy lining inside desulphurization absorption tower of one power plant in Shandong Province with 6\u00d7700MW unit, including supply of all C276 alloy plates, 1.4529 alloy plates, alloy pipes, flanges, electrodes, weld wires and site constructions. The lining materials are Hastelloy-C276 Alloy, and supper austenitic 1.4529 manufactured in the United States. Alloy plates are [&hellip;]<\/p>\n","protected":false},"featured_media":3007,"comment_status":"open","ping_status":"closed","template":"","meta":[],"product_brand":[],"product_cat":[31],"product_tag":[],"class_list":{"0":"post-2699","1":"product","2":"type-product","3":"status-publish","4":"has-post-thumbnail","6":"product_cat-desulfurization-equipment-series","8":"first","9":"instock","10":"shipping-taxable","11":"product-type-simple"},"_links":{"self":[{"href":"https:\/\/www.chinanhd.com\/fr\/wp-json\/wp\/v2\/product\/2699","targetHints":{"allow":["GET"]}}],"collection":[{"href":"https:\/\/www.chinanhd.com\/fr\/wp-json\/wp\/v2\/product"}],"about":[{"href":"https:\/\/www.chinanhd.com\/fr\/wp-json\/wp\/v2\/types\/product"}],"replies":[{"embeddable":true,"href":"https:\/\/www.chinanhd.com\/fr\/wp-json\/wp\/v2\/comments?post=2699"}],"wp:featuredmedia":[{"embeddable":true,"href":"https:\/\/www.chinanhd.com\/fr\/wp-json\/wp\/v2\/media\/3007"}],"wp:attachment":[{"href":"https:\/\/www.chinanhd.com\/fr\/wp-json\/wp\/v2\/media?parent=2699"}],"wp:term":[{"taxonomy":"product_brand","embeddable":true,"href":"https:\/\/www.chinanhd.com\/fr\/wp-json\/wp\/v2\/product_brand?post=2699"},{"taxonomy":"product_cat","embeddable":true,"href":"https:\/\/www.chinanhd.com\/fr\/wp-json\/wp\/v2\/product_cat?post=2699"},{"taxonomy":"product_tag","embeddable":true,"href":"https:\/\/www.chinanhd.com\/fr\/wp-json\/wp\/v2\/product_tag?post=2699"}],"curies":[{"name":"WP","href":"https:\/\/api.w.org\/{rel}","templated":true}]}}