{"id":2842,"date":"2025-04-29T10:12:20","date_gmt":"2025-04-29T02:12:20","guid":{"rendered":"https:\/\/www.chinanhd.com\/?post_type=product&#038;p=2842"},"modified":"2025-12-18T16:44:17","modified_gmt":"2025-12-18T08:44:17","slug":"becofil-filtre-a-bougie","status":"publish","type":"product","link":"https:\/\/www.chinanhd.com\/fr\/product\/becofil-filtre-a-bougie\/","title":{"rendered":"Filtre \u00e0 bougies BECOFIL"},"content":{"rendered":"<p>En 2005, NHD a commenc\u00e9 \u00e0 collaborer avec Begg Cousland pour assembler les filtres \u00e0 bougies BECOFIL. Bien que les principaux composants soient toujours import\u00e9s de Begg Cousland, NHD veille \u00e0 ce que la qualit\u00e9 corresponde \u00e0 celle des filtres import\u00e9s d'origine.<\/p>\n<p>Le si\u00e8ge de la soci\u00e9t\u00e9 Begg Cousland est situ\u00e9 \u00e0 Glasgow, en \u00c9cosse, et son histoire remonte \u00e0 plus de 150 ans. Begg Cousland est sp\u00e9cialis\u00e9e dans la conception et la fabrication d'\u00e9liminateurs de brouillard, offrant une large gamme de produits \u00e0 base de fils et de fibres pour le contr\u00f4le de la pollution de l'air dans l'industrie et la filtration en cours de processus. Begg Cousland est le seul fabricant agr\u00e9\u00e9 de filtres \u00e0 bougies en fibre par ICI, et a fourni 99% de filtres \u00e0 bougies non humides pour Lurgi Company.<\/p>\n<p>\u00c0 ce jour, Begg Cousland a des centaines d'applications dans le monde entier, et son filtre \u00e0 bougies BECOFIL a \u00e9t\u00e9 constamment am\u00e9lior\u00e9. Les fibres utilis\u00e9es dans le filtre peuvent \u00eatre aussi petites que 7 microm\u00e8tres et sont dispos\u00e9es de mani\u00e8re directionnelle gr\u00e2ce \u00e0 un processus sp\u00e9cial pour \u00e9liminer les brouillards de taille microscopique, r\u00e9pondant ainsi aux exigences industrielles en mati\u00e8re d'\u00e9missions. Begg Cousland con\u00e7oit des filtres sur la base de sp\u00e9cifications telles que la capacit\u00e9, la perte de pression et l'efficacit\u00e9.<\/p>\n<p>&nbsp;<\/p>\n<p><strong>Applications:<\/strong><\/p>\n<ul>\n<li>Usines d'acide sulfurique (tour de s\u00e9chage, tours d'absorption primaire\/secondaire)<\/li>\n<li>Proc\u00e9d\u00e9s de chlore et de soude caustique (chlore humide\/sec, hydrog\u00e8ne, traitement au NaOH concentr\u00e9)<\/li>\n<li>Syst\u00e8mes auxiliaires (tours de r\u00e9cup\u00e9ration de la chaleur perdue \u00e0 basse temp\u00e9rature, tours de lavage des gaz mixtes)<\/li>\n<\/ul>\n<p>&nbsp;<\/p>\n<p><strong>Avantage concurrentiel:<\/strong><\/p>\n<ol>\n<li>Fabriqu\u00e9 avec une technologie sous licence ICI utilisant des fibres s\u00e9lectionn\u00e9es de mani\u00e8re optimale et une densit\u00e9 de garnissage pour une \u00e9limination maximale du brouillard avec une faible perte de charge.<\/li>\n<li>Le processus unique de compactage en 5 \u00e9tapes (pesage, moulage, compression hydraulique \u00e0 intervalles de 150 mm, chauffage, d\u00e9moulage) assure une distribution uniforme de la densit\u00e9.<\/li>\n<li>Tous les composants m\u00e9talliques utilisent des mat\u00e9riaux anticorrosion tels que le 316L, avec des joints en VITON pour une dur\u00e9e de vie prolong\u00e9e.<\/li>\n<\/ol>\n<p>&nbsp;<\/p>","protected":false},"excerpt":{"rendered":"<p>Le filtre \u00e0 bougies BECOFIL est un type d'\u00e9quipement \u00e0 haute efficacit\u00e9 et \u00e0 faible perte de pression. Il peut \u00eatre largement utilis\u00e9 dans le vaporisateur d'eau de mer, le syst\u00e8me d'air comprim\u00e9, le syst\u00e8me d'\u00e9mission de gaz, la tour de distillation, le tambour d'abattage, la tour de lavage, la tour d'emballage, etc.<\/p>","protected":false},"featured_media":2843,"comment_status":"open","ping_status":"closed","template":"","meta":[],"product_brand":[],"product_cat":[31],"product_tag":[],"class_list":{"0":"post-2842","1":"product","2":"type-product","3":"status-publish","4":"has-post-thumbnail","6":"product_cat-desulfurization-equipment-series","8":"first","9":"instock","10":"shipping-taxable","11":"product-type-simple"},"_links":{"self":[{"href":"https:\/\/www.chinanhd.com\/fr\/wp-json\/wp\/v2\/product\/2842","targetHints":{"allow":["GET"]}}],"collection":[{"href":"https:\/\/www.chinanhd.com\/fr\/wp-json\/wp\/v2\/product"}],"about":[{"href":"https:\/\/www.chinanhd.com\/fr\/wp-json\/wp\/v2\/types\/product"}],"replies":[{"embeddable":true,"href":"https:\/\/www.chinanhd.com\/fr\/wp-json\/wp\/v2\/comments?post=2842"}],"wp:featuredmedia":[{"embeddable":true,"href":"https:\/\/www.chinanhd.com\/fr\/wp-json\/wp\/v2\/media\/2843"}],"wp:attachment":[{"href":"https:\/\/www.chinanhd.com\/fr\/wp-json\/wp\/v2\/media?parent=2842"}],"wp:term":[{"taxonomy":"product_brand","embeddable":true,"href":"https:\/\/www.chinanhd.com\/fr\/wp-json\/wp\/v2\/product_brand?post=2842"},{"taxonomy":"product_cat","embeddable":true,"href":"https:\/\/www.chinanhd.com\/fr\/wp-json\/wp\/v2\/product_cat?post=2842"},{"taxonomy":"product_tag","embeddable":true,"href":"https:\/\/www.chinanhd.com\/fr\/wp-json\/wp\/v2\/product_tag?post=2842"}],"curies":[{"name":"WP","href":"https:\/\/api.w.org\/{rel}","templated":true}]}}