{"id":2850,"date":"2025-04-29T15:34:48","date_gmt":"2025-04-29T07:34:48","guid":{"rendered":"https:\/\/www.chinanhd.com\/?post_type=product&#038;p=2850"},"modified":"2025-12-18T16:44:17","modified_gmt":"2025-12-18T08:44:17","slug":"brosse-rotative-becoflex","status":"publish","type":"product","link":"https:\/\/www.chinanhd.com\/fr\/product\/brosse-rotative-becoflex\/","title":{"rendered":"Brosse rotative BECOFLEX"},"content":{"rendered":"<p>Le principe de fonctionnement de l'\u00e9purateur \u00e0 brosse rotative BECOFLEX est une brosse en fibres mouill\u00e9es tournant \u00e0 grande vitesse dans un carter de ventilateur \u00e0 volute sp\u00e9cial, cr\u00e9ant ainsi un contact extr\u00eamement dynamique avec les gaz. Les particules contenues dans le flux de gaz d'\u00e9chappement sale sont aspir\u00e9es dans l'unit\u00e9 par la succion g\u00e9n\u00e9r\u00e9e par la brosse rotative, et elles entrent en contact \u00e0 grande vitesse avec les fibres de la brosse qui tournent et sont compl\u00e8tement mouill\u00e9es. Les particules sont ensuite lav\u00e9es par centrifugation et viennent s'\u00e9craser sur la surface int\u00e9rieure mouill\u00e9e de la volute. La boue r\u00e9sultante est alors propuls\u00e9e le long du fond du conduit de sortie jusqu'\u00e0 la cuve de d\u00e9sengagement, o\u00f9 elle tombe par gravit\u00e9 au fond pour \u00eatre \u00e9limin\u00e9e ou recircul\u00e9e. Le gaz nettoy\u00e9 (humide) s'\u00e9coule entre-temps vers le haut du conduit dans la cuve de d\u00e9sengagement et vers la sortie de gaz sup\u00e9rieure.<\/p>\n<p>En g\u00e9n\u00e9ral, un d\u00e9sembuage \"Becofil\" est install\u00e9 pour \u00e9liminer les gouttelettes de liquide entra\u00een\u00e9es.<\/p>\n<p>&nbsp;<\/p>\n<p><strong>Applications:<\/strong><\/p>\n<p>Pour \u00e9liminer les solides (grossiers ou fins), pour r\u00e9duire les particules liquides (a\u00e9rosols ou gouttelettes) ou pour \u00e9purer les gaz nocifs pr\u00e9sents dans les flux de gaz industriels.<\/p>\n<p>&nbsp;<\/p>\n<p><strong>Avantage concurrentiel:<\/strong><\/p>\n<ul>\n<li>L'\u00e9purateur \u00e0 brosse rotative BECOFLEX est un \u00e9purateur de gaz humide autonettoyant dans lequel le gaz ou l'air percute des brosses rotatives avec seulement une petite quantit\u00e9 de liquide pulv\u00e9ris\u00e9. Cette rotation dynamique assure un excellent contact entre le gaz et le liquide, et la structure de l'\u00e9quipement est tr\u00e8s compacte.<\/li>\n<li>Par rapport aux tours \u00e0 garnissage traditionnelles ou aux s\u00e9parateurs \u00e0 cyclone humide, il n\u00e9cessite moins de liquide de nettoyage lors de l'\u00e9limination des particules solides.<\/li>\n<li>Il peut utiliser de l'eau ou des solutions chimiques pour le lavage des gaz afin de contr\u00f4ler les \u00e9missions d'odeurs.<\/li>\n<li>La deuxi\u00e8me \u00e9tape peut \u00eatre \u00e9quip\u00e9e de garnitures ou d'autres dispositifs de d\u00e9sembuage ou d'absorption de gaz (les brosses de la premi\u00e8re \u00e9tape ont d\u00e9j\u00e0 \u00e9limin\u00e9 le risque d'obstruction par des solides).<\/li>\n<li>Il poss\u00e8de sa propre fonction de ventilation car l'aspiration g\u00e9n\u00e9r\u00e9e par les brosses est beaucoup plus importante que sa propre perte de pression. Cela signifie que les clients n'ont pas besoin d'acheter des ventilateurs suppl\u00e9mentaires et qu'il peut \u00eatre facilement int\u00e9gr\u00e9 dans les lignes de traitement existantes du client, ce qui rend la modification de l'\u00e9puration des gaz tr\u00e8s pratique.<\/li>\n<li>Il peut \u00eatre install\u00e9 avant les d\u00e9misters comme pr\u00e9-filtre pour \u00e9liminer les particules solides et prot\u00e9ger les d\u00e9misters.<\/li>\n<\/ul>","protected":false},"excerpt":{"rendered":"<p>Le laveur \u00e0 brosse rotative BECOFLEX est un syst\u00e8me de lavage universel et int\u00e9gr\u00e9 qui permet d'\u00e9liminer les solides (grossiers ou fins), de r\u00e9duire les particules liquides (a\u00e9rosols ou gouttelettes) ou d'\u00e9purer les gaz nocifs pr\u00e9sents dans les flux de gaz industriels.<\/p>","protected":false},"featured_media":2851,"comment_status":"open","ping_status":"closed","template":"","meta":[],"product_brand":[],"product_cat":[31],"product_tag":[],"class_list":{"0":"post-2850","1":"product","2":"type-product","3":"status-publish","4":"has-post-thumbnail","6":"product_cat-desulfurization-equipment-series","8":"first","9":"instock","10":"shipping-taxable","11":"product-type-simple"},"_links":{"self":[{"href":"https:\/\/www.chinanhd.com\/fr\/wp-json\/wp\/v2\/product\/2850","targetHints":{"allow":["GET"]}}],"collection":[{"href":"https:\/\/www.chinanhd.com\/fr\/wp-json\/wp\/v2\/product"}],"about":[{"href":"https:\/\/www.chinanhd.com\/fr\/wp-json\/wp\/v2\/types\/product"}],"replies":[{"embeddable":true,"href":"https:\/\/www.chinanhd.com\/fr\/wp-json\/wp\/v2\/comments?post=2850"}],"wp:featuredmedia":[{"embeddable":true,"href":"https:\/\/www.chinanhd.com\/fr\/wp-json\/wp\/v2\/media\/2851"}],"wp:attachment":[{"href":"https:\/\/www.chinanhd.com\/fr\/wp-json\/wp\/v2\/media?parent=2850"}],"wp:term":[{"taxonomy":"product_brand","embeddable":true,"href":"https:\/\/www.chinanhd.com\/fr\/wp-json\/wp\/v2\/product_brand?post=2850"},{"taxonomy":"product_cat","embeddable":true,"href":"https:\/\/www.chinanhd.com\/fr\/wp-json\/wp\/v2\/product_cat?post=2850"},{"taxonomy":"product_tag","embeddable":true,"href":"https:\/\/www.chinanhd.com\/fr\/wp-json\/wp\/v2\/product_tag?post=2850"}],"curies":[{"name":"WP","href":"https:\/\/api.w.org\/{rel}","templated":true}]}}