{"id":2864,"date":"2025-04-29T15:56:18","date_gmt":"2025-04-29T07:56:18","guid":{"rendered":"https:\/\/www.chinanhd.com\/?post_type=product&#038;p=2864"},"modified":"2025-12-18T16:44:17","modified_gmt":"2025-12-18T08:44:17","slug":"carbon-fibre-candle-filter","status":"publish","type":"product","link":"https:\/\/www.chinanhd.com\/fr\/product\/carbon-fibre-candle-filter\/","title":{"rendered":"Filtre de bougie en fibre de carbone"},"content":{"rendered":"<p>Pour l'usine d'acide sulfurique dans les fonderies, les filtres \u00e0 bougies en fibre de verre sont principalement utilis\u00e9s dans les tours d'absorption. Cependant, la qualit\u00e9 du minerai et les produits chimiques varient g\u00e9n\u00e9ralement d'une fonderie \u00e0 l'autre. Dans certaines fonderies, les effluents gazeux contiennent beaucoup de fluor en raison du minerai. La pr\u00e9sence de HF entra\u00eene la corrosion de la fibre de verre et r\u00e9duit la dur\u00e9e de vie du filtre \u00e0 bougies. Il s'agit d'un probl\u00e8me tr\u00e8s pr\u00e9occupant pour certaines fonderies.<\/p>\n<p>Le filtre \u00e0 bougies en fibre de carbone offre une dur\u00e9e de vie plus longue et une efficacit\u00e9 \u00e9lev\u00e9e pour le contr\u00f4le des \u00e9missions de gaz pour les installations acides \u00e0 gaz avec HF pr\u00e9sent. C'est l'expert de la r\u00e9solution HF. z<\/p>\n<p>&nbsp;<\/p>\n<p><strong>Applications:<\/strong><\/p>\n<p>D\u00e9sulfuration des gaz de combustion et contr\u00f4le des \u00e9missions dans les fonderies de cuivre, de zinc, de plomb, de pyrite et autres industries m\u00e9tallurgiques\/chimiques non ferreuses.<\/p>\n<p>&nbsp;<\/p>\n<p><strong>Avantage concurrentiel:<\/strong><\/p>\n<ul>\n<li>R\u00e9sistance sup\u00e9rieure \u00e0 la corrosion par l'acide fluorhydrique, plus performante que la fibre de verre<\/li>\n<li>Durabilit\u00e9 \u00e0 long terme dans les fonderies et les gaz chimiques \u00e0 haute teneur en fluor<\/li>\n<li>Adapt\u00e9 aux fonderies de cuivre\/zinc\/plomb et aux usines d'acide sulfurique<\/li>\n<\/ul>","protected":false},"excerpt":{"rendered":"<p>Le dernier filtre en fibre de carbone d\u00e9velopp\u00e9 fournit une solution optimale pour les fonderies, telles que les fonderies de cuivre, de zinc, de plomb, de pyrite et d'autres m\u00e9taux non ferreux, ainsi que pour les industries chimiques en pr\u00e9sence de HF. New Hongda pr\u00e9sente la fibre de carbone et promeut son application en Chine.<\/p>","protected":false},"featured_media":2865,"comment_status":"open","ping_status":"closed","template":"","meta":[],"product_brand":[],"product_cat":[31],"product_tag":[],"class_list":{"0":"post-2864","1":"product","2":"type-product","3":"status-publish","4":"has-post-thumbnail","6":"product_cat-desulfurization-equipment-series","8":"first","9":"instock","10":"shipping-taxable","11":"product-type-simple"},"_links":{"self":[{"href":"https:\/\/www.chinanhd.com\/fr\/wp-json\/wp\/v2\/product\/2864","targetHints":{"allow":["GET"]}}],"collection":[{"href":"https:\/\/www.chinanhd.com\/fr\/wp-json\/wp\/v2\/product"}],"about":[{"href":"https:\/\/www.chinanhd.com\/fr\/wp-json\/wp\/v2\/types\/product"}],"replies":[{"embeddable":true,"href":"https:\/\/www.chinanhd.com\/fr\/wp-json\/wp\/v2\/comments?post=2864"}],"wp:featuredmedia":[{"embeddable":true,"href":"https:\/\/www.chinanhd.com\/fr\/wp-json\/wp\/v2\/media\/2865"}],"wp:attachment":[{"href":"https:\/\/www.chinanhd.com\/fr\/wp-json\/wp\/v2\/media?parent=2864"}],"wp:term":[{"taxonomy":"product_brand","embeddable":true,"href":"https:\/\/www.chinanhd.com\/fr\/wp-json\/wp\/v2\/product_brand?post=2864"},{"taxonomy":"product_cat","embeddable":true,"href":"https:\/\/www.chinanhd.com\/fr\/wp-json\/wp\/v2\/product_cat?post=2864"},{"taxonomy":"product_tag","embeddable":true,"href":"https:\/\/www.chinanhd.com\/fr\/wp-json\/wp\/v2\/product_tag?post=2864"}],"curies":[{"name":"WP","href":"https:\/\/api.w.org\/{rel}","templated":true}]}}