{"id":2867,"date":"2025-04-29T16:09:50","date_gmt":"2025-04-29T08:09:50","guid":{"rendered":"https:\/\/www.chinanhd.com\/?post_type=product&#038;p=2867"},"modified":"2025-12-18T16:44:18","modified_gmt":"2025-12-18T08:44:18","slug":"2867","status":"publish","type":"product","link":"https:\/\/www.chinanhd.com\/fr\/product\/2867\/","title":{"rendered":"HD-1 Acier inoxydable \u00e0 haute teneur en silicium"},"content":{"rendered":"<p><strong>Applications:<\/strong><\/p>\n<p>En plus de la fabrication de distributeurs d'acide, l'acier inoxydable \u00e0 haute teneur en silicium HD-1 est largement utilis\u00e9 dans les sections de s\u00e9chage et d'absorption des usines d'acide sulfurique pour produire: tours de s\u00e9chage, tours d'absorption, filtres, plaques de grille de support d'emballage, r\u00e9servoirs de circulation, tuyaux soud\u00e9s, coudes et r\u00e9ducteurs, brides et manchons, dispositifs anti-tourbillons, etc. Les plus anciennes unit\u00e9s sur le terrain sont en service depuis plus d'une d\u00e9cennie, les utilisateurs rapportant des performances normales et aucun probl\u00e8me de corrosion notable.<\/p>\n<p><strong>\u00a0<\/strong><\/p>\n<p><strong>Avantage concurrentiel:<\/strong><\/p>\n<p>1. D\u00e9veloppement avanc\u00e9 des mat\u00e9riaux<\/p>\n<ul>\n<li>Combine la haute technologie \u00e9trang\u00e8re avec des d\u00e9cennies d'expertise interne.<\/li>\n<li>Produit par la fusion \u00e0 l'arc, le raffinage VOD, le laminage et le dessin de tuyauterie.<\/li>\n<\/ul>\n<p><strong>\u00a0<\/strong><\/p>\n<p>2. Performance sup\u00e9rieure<\/p>\n<ul>\n<li>Propri\u00e9t\u00e9s m\u00e9caniques am\u00e9lior\u00e9es apr\u00e8s traitement de solution.<\/li>\n<li>Excellente soudabilit\u00e9 et adaptabilit\u00e9 \u00e0 froid\/chaud.<\/li>\n<\/ul>\n<p>&nbsp;<\/p>\n<p>3. Solution sp\u00e9cifique \u00e0 l'industrie<\/p>\n<ul>\n<li>R\u00e9soud la courte dur\u00e9e de vie des \u00e9quipements d'acide sulfurique (haute temp\u00e9rature \/ concentration).<\/li>\n<li>Des brides composites rentables (HD-1 316L\/304).<\/li>\n<\/ul>\n<p>&nbsp;<\/p>\n<p>4. Sp\u00e9cification de soudage<\/p>\n<ul style=\"list-style-type: disc;\">\n<li>Soudage TIG manuel avec des fils de remplissage adapt\u00e9s sur mesure.<\/li>\n<\/ul>","protected":false},"excerpt":{"rendered":"<p>L'acier inoxydable \u00e0 haute teneur en silicium HD-1 est un nouveau mat\u00e9riau r\u00e9sistant \u00e0 la corrosion d\u00e9velopp\u00e9 conjointement par New Hongda et l'Institut de recherche sur les m\u00e9taux de l'Acad\u00e9mie chinoise des sciences. Il pr\u00e9sente d'excellentes performances \u00e0 long terme dans les applications d'acide sulfurique concentr\u00e9 \u00e0 haute temp\u00e9rature.<\/p>","protected":false},"featured_media":2868,"comment_status":"open","ping_status":"closed","template":"","meta":[],"product_brand":[],"product_cat":[34],"product_tag":[],"class_list":{"0":"post-2867","1":"product","2":"type-product","3":"status-publish","4":"has-post-thumbnail","6":"product_cat-material-series","8":"first","9":"instock","10":"shipping-taxable","11":"product-type-simple"},"_links":{"self":[{"href":"https:\/\/www.chinanhd.com\/fr\/wp-json\/wp\/v2\/product\/2867","targetHints":{"allow":["GET"]}}],"collection":[{"href":"https:\/\/www.chinanhd.com\/fr\/wp-json\/wp\/v2\/product"}],"about":[{"href":"https:\/\/www.chinanhd.com\/fr\/wp-json\/wp\/v2\/types\/product"}],"replies":[{"embeddable":true,"href":"https:\/\/www.chinanhd.com\/fr\/wp-json\/wp\/v2\/comments?post=2867"}],"wp:featuredmedia":[{"embeddable":true,"href":"https:\/\/www.chinanhd.com\/fr\/wp-json\/wp\/v2\/media\/2868"}],"wp:attachment":[{"href":"https:\/\/www.chinanhd.com\/fr\/wp-json\/wp\/v2\/media?parent=2867"}],"wp:term":[{"taxonomy":"product_brand","embeddable":true,"href":"https:\/\/www.chinanhd.com\/fr\/wp-json\/wp\/v2\/product_brand?post=2867"},{"taxonomy":"product_cat","embeddable":true,"href":"https:\/\/www.chinanhd.com\/fr\/wp-json\/wp\/v2\/product_cat?post=2867"},{"taxonomy":"product_tag","embeddable":true,"href":"https:\/\/www.chinanhd.com\/fr\/wp-json\/wp\/v2\/product_tag?post=2867"}],"curies":[{"name":"WP","href":"https:\/\/api.w.org\/{rel}","templated":true}]}}