{"id":2896,"date":"2025-04-29T17:33:59","date_gmt":"2025-04-29T09:33:59","guid":{"rendered":"https:\/\/www.chinanhd.com\/?post_type=product&#038;p=2896"},"modified":"2025-12-18T16:44:18","modified_gmt":"2025-12-18T08:44:18","slug":"serie-eh96-chauffage-au-gaz-modele-a-porte-superieure-modele-a-porte-laterale","status":"publish","type":"product","link":"https:\/\/www.chinanhd.com\/fr\/product\/serie-eh96-chauffage-au-gaz-modele-a-porte-superieure-modele-a-porte-laterale\/","title":{"rendered":"S\u00e9rie EH96 Chauffage au gaz"},"content":{"rendered":"<p>L'\u00e9quipement se caract\u00e9rise par une conception rationnelle, une fiabilit\u00e9 op\u00e9rationnelle, une durabilit\u00e9, une \u00e9tanch\u00e9it\u00e9 au gaz et une facilit\u00e9 d'entretien.<\/p>\n<p>&nbsp;<\/p>\n<p><strong>Performance principale<\/strong><\/p>\n<ul>\n<li>Tension : 380V<\/li>\n<li>Type de connexion: \u25b3 , Y<\/li>\n<li>Puissance nominale: 90-4800 kw<\/li>\n<li>Temp\u00e9rature normale \u00e0 l'entr\u00e9e : temp\u00e9rature ambiante \u00e0 400\u2103 (air, gaz SO2 sec)<\/li>\n<li>Temp. \u00e0 la sortie : \u2264550\u2103<\/li>\n<li>Temp. Temp : Modification du nombre de groupes \u00e9lectriques sous tension<\/li>\n<\/ul>\n<p>&nbsp;<\/p>\n<p><strong>Applications:<\/strong><\/p>\n<p>Gaz d'application : air, gaz SO2 sec, gaz de combustion des combustibles<\/p>\n<p>&nbsp;<\/p>\n<p><strong><b>Avantage concurrentiel:<\/b><\/strong><\/p>\n<ul>\n<li>Longue dur\u00e9e de vie. Le nouveau style d'enroulement du fil de r\u00e9sistance fait que plus de 95% \u00e9l\u00e9ments chauffants sont expos\u00e9s dans le flux, et le coefficient de transfert de chaleur est \u00e9lev\u00e9 ; la conception \u00e0 faible charge de surface rend le fil difficile \u00e0 casser.<\/li>\n<li>Remplacement ais\u00e9 des \u00e9l\u00e9ments chauffants ; structure de la porte \u00e0 ouverture rapide.<\/li>\n<li>Poids plus l\u00e9ger ; seulement 1\/3 du four de contr\u00f4le de la m\u00eame puissance, isolant int\u00e9rieur l\u00e9ger avec rev\u00eatement inoxydable anticorrosion.<\/li>\n<li>Temp\u00e9rature \u00e9gale et espac\u00e9e ; le gaz peut \u00eatre chauff\u00e9 uniform\u00e9ment m\u00eame apr\u00e8s l'arr\u00eat d'un \u00e9l\u00e9ment chauffant du groupe.<\/li>\n<li>\u00c9conomie d'\u00e9nergie, augmentation rapide de la temp\u00e9rature et haute efficacit\u00e9.<\/li>\n<li>Faible perte de pression, aussi faible que celle d'un pipeline.<\/li>\n<li>Les barres de transition emp\u00eachent l'\u00e9puisement de l'isolation.<\/li>\n<li>L'emballage \u00e0 haute temp\u00e9rature assure des portes \u00e9tanches.<\/li>\n<\/ul>","protected":false},"excerpt":{"rendered":"<p>Les chauffe-gaz de la s\u00e9rie Eh96 sont con\u00e7us et fabriqu\u00e9s sur la base de l'exp\u00e9rience de production des fours \u00e0 fil de r\u00e9sistance, en analysant les chauffe-gaz domestiques utilis\u00e9s dans le processus de conversion et en absorbant la technologie \u00e9trang\u00e8re. Le chauffe-gaz a re\u00e7u un brevet national. (Brevet n\u00b0 ZL96.2.31961.9)<\/p>","protected":false},"featured_media":2897,"comment_status":"open","ping_status":"closed","template":"","meta":[],"product_brand":[],"product_cat":[29],"product_tag":[],"class_list":{"0":"post-2896","1":"product","2":"type-product","3":"status-publish","4":"has-post-thumbnail","6":"product_cat-equipment-for-sulfuric-acid-industry","8":"first","9":"instock","10":"shipping-taxable","11":"product-type-simple"},"_links":{"self":[{"href":"https:\/\/www.chinanhd.com\/fr\/wp-json\/wp\/v2\/product\/2896","targetHints":{"allow":["GET"]}}],"collection":[{"href":"https:\/\/www.chinanhd.com\/fr\/wp-json\/wp\/v2\/product"}],"about":[{"href":"https:\/\/www.chinanhd.com\/fr\/wp-json\/wp\/v2\/types\/product"}],"replies":[{"embeddable":true,"href":"https:\/\/www.chinanhd.com\/fr\/wp-json\/wp\/v2\/comments?post=2896"}],"wp:featuredmedia":[{"embeddable":true,"href":"https:\/\/www.chinanhd.com\/fr\/wp-json\/wp\/v2\/media\/2897"}],"wp:attachment":[{"href":"https:\/\/www.chinanhd.com\/fr\/wp-json\/wp\/v2\/media?parent=2896"}],"wp:term":[{"taxonomy":"product_brand","embeddable":true,"href":"https:\/\/www.chinanhd.com\/fr\/wp-json\/wp\/v2\/product_brand?post=2896"},{"taxonomy":"product_cat","embeddable":true,"href":"https:\/\/www.chinanhd.com\/fr\/wp-json\/wp\/v2\/product_cat?post=2896"},{"taxonomy":"product_tag","embeddable":true,"href":"https:\/\/www.chinanhd.com\/fr\/wp-json\/wp\/v2\/product_tag?post=2896"}],"curies":[{"name":"WP","href":"https:\/\/api.w.org\/{rel}","templated":true}]}}