{"id":3022,"date":"2025-05-27T13:57:06","date_gmt":"2025-05-27T05:57:06","guid":{"rendered":"https:\/\/www.chinanhd.com\/?post_type=product&#038;p=3022"},"modified":"2025-12-18T16:44:18","modified_gmt":"2025-12-18T08:44:18","slug":"variable-cross-section-obliquity-agitator","status":"publish","type":"product","link":"https:\/\/www.chinanhd.com\/fr\/product\/variable-cross-section-obliquity-agitator\/","title":{"rendered":"Section transversale variable &#038; Agitateur Obliquit\u00e9"},"content":{"rendered":"<p>L'agitateur fournit un flux axial de recirculation \u00e9lev\u00e9 avec un faible taux de cisaillement tout en maintenant une consommation d'\u00e9nergie minimale. Par rapport aux agitateurs PBT classiques \u00e0 45\u00b0, il permet d'obtenir des performances de m\u00e9lange \u00e9quivalentes tout en r\u00e9duisant la consommation d'\u00e9nergie de 40-50%.<\/p>\n<p>&nbsp;<\/p>\n<p>Pour les r\u00e9actions de d\u00e9placement du PA et les industries des m\u00e9taux non ferreux, les cuves de lixiviation n\u00e9cessitent une capacit\u00e9 de pompage \u00e9lev\u00e9e avec des taux de cisaillement contr\u00f4l\u00e9s pour \u00e9viter une rupture excessive des cristaux - un facteur critique pour les processus de filtration et de s\u00e9dimentation ult\u00e9rieurs. Sp\u00e9cialement con\u00e7u pour ces applications, l'agitateur de NHD a \u00e9t\u00e9 largement adopt\u00e9 par les producteurs de PA et de m\u00e9taux non ferreux, faisant preuve d'une efficacit\u00e9 op\u00e9rationnelle exceptionnelle.<\/p>\n<p>&nbsp;<\/p>\n<p><strong>Avantage concurrentiel:<\/strong><\/p>\n<p>NHD poss\u00e8de une gamme compl\u00e8te d'\u00e9quipements de test d'agitation capables de r\u00e9pondre aux exigences exp\u00e9rimentales de diff\u00e9rents fabricants et processus, y compris : les tests \u00e0 l'\u00e9chelle du laboratoire, les tests pilotes et les exp\u00e9riences de mise \u00e0 l'\u00e9chelle.<\/p>\n<p>&nbsp;<\/p>\n<p>Technologies avanc\u00e9es de R&amp;D :<\/p>\n<ul>\n<li>Technologie d'analyse des fluides CFD<\/li>\n<li>Technologie de simulation informatis\u00e9e du m\u00e9lange des fluides CFM<\/li>\n<li>Technologie de v\u00e9locim\u00e9trie laser Doppler LDA<\/li>\n<li>FEA analyse par \u00e9l\u00e9ments finis<\/li>\n<li>CAO Conception 3D<\/li>\n<\/ul>","protected":false},"excerpt":{"rendered":"<p>The agitator delivers high recirculating axial flow with low shear rate while maintaining minimal power consumption. Compared to conventional 45\u00b0 PBT agitators, it achieves equivalent mixing performance while reducing power consumption by 40-50%. &nbsp; For PA displacement reactions and non-ferrous metal industries, leaching tanks require high pumping capacity with controlled shear rates to prevent excessive [&hellip;]<\/p>\n","protected":false},"featured_media":3024,"comment_status":"open","ping_status":"closed","template":"","meta":[],"product_brand":[],"product_cat":[28],"product_tag":[],"class_list":{"0":"post-3022","1":"product","2":"type-product","3":"status-publish","4":"has-post-thumbnail","6":"product_cat-agitatorthickener-series","8":"first","9":"instock","10":"shipping-taxable","11":"product-type-simple"},"_links":{"self":[{"href":"https:\/\/www.chinanhd.com\/fr\/wp-json\/wp\/v2\/product\/3022","targetHints":{"allow":["GET"]}}],"collection":[{"href":"https:\/\/www.chinanhd.com\/fr\/wp-json\/wp\/v2\/product"}],"about":[{"href":"https:\/\/www.chinanhd.com\/fr\/wp-json\/wp\/v2\/types\/product"}],"replies":[{"embeddable":true,"href":"https:\/\/www.chinanhd.com\/fr\/wp-json\/wp\/v2\/comments?post=3022"}],"wp:featuredmedia":[{"embeddable":true,"href":"https:\/\/www.chinanhd.com\/fr\/wp-json\/wp\/v2\/media\/3024"}],"wp:attachment":[{"href":"https:\/\/www.chinanhd.com\/fr\/wp-json\/wp\/v2\/media?parent=3022"}],"wp:term":[{"taxonomy":"product_brand","embeddable":true,"href":"https:\/\/www.chinanhd.com\/fr\/wp-json\/wp\/v2\/product_brand?post=3022"},{"taxonomy":"product_cat","embeddable":true,"href":"https:\/\/www.chinanhd.com\/fr\/wp-json\/wp\/v2\/product_cat?post=3022"},{"taxonomy":"product_tag","embeddable":true,"href":"https:\/\/www.chinanhd.com\/fr\/wp-json\/wp\/v2\/product_tag?post=3022"}],"curies":[{"name":"WP","href":"https:\/\/api.w.org\/{rel}","templated":true}]}}