{"id":3025,"date":"2025-05-27T14:07:15","date_gmt":"2025-05-27T06:07:15","guid":{"rendered":"https:\/\/www.chinanhd.com\/?post_type=product&#038;p=3025"},"modified":"2025-12-18T16:44:18","modified_gmt":"2025-12-18T08:44:18","slug":"side-entry-agitator","status":"publish","type":"product","link":"https:\/\/www.chinanhd.com\/fr\/product\/side-entry-agitator\/","title":{"rendered":"Agitateur \u00e0 entr\u00e9e lat\u00e9rale"},"content":{"rendered":"<p>L'agitateur \u00e0 entr\u00e9e lat\u00e9rale peut \u00eatre utilis\u00e9 dans les r\u00e9servoirs de stockage de liquides \u00e0 grande \u00e9chelle et les r\u00e9servoirs d'huile. Sa consommation d'\u00e9nergie n'est que de 1\/3 \u00e0 2\/3 de celle de l'agitateur central pour les r\u00e9servoirs de liquides de plus de 1000 m\u00b3, avec le m\u00eame effet de m\u00e9lange. L'agitateur \u00e0 entr\u00e9e lat\u00e9rale pr\u00e9sente plusieurs avantages, tels que des co\u00fbts de fabrication et de fondation peu \u00e9lev\u00e9s.<\/p>\n<p>&nbsp;<\/p>\n<p>Cet agitateur emp\u00eache le liquide contenu dans le r\u00e9servoir de s'\u00e9couler \u00e0 l'aide d'un dispositif d'\u00e9tanch\u00e9it\u00e9.<\/p>\n<p>Garniture d'\u00e9tanch\u00e9it\u00e9 de l'arbre et garniture m\u00e9canique :<\/p>\n<ul>\n<li>La conception innovante de la garniture d'\u00e9tanch\u00e9it\u00e9 r\u00e9sout les probl\u00e8mes traditionnels de garniture d'\u00e9tanch\u00e9it\u00e9, am\u00e9liorant de mani\u00e8re significative la capacit\u00e9 de maintenance en ligne, r\u00e9duisant les fuites et minimisant l'usure de la chemise d'arbre.<\/li>\n<li>La garniture m\u00e9canique \u00e0 structure am\u00e9lior\u00e9e r\u00e9sout les probl\u00e8mes de vibration des pales de l'agitateur et de pulsation de l'arbre gr\u00e2ce \u00e0 sa bague d'\u00e9tanch\u00e9it\u00e9 stationnaire haute performance, ce qui se traduit par une plus grande efficacit\u00e9, des co\u00fbts d'exploitation r\u00e9duits et une dur\u00e9e de vie prolong\u00e9e.<\/li>\n<\/ul>\n<p>&nbsp;<\/p>\n<p><strong>Avantage concurrentiel:<\/strong><\/p>\n<p>NHD poss\u00e8de une gamme compl\u00e8te d'\u00e9quipements de test d'agitation capables de r\u00e9pondre aux exigences exp\u00e9rimentales de diff\u00e9rents fabricants et processus, y compris : les tests \u00e0 l'\u00e9chelle du laboratoire, les tests pilotes et les exp\u00e9riences de mise \u00e0 l'\u00e9chelle.<\/p>\n<p>&nbsp;<\/p>\n<p>Technologies avanc\u00e9es de R&amp;D :<\/p>\n<ul>\n<li>Technologie d'analyse des fluides CFD<\/li>\n<li>Technologie de simulation informatis\u00e9e du m\u00e9lange des fluides CFM<\/li>\n<li>Technologie de v\u00e9locim\u00e9trie laser Doppler LDA<\/li>\n<li>FEA analyse par \u00e9l\u00e9ments finis<\/li>\n<li>CAO Conception 3D<\/li>\n<\/ul>","protected":false},"excerpt":{"rendered":"<p>Side-entry agitator can be used in large scale liquid storage tank and oil tank. Its power consumption is only 1\/3 to 2\/3 as center agitator\u2019s for liquid tank above 1000m\u00b3 at the same effect of blending. The side-entry agitator has several advantages, such as low manufacturing and foundation cost. &nbsp; This agitator prevent liquid in [&hellip;]<\/p>\n","protected":false},"featured_media":3028,"comment_status":"open","ping_status":"closed","template":"","meta":[],"product_brand":[],"product_cat":[28],"product_tag":[],"class_list":{"0":"post-3025","1":"product","2":"type-product","3":"status-publish","4":"has-post-thumbnail","6":"product_cat-agitatorthickener-series","8":"first","9":"instock","10":"shipping-taxable","11":"product-type-simple"},"_links":{"self":[{"href":"https:\/\/www.chinanhd.com\/fr\/wp-json\/wp\/v2\/product\/3025","targetHints":{"allow":["GET"]}}],"collection":[{"href":"https:\/\/www.chinanhd.com\/fr\/wp-json\/wp\/v2\/product"}],"about":[{"href":"https:\/\/www.chinanhd.com\/fr\/wp-json\/wp\/v2\/types\/product"}],"replies":[{"embeddable":true,"href":"https:\/\/www.chinanhd.com\/fr\/wp-json\/wp\/v2\/comments?post=3025"}],"wp:featuredmedia":[{"embeddable":true,"href":"https:\/\/www.chinanhd.com\/fr\/wp-json\/wp\/v2\/media\/3028"}],"wp:attachment":[{"href":"https:\/\/www.chinanhd.com\/fr\/wp-json\/wp\/v2\/media?parent=3025"}],"wp:term":[{"taxonomy":"product_brand","embeddable":true,"href":"https:\/\/www.chinanhd.com\/fr\/wp-json\/wp\/v2\/product_brand?post=3025"},{"taxonomy":"product_cat","embeddable":true,"href":"https:\/\/www.chinanhd.com\/fr\/wp-json\/wp\/v2\/product_cat?post=3025"},{"taxonomy":"product_tag","embeddable":true,"href":"https:\/\/www.chinanhd.com\/fr\/wp-json\/wp\/v2\/product_tag?post=3025"}],"curies":[{"name":"WP","href":"https:\/\/api.w.org\/{rel}","templated":true}]}}