{"id":3029,"date":"2025-05-27T14:11:38","date_gmt":"2025-05-27T06:11:38","guid":{"rendered":"https:\/\/www.chinanhd.com\/?post_type=product&#038;p=3029"},"modified":"2025-12-18T16:44:18","modified_gmt":"2025-12-18T08:44:18","slug":"agitator-for-nonferrous-industry-and-beneficiation","status":"publish","type":"product","link":"https:\/\/www.chinanhd.com\/fr\/product\/agitator-for-nonferrous-industry-and-beneficiation\/","title":{"rendered":"Agitateur pour l'industrie des m\u00e9taux non ferreux et l'am\u00e9lioration des proc\u00e9d\u00e9s"},"content":{"rendered":"<p>Dans l'industrie chimique, notre soci\u00e9t\u00e9 con\u00e7oit et fabrique des agitateurs de sp\u00e9cifications et de configurations diverses pour r\u00e9pondre aux exigences de processus tels que le m\u00e9lange de mat\u00e9riaux, la dissolution, le transfert de chaleur, la pr\u00e9paration de suspensions, les r\u00e9actions de polym\u00e9risation et la production de catalyseurs. Pour les applications de traitement des minerais, nos agitateurs sp\u00e9cialement con\u00e7us assurent un m\u00e9lange homog\u00e8ne des boues et une distribution uniforme de la concentration dans les cuves.<\/p>\n<p>&nbsp;<\/p>\n<p><strong>Avantage concurrentiel:<\/strong><\/p>\n<p>NHD poss\u00e8de une gamme compl\u00e8te d'\u00e9quipements de test d'agitation capables de r\u00e9pondre aux exigences exp\u00e9rimentales de diff\u00e9rents fabricants et processus, y compris : les tests \u00e0 l'\u00e9chelle du laboratoire, les tests pilotes et les exp\u00e9riences de mise \u00e0 l'\u00e9chelle.<\/p>\n<p>&nbsp;<\/p>\n<p>Technologies avanc\u00e9es de R&amp;D :<\/p>\n<ul>\n<li>Technologie d'analyse des fluides CFD<\/li>\n<li>Technologie de simulation informatis\u00e9e du m\u00e9lange des fluides CFM<\/li>\n<li>Technologie de v\u00e9locim\u00e9trie laser Doppler LDA<\/li>\n<li>FEA analyse par \u00e9l\u00e9ments finis<\/li>\n<li>CAO Conception 3D<\/li>\n<\/ul>","protected":false},"excerpt":{"rendered":"<p>In the chemical industry, our company designs and manufactures agitators of various specifications and configurations to meet process requirements such as material mixing, dissolution, heat transfer, suspension preparation, polymerization reactions, and catalyst production. For mineral processing applications, our specially designed agitators ensure smooth slurry mixing and uniform concentration distribution in tanks. &nbsp; Competitive Advantage: NHD [&hellip;]<\/p>\n","protected":false},"featured_media":3030,"comment_status":"open","ping_status":"closed","template":"","meta":[],"product_brand":[],"product_cat":[28],"product_tag":[],"class_list":{"0":"post-3029","1":"product","2":"type-product","3":"status-publish","4":"has-post-thumbnail","6":"product_cat-agitatorthickener-series","8":"first","9":"instock","10":"shipping-taxable","11":"product-type-simple"},"_links":{"self":[{"href":"https:\/\/www.chinanhd.com\/fr\/wp-json\/wp\/v2\/product\/3029","targetHints":{"allow":["GET"]}}],"collection":[{"href":"https:\/\/www.chinanhd.com\/fr\/wp-json\/wp\/v2\/product"}],"about":[{"href":"https:\/\/www.chinanhd.com\/fr\/wp-json\/wp\/v2\/types\/product"}],"replies":[{"embeddable":true,"href":"https:\/\/www.chinanhd.com\/fr\/wp-json\/wp\/v2\/comments?post=3029"}],"wp:featuredmedia":[{"embeddable":true,"href":"https:\/\/www.chinanhd.com\/fr\/wp-json\/wp\/v2\/media\/3030"}],"wp:attachment":[{"href":"https:\/\/www.chinanhd.com\/fr\/wp-json\/wp\/v2\/media?parent=3029"}],"wp:term":[{"taxonomy":"product_brand","embeddable":true,"href":"https:\/\/www.chinanhd.com\/fr\/wp-json\/wp\/v2\/product_brand?post=3029"},{"taxonomy":"product_cat","embeddable":true,"href":"https:\/\/www.chinanhd.com\/fr\/wp-json\/wp\/v2\/product_cat?post=3029"},{"taxonomy":"product_tag","embeddable":true,"href":"https:\/\/www.chinanhd.com\/fr\/wp-json\/wp\/v2\/product_tag?post=3029"}],"curies":[{"name":"WP","href":"https:\/\/api.w.org\/{rel}","templated":true}]}}