{"id":3033,"date":"2025-05-27T14:14:38","date_gmt":"2025-05-27T06:14:38","guid":{"rendered":"https:\/\/www.chinanhd.com\/?post_type=product&#038;p=3033"},"modified":"2025-12-18T16:44:18","modified_gmt":"2025-12-18T08:44:18","slug":"extra-long-agitator","status":"publish","type":"product","link":"https:\/\/www.chinanhd.com\/fr\/product\/extra-long-agitator\/","title":{"rendered":"Agitateur extra-long"},"content":{"rendered":"<p>NHD a mis au point un grand agitateur pour un projet de 300 000 tonnes par an, pionnier de la localisation de l'\u00e9quipement en Chine. Dans le m\u00eame temps, nous avons \u00e9tabli un nouveau record d'application d'un agitateur de grande puissance, \u00e0 forte charge et extra-long dans l'industrie.<\/p>\n<p>&nbsp;<\/p>\n<p>NHD a beaucoup investi dans la recherche de nouveaux mat\u00e9riaux pour les agitateurs. Au-del\u00e0 des mat\u00e9riaux standard tels que 304, 304L, 316L, 317L et 904L, NHD a \u00e9galement d\u00e9velopp\u00e9 des dizaines de mat\u00e9riaux sp\u00e9cialis\u00e9s adapt\u00e9s \u00e0 diverses conditions, notamment la temp\u00e9rature, la concentration d'acide\/alcali et la r\u00e9sistance extr\u00eame \u00e0 la corrosion et \u00e0 l'usure, afin de garantir des performances optimales.<\/p>\n<p>&nbsp;<\/p>\n<p><strong>Avantage concurrentiel:<\/strong><\/p>\n<p>NHD poss\u00e8de une gamme compl\u00e8te d'\u00e9quipements de test d'agitation capables de r\u00e9pondre aux exigences exp\u00e9rimentales de diff\u00e9rents fabricants et processus, y compris : les tests \u00e0 l'\u00e9chelle du laboratoire, les tests pilotes et les exp\u00e9riences de mise \u00e0 l'\u00e9chelle.<\/p>\n<p>&nbsp;<\/p>\n<p>Technologies avanc\u00e9es de R&amp;D :<\/p>\n<ul>\n<li>Technologie d'analyse des fluides CFD<\/li>\n<li>Technologie de simulation informatis\u00e9e du m\u00e9lange des fluides CFM<\/li>\n<li>Technologie de v\u00e9locim\u00e9trie laser Doppler LDA<\/li>\n<li>FEA analyse par \u00e9l\u00e9ments finis<\/li>\n<li>CAO Conception 3D<\/li>\n<\/ul>","protected":false},"excerpt":{"rendered":"<p>NHD developed the large agitator for 300,000t\/a PA project, pioneering the localization of the equipment in China. Meanwhile, we set a new record of application of high power, heavy load, extra-long agitator in the industry. &nbsp; NHD has heavily invested in researching new agitator materials. Beyond standard materials like 304, 304L, 316L, 317L, and 904L, [&hellip;]<\/p>\n","protected":false},"featured_media":3034,"comment_status":"open","ping_status":"closed","template":"","meta":[],"product_brand":[],"product_cat":[28],"product_tag":[],"class_list":{"0":"post-3033","1":"product","2":"type-product","3":"status-publish","4":"has-post-thumbnail","6":"product_cat-agitatorthickener-series","8":"first","9":"instock","10":"shipping-taxable","11":"product-type-simple"},"_links":{"self":[{"href":"https:\/\/www.chinanhd.com\/fr\/wp-json\/wp\/v2\/product\/3033","targetHints":{"allow":["GET"]}}],"collection":[{"href":"https:\/\/www.chinanhd.com\/fr\/wp-json\/wp\/v2\/product"}],"about":[{"href":"https:\/\/www.chinanhd.com\/fr\/wp-json\/wp\/v2\/types\/product"}],"replies":[{"embeddable":true,"href":"https:\/\/www.chinanhd.com\/fr\/wp-json\/wp\/v2\/comments?post=3033"}],"wp:featuredmedia":[{"embeddable":true,"href":"https:\/\/www.chinanhd.com\/fr\/wp-json\/wp\/v2\/media\/3034"}],"wp:attachment":[{"href":"https:\/\/www.chinanhd.com\/fr\/wp-json\/wp\/v2\/media?parent=3033"}],"wp:term":[{"taxonomy":"product_brand","embeddable":true,"href":"https:\/\/www.chinanhd.com\/fr\/wp-json\/wp\/v2\/product_brand?post=3033"},{"taxonomy":"product_cat","embeddable":true,"href":"https:\/\/www.chinanhd.com\/fr\/wp-json\/wp\/v2\/product_cat?post=3033"},{"taxonomy":"product_tag","embeddable":true,"href":"https:\/\/www.chinanhd.com\/fr\/wp-json\/wp\/v2\/product_tag?post=3033"}],"curies":[{"name":"WP","href":"https:\/\/api.w.org\/{rel}","templated":true}]}}