{"id":3701,"date":"2025-06-23T14:37:22","date_gmt":"2025-06-23T06:37:22","guid":{"rendered":"https:\/\/www.chinanhd.com\/?post_type=product&#038;p=3701"},"modified":"2025-12-18T16:44:20","modified_gmt":"2025-12-18T08:44:20","slug":"rotary-pan-vacuum-filter-for-alumina","status":"publish","type":"product","link":"https:\/\/www.chinanhd.com\/fr\/product\/rotary-pan-vacuum-filter-for-alumina\/","title":{"rendered":"Filtre \u00e0 vide Pan (pour Alumine)"},"content":{"rendered":"<p>La table de filtre \u00e0 casserole est constitu\u00e9e de dizaines de seaux de filtration en forme de ventilateur, qui forment un anneau de filtration horizontal, et les seaux de filtration sont support\u00e9s sur la couronne d'entra\u00eenement avec une structure de support. La couronne d'entra\u00eenement est soutenue et limit\u00e9e par les rouleaux de support et de centrage. Le pignon de l'unit\u00e9 d'entra\u00eenement fait tourner la table de filtre.<\/p>\n<p>L'anneau int\u00e9rieur d'acier inoxydable fonctionne avec des ceintures en caoutchouc \u00e0 anneau externe pour former une chambre et les barrages peuvent se diviser en plusieurs sections.<\/p>\n<p>Apr\u00e8s l'alimentation, la suspension est aspir\u00e9e et filtr\u00e9e par vide pour former un g\u00e2teau filtrant.<\/p>\n<p>&nbsp;<\/p>\n<p><span style=\"font-size: 14pt;\"><strong>Applications:<\/strong><\/span><\/p>\n<p>Plusieurs mod\u00e8les utilis\u00e9s dans l'industrie de l'alumine, de la m\u00e9tallurgie, de la protection de l'environnement, du lavage du minerai et de la fabrication du papier, etc.<\/p>\n<p><strong>\u00a0<\/strong><\/p>\n<p><span style=\"font-size: 14pt;\"><strong>Avantage concurrentiel:<\/strong><\/span><\/p>\n<p>1. La division scientifique des cellules de filtration, la disposition des rouleaux de centrage et de support, la conception du rouleau de support conique, tout cela contribue \u00e0 une structure de charge uniforme et \u00e0 un fonctionnement stable. La plan\u00e9it\u00e9 de l'ensemble du plateau peut \u00e9galement \u00eatre contr\u00f4l\u00e9e de mani\u00e8re stricte.<\/p>\n<p>2. Multi-am\u00e9lioration r\u00e9gle l'op\u00e9ration dans le minerai de phosphate de faible qualit\u00e9, qui \u00e9largit la gamme d'application du filtre de casserole.<\/p>\n<p>3. La nouvelle buse plate est caract\u00e9ris\u00e9e par une faible consommation d'\u00e9nergie, une force de lavage \u00e9lev\u00e9e et une \u00e9conomie d'eau. Elle sera beaucoup plus efficace avec la cr\u00e9pine anti-blocage des buses.<\/p>\n<p>4. La vanne de distribution centrale inf\u00e9rieure est con\u00e7ue avec une grande obliquit\u00e9 et un \u00e9coulement dirig\u00e9, ce qui peut r\u00e9soudre le probl\u00e8me de l'entartrage ou du blocage du gypse, r\u00e9duire le travail de nettoyage et augmenter consid\u00e9rablement le taux de fonctionnement.<\/p>\n<p>5. La conception du distributeur de d\u00e9bordement \u00e0 plaque r\u00e9glable et du laveur permet d'obtenir une distribution uniforme, un s\u00e9chage du g\u00e2teau et un lavage efficaces.<\/p>\n<p>6. La bande de presse en forme d'arc peut r\u00e9duire l'entartrage de la fente de la bande, raccourcir le temps de remplacement de la toile et augmenter consid\u00e9rablement le taux d'exploitation.<\/p>","protected":false},"excerpt":{"rendered":"<p>The table of pan filter is made of dozens fan-shaped filtration\u00a0buckets, which form a horizontal filtration ring, and the filtration\u00a0buckets are supported on the drive crown with a supporting structure. The drive crown is supported and limited by the supporting and centering rollers. The pinion gear of the drive unit rotates the filter table. The [&hellip;]<\/p>\n","protected":false},"featured_media":3703,"comment_status":"open","ping_status":"closed","template":"","meta":[],"product_brand":[],"product_cat":[15],"product_tag":[],"class_list":{"0":"post-3701","1":"product","2":"type-product","3":"status-publish","4":"has-post-thumbnail","6":"product_cat-filter-series","8":"first","9":"instock","10":"shipping-taxable","11":"product-type-simple"},"_links":{"self":[{"href":"https:\/\/www.chinanhd.com\/fr\/wp-json\/wp\/v2\/product\/3701","targetHints":{"allow":["GET"]}}],"collection":[{"href":"https:\/\/www.chinanhd.com\/fr\/wp-json\/wp\/v2\/product"}],"about":[{"href":"https:\/\/www.chinanhd.com\/fr\/wp-json\/wp\/v2\/types\/product"}],"replies":[{"embeddable":true,"href":"https:\/\/www.chinanhd.com\/fr\/wp-json\/wp\/v2\/comments?post=3701"}],"wp:featuredmedia":[{"embeddable":true,"href":"https:\/\/www.chinanhd.com\/fr\/wp-json\/wp\/v2\/media\/3703"}],"wp:attachment":[{"href":"https:\/\/www.chinanhd.com\/fr\/wp-json\/wp\/v2\/media?parent=3701"}],"wp:term":[{"taxonomy":"product_brand","embeddable":true,"href":"https:\/\/www.chinanhd.com\/fr\/wp-json\/wp\/v2\/product_brand?post=3701"},{"taxonomy":"product_cat","embeddable":true,"href":"https:\/\/www.chinanhd.com\/fr\/wp-json\/wp\/v2\/product_cat?post=3701"},{"taxonomy":"product_tag","embeddable":true,"href":"https:\/\/www.chinanhd.com\/fr\/wp-json\/wp\/v2\/product_tag?post=3701"}],"curies":[{"name":"WP","href":"https:\/\/api.w.org\/{rel}","templated":true}]}}